{"id":125749,"date":"2025-07-30T19:06:11","date_gmt":"2025-07-30T17:06:11","guid":{"rendered":"https:\/\/www.budream.com\/shop\/storzbickel-plenty-tabletop-verdampfer\/"},"modified":"2026-04-23T09:39:13","modified_gmt":"2026-04-23T07:39:13","slug":"storzbickel-plenty-tabletop-verdampfer","status":"publish","type":"product","link":"https:\/\/www.budream.com\/de\/shop\/storzbickel-plenty-tabletop-verdampfer\/","title":{"rendered":"STORZ&amp;BICKEL &#8211; PLENTY | TABLETOP VERDAMPFER"},"content":{"rendered":"<p>Unendliche Entdeckungen. Leistungsstarke Heizung, effiziente K\u00fchlung und eine extra gro\u00dfe F\u00fcllkammer in einem einzigen Handger\u00e4t: <strong>PLENTY<\/strong>. <br \/>Das Ergebnis ist eine F\u00fclle von Dampf mit einem erstklassigen Aroma.<\/p>\n<p>Plenty ist ein leistungsstarker und robuster Handverdampfer mit einem flexiblen Dampf-Inhalationsschlauch. Die Verdampfungstemperaturen des Plenty k\u00f6nnen zwischen 130&deg;C und 200&deg;C gew\u00e4hlt werden. Die genaue H\u00f6he kann mit dem <strong>Thermometer<\/strong> am Verdampfer \u00fcberwacht werden.<br \/>Mit einem Fassungsverm\u00f6gen von 3,4 cm&sup3; bietet die F\u00fcllkammer eine optimale Oberfl\u00e4che f\u00fcr effektives Puffen und eine wirklich hervorragende Verdampfungsqualit\u00e4t, w\u00e4hrend die <strong>K\u00fchlspirale<\/strong> aus Edelstahl den Luftstrom noch gleichm\u00e4\u00dfiger macht, indem sie den Puffwiderstand fast vollst\u00e4ndig eliminiert.<\/p>\n<h2><span style=\"text-decoration: underline\"><strong>Viele Verdampfer-Merkmale:<\/strong><\/span><\/h2>\n<ul style=\"list-style-type: disc\">\n<li>Schnelles Aufheizen (&lt; 1 Minute auf 130 &deg;C);<\/li>\n<li>lebensmittelechte Materialien;<\/li>\n<li>Einstellbare Temperatur zwischen 130 &deg;C und 200 &deg;C;<\/li>\n<li>Doppelhelix-W\u00e4rmetauscher;<\/li>\n<li>Automatische Abschaltung;<\/li>\n<\/ul>\n<h2><span style=\"text-decoration: underline\"><strong>Vieles im Paket enthalten:<\/strong><\/span><\/h2>\n<ul style=\"list-style-type: disc\">\n<li>Plenty Verdampfereinheit;<\/li>\n<li>Gebrauchsanweisung;<\/li>\n<li>1 x Reinigungsb\u00fcrste<\/li>\n<li>3 x Netze;<\/li>\n<li>1 x Kunststoff-Mundst\u00fcck;<\/li>\n<li>2 x Schl\u00e4uche (kurz+lang);<\/li>\n<li>1 x fl\u00fcssiger Tupfer;<\/li>\n<\/ul>\n<p><\/p>\n<div class=\"jarallax\" data-content-type=\"row\" data-appearance=\"full-width\" data-enable-parallax=\"1\" data-parallax-speed=\"0,1\" data-background-images=\"{}\" data-background-type=\"image\" data-video-loop=\"true\" data-video-play-only-visible=\"true\" data-video-lazy-load=\"true\" data-video-fallback-src=\"\" data-element=\"main\" data-pb-style=\"HNH4GKH\" data-jarallax=\"\">\n<div class=\"row-full-width-inner\" data-element=\"inner\">\n<figure data-content-type=\"image\" data-appearance=\"full-width\" data-element=\"main\" data-pb-style=\"KFNNDD5\"><img decoding=\"async\" class=\"pagebuilder-mobile-hidden\" title=\"\" src=\"https:\/\/www.storz-bickel.com\/media\/wysiwyg\/Plenty-RGB.png\" alt=\"\" data-element=\"desktop_image\" data-pb-style=\"T1DDUOR\" \/><\/figure>\n<figure data-content-type=\"image\" data-appearance=\"full-width\" data-element=\"main\" data-pb-style=\"V6K1FRK\"><img decoding=\"async\" class=\"pagebuilder-mobile-hidden\" title=\"\" src=\"https:\/\/www.storz-bickel.com\/media\/wysiwyg\/Plenty_1.jpg\" alt=\"\" data-element=\"desktop_image\" data-pb-style=\"RVOSECI\" \/><\/figure>\n<\/div>\n<\/div>\n<div class=\"jarallax\" data-content-type=\"row\" data-appearance=\"full-width\" data-enable-parallax=\"1\" data-parallax-speed=\"0.5\" data-background-images=\"{}\" data-background-type=\"image\" data-video-loop=\"true\" data-video-play-only-visible=\"true\" data-video-lazy-load=\"true\" data-video-fallback-src=\"\" data-element=\"main\" data-pb-style=\"XUGVTU0\" data-jarallax=\"\">\n<div class=\"row-full-width-inner\" data-element=\"inner\">\n<div data-content-type=\"text\" data-appearance=\"default\" data-element=\"main\" data-pb-style=\"FUECDXC\">\n<h3 data-placeholder=\"Edit Heading Text\" data-contenttype=\"heading\" data-appearance=\"default\" data-element=\"main\">Zugunsten des Aromas.<\/h3>\n<p>Leistungsstarkes Heizen, effizientes K\u00fchlen und eine extra gro\u00dfe F\u00fcllkammer vereint in einem einzigen Handger\u00e4t: PLENTY. Das Ergebnis ist eine F\u00fclle von Dampf mit einem erstklassigen Aroma.<\/p>\n<\/div>\n<\/div>\n<\/div>\n<div data-content-type=\"row\" data-appearance=\"full-width\" data-enable-parallax=\"0\" data-parallax-speed=\"0.5\" data-background-images=\"{}\" data-background-type=\"image\" data-video-loop=\"true\" data-video-play-only-visible=\"true\" data-video-lazy-load=\"true\" data-video-fallback-src=\"\" data-element=\"main\" data-pb-style=\"LMKLCW2\">\n<div class=\"row-full-width-inner\" data-element=\"inner\">\n<div class=\"pagebuilder-column-group\" data-background-images=\"{}\" data-content-type=\"column-group\" data-appearance=\"default\" data-grid-size=\"12\" data-element=\"main\" data-pb-style=\"OCPAX5O\">\n<div class=\"pagebuilder-column-line\" data-content-type=\"column-line\" data-element=\"main\" data-pb-style=\"YKG3TBC\">\n<div class=\"pagebuilder-column\" data-content-type=\"column\" data-appearance=\"full-height\" data-background-images=\"{}\" data-element=\"main\" data-pb-style=\"R6G3JQ3\">\n<div data-content-type=\"text\" data-appearance=\"default\" data-element=\"main\" data-pb-style=\"YW1A4G6\">\n<h3 data-placeholder=\"Edit Heading Text\" data-contenttype=\"heading\" data-appearance=\"default\" data-element=\"main\">Extra Kapazit\u00e4t. Extra Dampf.<\/h3>\n<p>Mit einem Fassungsverm\u00f6gen von 3,4 cm&sup3; bietet die F\u00fcllkammer eine optimale Oberfl\u00e4che f\u00fcr effektives Dampfen und eine wirklich herausragende Qualit\u00e4t der Verdampfung, w\u00e4hrend die K\u00fchlspirale aus Edelstahl den Luftstrom noch gleichm\u00e4\u00dfiger macht und den Widerstand beim Dampfen fast vollst\u00e4ndig eliminiert.<\/p>\n<\/div>\n<\/div>\n<div class=\"pagebuilder-column\" data-content-type=\"column\" data-appearance=\"full-height\" data-background-images=\"{}\" data-element=\"main\" data-pb-style=\"EC27F8T\">\n<figure data-content-type=\"image\" data-appearance=\"full-width\" data-element=\"main\" data-pb-style=\"X2T94AK\"><img decoding=\"async\" class=\"pagebuilder-mobile-hidden\" title=\"\" src=\"https:\/\/www.storz-bickel.com\/media\/wysiwyg\/F_llkammer_Plenty.jpg\" alt=\"\" data-element=\"desktop_image\" data-pb-style=\"YKX140O\" \/><\/figure>\n<\/div>\n<\/div>\n<\/div>\n<\/div>\n<\/div>\n<div data-content-type=\"row\" data-appearance=\"full-width\" data-enable-parallax=\"0\" data-parallax-speed=\"0.5\" data-background-images=\"{}\" data-background-type=\"image\" data-video-loop=\"true\" data-video-play-only-visible=\"true\" data-video-lazy-load=\"true\" data-video-fallback-src=\"\" data-element=\"main\" data-pb-style=\"S537V0H\">\n<div class=\"row-full-width-inner\" data-element=\"inner\">\n<div data-content-type=\"text\" data-appearance=\"default\" data-element=\"main\" data-pb-style=\"V26B8IL\">\n<h3 data-placeholder=\"Edit Heading Text\" data-contenttype=\"heading\" data-appearance=\"default\" data-element=\"main\">Effizienz an erster Stelle.<\/h3>\n<p>Das Modell PLENTY mit seinem unverwechselbaren Design bietet langanhaltenden Verdampfungsgenuss zu einem attraktiven Preis.<\/p>\n<\/div>\n<\/div>\n<\/div>\n<div data-content-type=\"row\" data-appearance=\"full-width\" data-enable-parallax=\"0\" data-parallax-speed=\"0.5\" data-background-images=\"{}\" data-background-type=\"image\" data-video-loop=\"true\" data-video-play-only-visible=\"true\" data-video-lazy-load=\"true\" data-video-fallback-src=\"\" data-element=\"main\" data-pb-style=\"MAQQRPX\">\n<div class=\"row-full-width-inner\" data-element=\"inner\">\n<div class=\"pagebuilder-column-group\" data-background-images=\"{}\" data-content-type=\"column-group\" data-appearance=\"default\" data-grid-size=\"12\" data-element=\"main\" data-pb-style=\"IGLHRE3\">\n<div class=\"pagebuilder-column-line\" data-content-type=\"column-line\" data-element=\"main\" data-pb-style=\"NY3CHJ4\">\n<div class=\"pagebuilder-column\" data-content-type=\"column\" data-appearance=\"full-height\" data-background-images=\"{}\" data-element=\"main\" data-pb-style=\"HRGSMDQ\">\n<figure data-content-type=\"image\" data-appearance=\"full-width\" data-element=\"main\" data-pb-style=\"MI6KA74\"><img decoding=\"async\" class=\"pagebuilder-mobile-hidden\" title=\"\" src=\"https:\/\/www.storz-bickel.com\/media\/wysiwyg\/Heizung_Plenty.jpg\" alt=\"\" data-element=\"desktop_image\" data-pb-style=\"OVA0DOP\" \/><\/figure>\n<\/div>\n<div class=\"pagebuilder-column\" data-content-type=\"column\" data-appearance=\"full-height\" data-background-images=\"{}\" data-element=\"main\" data-pb-style=\"Q6AJ3XQ\">\n<div data-content-type=\"text\" data-appearance=\"default\" data-element=\"main\" data-pb-style=\"GJ4YO6P\">\n<h3 data-placeholder=\"Edit Heading Text\" data-contenttype=\"heading\" data-appearance=\"default\" data-element=\"main\">Sicher und zuverl\u00e4ssig. Rein elektromechanisch.<\/h3>\n<p>Ein auff\u00e4lliges Thermometer zeigt die aktuelle Temperatur an, w\u00e4hrend der interne Bimetall-Thermostat mit unabh\u00e4ngiger Thermosicherung und Abschaltautomatik einen sicheren Betrieb gew\u00e4hrleistet.<\/p>\n<\/div>\n<\/div>\n<\/div>\n<\/div>\n<\/div>\n<\/div>\n","protected":false},"excerpt":{"rendered":"<p>Unendliche Entdeckungen. Leistungsstarke Heizung, effiziente K\u00fchlung und eine extra gro\u00dfe F\u00fcllkammer in einem einzigen Handger\u00e4t: PLENTY. Das Ergebnis ist eine<\/p>\n","protected":false},"featured_media":125723,"comment_status":"open","ping_status":"closed","template":"","meta":[],"product_brand":[],"product_cat":[1179],"product_tag":[],"class_list":{"0":"post-125749","1":"product","2":"type-product","3":"status-publish","4":"has-post-thumbnail","6":"product_cat-vaporizzatori","8":"first","9":"outofstock","10":"taxable","11":"shipping-taxable","12":"purchasable","13":"product-type-simple"},"aioseo_notices":[],"_links":{"self":[{"href":"https:\/\/www.budream.com\/de\/wp-json\/wp\/v2\/product\/125749","targetHints":{"allow":["GET"]}}],"collection":[{"href":"https:\/\/www.budream.com\/de\/wp-json\/wp\/v2\/product"}],"about":[{"href":"https:\/\/www.budream.com\/de\/wp-json\/wp\/v2\/types\/product"}],"replies":[{"embeddable":true,"href":"https:\/\/www.budream.com\/de\/wp-json\/wp\/v2\/comments?post=125749"}],"version-history":[{"count":1,"href":"https:\/\/www.budream.com\/de\/wp-json\/wp\/v2\/product\/125749\/revisions"}],"predecessor-version":[{"id":264465,"href":"https:\/\/www.budream.com\/de\/wp-json\/wp\/v2\/product\/125749\/revisions\/264465"}],"wp:featuredmedia":[{"embeddable":true,"href":"https:\/\/www.budream.com\/de\/wp-json\/wp\/v2\/media\/125723"}],"wp:attachment":[{"href":"https:\/\/www.budream.com\/de\/wp-json\/wp\/v2\/media?parent=125749"}],"wp:term":[{"taxonomy":"product_brand","embeddable":true,"href":"https:\/\/www.budream.com\/de\/wp-json\/wp\/v2\/product_brand?post=125749"},{"taxonomy":"product_cat","embeddable":true,"href":"https:\/\/www.budream.com\/de\/wp-json\/wp\/v2\/product_cat?post=125749"},{"taxonomy":"product_tag","embeddable":true,"href":"https:\/\/www.budream.com\/de\/wp-json\/wp\/v2\/product_tag?post=125749"}],"curies":[{"name":"wp","href":"https:\/\/api.w.org\/{rel}","templated":true}]}}