{"id":125779,"date":"2025-07-30T19:07:11","date_gmt":"2025-07-30T17:07:11","guid":{"rendered":"https:\/\/www.budream.com\/shop\/storzbickel-verdampfungskammer-fuer-fluessigkeiten-mit-einfachem-ventil\/"},"modified":"2026-05-13T11:08:39","modified_gmt":"2026-05-13T09:08:39","slug":"storzbickel-verdampfungskammer-fuer-fluessigkeiten-mit-einfachem-ventil","status":"publish","type":"product","link":"https:\/\/www.budream.com\/de\/shop\/storzbickel-verdampfungskammer-fuer-fluessigkeiten-mit-einfachem-ventil\/","title":{"rendered":"STORZ&amp;BICKEL &#8211; VERDAMPFUNGSKAMMER F\u00dcR FL\u00dcSSIGKEITEN MIT EINFACHEM VENTIL"},"content":{"rendered":"<p>Ersatz Verdampfungskammer mit Konzentrat Pad f\u00fcr Volcano Easy Valve.<\/p>\n<h2><span style=\"text-decoration: underline\"><strong>Storz &amp; Bickel Easy Valve Verdampfungskammer umfasst:<\/strong><\/span><\/h2>\n<ul style=\"list-style-type: disc\">\n<li>Verdampfungskammer;<\/li>\n<li>3 Befestigungsclips;<\/li>\n<li>Netz f\u00fcr Verdunstungskammer;<\/li>\n<li>Reinigungsb\u00fcrste;<\/li>\n<li>2 Fl\u00fcssigkeitspads;<\/li>\n<li>1 blaue Dichtung;<\/li>\n<\/ul>\n","protected":false},"excerpt":{"rendered":"<p>Ersatz Verdampfungskammer mit Konzentrat Pad f\u00fcr Volcano Easy Valve. Storz &amp; Bickel Easy Valve Verdampfungskammer umfasst: Verdampfungskammer; 3 Befestigungsclips; Netz<\/p>\n","protected":false},"featured_media":125768,"comment_status":"open","ping_status":"closed","template":"","meta":[],"product_brand":[],"product_cat":[7907],"product_tag":[],"class_list":{"0":"post-125779","1":"product","2":"type-product","3":"status-publish","4":"has-post-thumbnail","6":"product_cat-verdampfer","8":"first","9":"instock","10":"sale","11":"taxable","12":"shipping-taxable","13":"purchasable","14":"product-type-simple"},"aioseo_notices":[],"_links":{"self":[{"href":"https:\/\/www.budream.com\/de\/wp-json\/wp\/v2\/product\/125779","targetHints":{"allow":["GET"]}}],"collection":[{"href":"https:\/\/www.budream.com\/de\/wp-json\/wp\/v2\/product"}],"about":[{"href":"https:\/\/www.budream.com\/de\/wp-json\/wp\/v2\/types\/product"}],"replies":[{"embeddable":true,"href":"https:\/\/www.budream.com\/de\/wp-json\/wp\/v2\/comments?post=125779"}],"version-history":[{"count":1,"href":"https:\/\/www.budream.com\/de\/wp-json\/wp\/v2\/product\/125779\/revisions"}],"predecessor-version":[{"id":269291,"href":"https:\/\/www.budream.com\/de\/wp-json\/wp\/v2\/product\/125779\/revisions\/269291"}],"wp:featuredmedia":[{"embeddable":true,"href":"https:\/\/www.budream.com\/de\/wp-json\/wp\/v2\/media\/125768"}],"wp:attachment":[{"href":"https:\/\/www.budream.com\/de\/wp-json\/wp\/v2\/media?parent=125779"}],"wp:term":[{"taxonomy":"product_brand","embeddable":true,"href":"https:\/\/www.budream.com\/de\/wp-json\/wp\/v2\/product_brand?post=125779"},{"taxonomy":"product_cat","embeddable":true,"href":"https:\/\/www.budream.com\/de\/wp-json\/wp\/v2\/product_cat?post=125779"},{"taxonomy":"product_tag","embeddable":true,"href":"https:\/\/www.budream.com\/de\/wp-json\/wp\/v2\/product_tag?post=125779"}],"curies":[{"name":"wp","href":"https:\/\/api.w.org\/{rel}","templated":true}]}}