{"id":125794,"date":"2025-07-30T19:07:40","date_gmt":"2025-07-30T17:07:40","guid":{"rendered":"https:\/\/www.budream.com\/shop\/storzbickel-starter-set-leichtes-ventil\/"},"modified":"2025-12-23T15:02:53","modified_gmt":"2025-12-23T13:02:53","slug":"storzbickel-starter-set-leichtes-ventil","status":"publish","type":"product","link":"https:\/\/www.budream.com\/de\/shop\/storzbickel-starter-set-leichtes-ventil\/","title":{"rendered":"STORZ&amp;BICKEL &#8211; STARTER SET LEICHTES VENTIL"},"content":{"rendered":"<p>Die EASY VALVE Flask ist lebensmittelecht, hitzebest\u00e4ndig und geruchsneutral; sie ist in zwei Gr\u00f6\u00dfen erh\u00e4ltlich: Standard und XL. <br \/>Die Inhalation aus der EASY VALVE Flask ist besonders komfortabel, da es praktisch keinen Widerstand beim Einatmen gibt.<\/p>\n<h2><strong><span style=\"text-decoration: underline\">Storz &amp; Bickel Easy Valve Starterset enth\u00e4lt:<\/span><\/strong><\/h2>\n<ul style=\"list-style-type: disc\">\n<li>4 Stk. Easy Valve Fl\u00e4schchen mit Mundst\u00fcck;<\/li>\n<li>1 Stk. Easy-Valve-Kolben mit Adapter;<\/li>\n<li>1 Stk. Easy Valve Verdampfungskammer<\/li>\n<li>3 Stk. Clip f\u00fcr die F\u00fcllkammer;<\/li>\n<li>1 St. Deckelring;<\/li>\n<li>1 Stk. Satz Standard-Filter (ca. &Oslash; 30 mm);<\/li>\n<li>1 Stk. Reinigungsb\u00fcrste;<\/li>\n<\/ul>\n","protected":false},"excerpt":{"rendered":"<p>Die EASY VALVE Flask ist lebensmittelecht, hitzebest\u00e4ndig und geruchsneutral; sie ist in zwei Gr\u00f6\u00dfen erh\u00e4ltlich: Standard und XL. Die Inhalation<\/p>\n","protected":false},"featured_media":125783,"comment_status":"open","ping_status":"closed","template":"","meta":[],"product_brand":[],"product_cat":[7907],"product_tag":[],"class_list":{"0":"post-125794","1":"product","2":"type-product","3":"status-publish","4":"has-post-thumbnail","6":"product_cat-verdampfer","8":"first","9":"instock","10":"sale","11":"taxable","12":"shipping-taxable","13":"purchasable","14":"product-type-simple"},"aioseo_notices":[],"_links":{"self":[{"href":"https:\/\/www.budream.com\/de\/wp-json\/wp\/v2\/product\/125794","targetHints":{"allow":["GET"]}}],"collection":[{"href":"https:\/\/www.budream.com\/de\/wp-json\/wp\/v2\/product"}],"about":[{"href":"https:\/\/www.budream.com\/de\/wp-json\/wp\/v2\/types\/product"}],"replies":[{"embeddable":true,"href":"https:\/\/www.budream.com\/de\/wp-json\/wp\/v2\/comments?post=125794"}],"version-history":[{"count":0,"href":"https:\/\/www.budream.com\/de\/wp-json\/wp\/v2\/product\/125794\/revisions"}],"wp:featuredmedia":[{"embeddable":true,"href":"https:\/\/www.budream.com\/de\/wp-json\/wp\/v2\/media\/125783"}],"wp:attachment":[{"href":"https:\/\/www.budream.com\/de\/wp-json\/wp\/v2\/media?parent=125794"}],"wp:term":[{"taxonomy":"product_brand","embeddable":true,"href":"https:\/\/www.budream.com\/de\/wp-json\/wp\/v2\/product_brand?post=125794"},{"taxonomy":"product_cat","embeddable":true,"href":"https:\/\/www.budream.com\/de\/wp-json\/wp\/v2\/product_cat?post=125794"},{"taxonomy":"product_tag","embeddable":true,"href":"https:\/\/www.budream.com\/de\/wp-json\/wp\/v2\/product_tag?post=125794"}],"curies":[{"name":"wp","href":"https:\/\/api.w.org\/{rel}","templated":true}]}}