{"id":125814,"date":"2025-07-30T19:08:38","date_gmt":"2025-07-30T17:08:38","guid":{"rendered":"https:\/\/www.budream.com\/shop\/xvape-vital-ersatznetze-kit\/"},"modified":"2025-12-23T21:46:59","modified_gmt":"2025-12-23T19:46:59","slug":"xvape-vital-ersatznetze-kit","status":"publish","type":"product","link":"https:\/\/www.budream.com\/de\/shop\/xvape-vital-ersatznetze-kit\/","title":{"rendered":"XVAPE &#8211; VITAL | ERSATZNETZE KIT"},"content":{"rendered":"<p>KIT von Ersatz Netzen f\u00fcr VITAL XVAPE f\u00fcr Heizkammer und Kunststoff Mundst\u00fcck.<\/p>\n<h2><span style=\"text-decoration: underline\">XVAPE &#8211; VITAL | REPLACEMENT NETS KIT umfasst:<\/span><\/h2>\n<ul style=\"list-style-type: disc\">\n<li>2 Netze f\u00fcr Kunststoff-Mundst\u00fcck.<\/li>\n<li>2 Netze f\u00fcr die Heizkammer.<\/li>\n<li>1 Ersatz-Dichtung f\u00fcr Kunststoff-Mundst\u00fcck.<\/li>\n<\/ul>\n","protected":false},"excerpt":{"rendered":"<p>KIT von Ersatz Netzen f\u00fcr VITAL XVAPE f\u00fcr Heizkammer und Kunststoff Mundst\u00fcck. XVAPE &#8211; VITAL | REPLACEMENT NETS KIT umfasst:<\/p>\n","protected":false},"featured_media":125808,"comment_status":"open","ping_status":"closed","template":"","meta":[],"product_brand":[],"product_cat":[7907],"product_tag":[],"class_list":{"0":"post-125814","1":"product","2":"type-product","3":"status-publish","4":"has-post-thumbnail","6":"product_cat-verdampfer","8":"first","9":"instock","10":"sale","11":"taxable","12":"shipping-taxable","13":"purchasable","14":"product-type-simple"},"_links":{"self":[{"href":"https:\/\/www.budream.com\/de\/wp-json\/wp\/v2\/product\/125814","targetHints":{"allow":["GET"]}}],"collection":[{"href":"https:\/\/www.budream.com\/de\/wp-json\/wp\/v2\/product"}],"about":[{"href":"https:\/\/www.budream.com\/de\/wp-json\/wp\/v2\/types\/product"}],"replies":[{"embeddable":true,"href":"https:\/\/www.budream.com\/de\/wp-json\/wp\/v2\/comments?post=125814"}],"version-history":[{"count":0,"href":"https:\/\/www.budream.com\/de\/wp-json\/wp\/v2\/product\/125814\/revisions"}],"wp:featuredmedia":[{"embeddable":true,"href":"https:\/\/www.budream.com\/de\/wp-json\/wp\/v2\/media\/125808"}],"wp:attachment":[{"href":"https:\/\/www.budream.com\/de\/wp-json\/wp\/v2\/media?parent=125814"}],"wp:term":[{"taxonomy":"product_brand","embeddable":true,"href":"https:\/\/www.budream.com\/de\/wp-json\/wp\/v2\/product_brand?post=125814"},{"taxonomy":"product_cat","embeddable":true,"href":"https:\/\/www.budream.com\/de\/wp-json\/wp\/v2\/product_cat?post=125814"},{"taxonomy":"product_tag","embeddable":true,"href":"https:\/\/www.budream.com\/de\/wp-json\/wp\/v2\/product_tag?post=125814"}],"curies":[{"name":"wp","href":"https:\/\/api.w.org\/{rel}","templated":true}]}}