{"id":125844,"date":"2025-07-30T19:10:09","date_gmt":"2025-07-30T17:10:09","guid":{"rendered":"https:\/\/www.budream.com\/shop\/xmax-v2-pro-xvape-reinigungsset\/"},"modified":"2025-12-23T21:45:02","modified_gmt":"2025-12-23T19:45:02","slug":"xmax-v2-pro-xvape-reinigungsset","status":"publish","type":"product","link":"https:\/\/www.budream.com\/de\/shop\/xmax-v2-pro-xvape-reinigungsset\/","title":{"rendered":"XMAX V2 PRO XVAPE REINIGUNGSSET"},"content":{"rendered":"<p>Reinigungsset f\u00fcr XMAX V2 PRO XVAPE bestehend aus:<\/p>\n<p>&#8211; L\u00f6ffel Dabber<br \/>&#8211; B\u00fcrste<br \/>&#8211; Pinzette<\/p>\n","protected":false},"excerpt":{"rendered":"<p>Reinigungsset f\u00fcr XMAX V2 PRO XVAPE bestehend aus: &#8211; L\u00f6ffel Dabber&#8211; B\u00fcrste&#8211; Pinzette<\/p>\n","protected":false},"featured_media":125798,"comment_status":"open","ping_status":"closed","template":"","meta":[],"product_brand":[],"product_cat":[7907],"product_tag":[],"class_list":{"0":"post-125844","1":"product","2":"type-product","3":"status-publish","4":"has-post-thumbnail","6":"product_cat-verdampfer","8":"first","9":"instock","10":"sale","11":"taxable","12":"shipping-taxable","13":"purchasable","14":"product-type-simple"},"aioseo_notices":[],"_links":{"self":[{"href":"https:\/\/www.budream.com\/de\/wp-json\/wp\/v2\/product\/125844","targetHints":{"allow":["GET"]}}],"collection":[{"href":"https:\/\/www.budream.com\/de\/wp-json\/wp\/v2\/product"}],"about":[{"href":"https:\/\/www.budream.com\/de\/wp-json\/wp\/v2\/types\/product"}],"replies":[{"embeddable":true,"href":"https:\/\/www.budream.com\/de\/wp-json\/wp\/v2\/comments?post=125844"}],"version-history":[{"count":0,"href":"https:\/\/www.budream.com\/de\/wp-json\/wp\/v2\/product\/125844\/revisions"}],"wp:featuredmedia":[{"embeddable":true,"href":"https:\/\/www.budream.com\/de\/wp-json\/wp\/v2\/media\/125798"}],"wp:attachment":[{"href":"https:\/\/www.budream.com\/de\/wp-json\/wp\/v2\/media?parent=125844"}],"wp:term":[{"taxonomy":"product_brand","embeddable":true,"href":"https:\/\/www.budream.com\/de\/wp-json\/wp\/v2\/product_brand?post=125844"},{"taxonomy":"product_cat","embeddable":true,"href":"https:\/\/www.budream.com\/de\/wp-json\/wp\/v2\/product_cat?post=125844"},{"taxonomy":"product_tag","embeddable":true,"href":"https:\/\/www.budream.com\/de\/wp-json\/wp\/v2\/product_tag?post=125844"}],"curies":[{"name":"wp","href":"https:\/\/api.w.org\/{rel}","templated":true}]}}