{"id":125854,"date":"2025-07-30T19:10:37","date_gmt":"2025-07-30T17:10:37","guid":{"rendered":"https:\/\/www.budream.com\/shop\/xvape-xmax-v3-akku-18650\/"},"modified":"2026-02-24T14:57:04","modified_gmt":"2026-02-24T12:57:04","slug":"xvape-xmax-v3-akku-18650","status":"publish","type":"product","link":"https:\/\/www.budream.com\/de\/shop\/xvape-xmax-v3-akku-18650\/","title":{"rendered":"XVAPE &#8211; XMAX V3 AKKU &#8211; 18650"},"content":{"rendered":"<h3><span style=\"text-decoration: underline\">Ersatzbatterie 18650 f\u00fcr XVAPE XMAX V3 PRO und V2 PRO:<\/span><\/h3>\n<p>Batterietyp: 18650;<br \/>Kapazit\u00e4t: 2,55 Ah;<br \/>Menge: 1 St\u00fcck;<\/p>\n","protected":false},"excerpt":{"rendered":"<p>Ersatzbatterie 18650 f\u00fcr XVAPE XMAX V3 PRO und V2 PRO: Batterietyp: 18650;Kapazit\u00e4t: 2,55 Ah;Menge: 1 St\u00fcck;<\/p>\n","protected":false},"featured_media":125848,"comment_status":"open","ping_status":"closed","template":"","meta":[],"product_brand":[],"product_cat":[7907],"product_tag":[],"class_list":{"0":"post-125854","1":"product","2":"type-product","3":"status-publish","4":"has-post-thumbnail","6":"product_cat-verdampfer","8":"first","9":"instock","10":"sale","11":"taxable","12":"shipping-taxable","13":"purchasable","14":"product-type-simple"},"aioseo_notices":[],"_links":{"self":[{"href":"https:\/\/www.budream.com\/de\/wp-json\/wp\/v2\/product\/125854","targetHints":{"allow":["GET"]}}],"collection":[{"href":"https:\/\/www.budream.com\/de\/wp-json\/wp\/v2\/product"}],"about":[{"href":"https:\/\/www.budream.com\/de\/wp-json\/wp\/v2\/types\/product"}],"replies":[{"embeddable":true,"href":"https:\/\/www.budream.com\/de\/wp-json\/wp\/v2\/comments?post=125854"}],"version-history":[{"count":0,"href":"https:\/\/www.budream.com\/de\/wp-json\/wp\/v2\/product\/125854\/revisions"}],"wp:featuredmedia":[{"embeddable":true,"href":"https:\/\/www.budream.com\/de\/wp-json\/wp\/v2\/media\/125848"}],"wp:attachment":[{"href":"https:\/\/www.budream.com\/de\/wp-json\/wp\/v2\/media?parent=125854"}],"wp:term":[{"taxonomy":"product_brand","embeddable":true,"href":"https:\/\/www.budream.com\/de\/wp-json\/wp\/v2\/product_brand?post=125854"},{"taxonomy":"product_cat","embeddable":true,"href":"https:\/\/www.budream.com\/de\/wp-json\/wp\/v2\/product_cat?post=125854"},{"taxonomy":"product_tag","embeddable":true,"href":"https:\/\/www.budream.com\/de\/wp-json\/wp\/v2\/product_tag?post=125854"}],"curies":[{"name":"wp","href":"https:\/\/api.w.org\/{rel}","templated":true}]}}