{"id":125884,"date":"2025-07-30T19:11:35","date_gmt":"2025-07-30T17:11:35","guid":{"rendered":"https:\/\/www.budream.com\/shop\/vital-xvape-mundstueck-wasserfilter-adapter-14mm\/"},"modified":"2025-12-23T21:43:02","modified_gmt":"2025-12-23T19:43:02","slug":"vital-xvape-mundstueck-wasserfilter-adapter-14mm","status":"publish","type":"product","link":"https:\/\/www.budream.com\/de\/shop\/vital-xvape-mundstueck-wasserfilter-adapter-14mm\/","title":{"rendered":"VITAL XVAPE MUNDST\u00dcCK WASSERFILTER ADAPTER 14MM"},"content":{"rendered":"<p>Ersatzd\u00fcse f\u00fcr XVAPE VITAL zum Anschluss an Bubbler oder Wasserleitung<br \/>Bajonett-Kupplung.<\/p>\n","protected":false},"excerpt":{"rendered":"<p>Ersatzd\u00fcse f\u00fcr XVAPE VITAL zum Anschluss an Bubbler oder WasserleitungBajonett-Kupplung.<\/p>\n","protected":false},"featured_media":125878,"comment_status":"open","ping_status":"closed","template":"","meta":[],"product_brand":[],"product_cat":[7907],"product_tag":[],"class_list":{"0":"post-125884","1":"product","2":"type-product","3":"status-publish","4":"has-post-thumbnail","6":"product_cat-verdampfer","8":"first","9":"instock","10":"sale","11":"taxable","12":"shipping-taxable","13":"purchasable","14":"product-type-simple"},"aioseo_notices":[],"_links":{"self":[{"href":"https:\/\/www.budream.com\/de\/wp-json\/wp\/v2\/product\/125884","targetHints":{"allow":["GET"]}}],"collection":[{"href":"https:\/\/www.budream.com\/de\/wp-json\/wp\/v2\/product"}],"about":[{"href":"https:\/\/www.budream.com\/de\/wp-json\/wp\/v2\/types\/product"}],"replies":[{"embeddable":true,"href":"https:\/\/www.budream.com\/de\/wp-json\/wp\/v2\/comments?post=125884"}],"version-history":[{"count":0,"href":"https:\/\/www.budream.com\/de\/wp-json\/wp\/v2\/product\/125884\/revisions"}],"wp:featuredmedia":[{"embeddable":true,"href":"https:\/\/www.budream.com\/de\/wp-json\/wp\/v2\/media\/125878"}],"wp:attachment":[{"href":"https:\/\/www.budream.com\/de\/wp-json\/wp\/v2\/media?parent=125884"}],"wp:term":[{"taxonomy":"product_brand","embeddable":true,"href":"https:\/\/www.budream.com\/de\/wp-json\/wp\/v2\/product_brand?post=125884"},{"taxonomy":"product_cat","embeddable":true,"href":"https:\/\/www.budream.com\/de\/wp-json\/wp\/v2\/product_cat?post=125884"},{"taxonomy":"product_tag","embeddable":true,"href":"https:\/\/www.budream.com\/de\/wp-json\/wp\/v2\/product_tag?post=125884"}],"curies":[{"name":"wp","href":"https:\/\/api.w.org\/{rel}","templated":true}]}}