{"id":125894,"date":"2025-07-30T19:13:19","date_gmt":"2025-07-30T17:13:19","guid":{"rendered":"https:\/\/www.budream.com\/shop\/flowermate-pflanzenbehaelter-fuer-die-serien-aura-und-v5\/"},"modified":"2026-04-20T14:15:19","modified_gmt":"2026-04-20T12:15:19","slug":"flowermate-pflanzenbehaelter-fuer-die-serien-aura-und-v5","status":"publish","type":"product","link":"https:\/\/www.budream.com\/de\/shop\/flowermate-pflanzenbehaelter-fuer-die-serien-aura-und-v5\/","title":{"rendered":"FLOWERMATE &#8211; PFLANZENBEH\u00c4LTER F\u00dcR DIE SERIEN AURA UND V5"},"content":{"rendered":"<p>Mit dem <strong>FLOWERMATE-Pflanzenbeh\u00e4lter<\/strong> kannst Du Deine Lieblingskr\u00e4uter konsumieren, ohne die Verdampfungskammer Deines Flowermates zu verschmutzen!<br \/>Dank des praktischen <strong>LOAD X<\/strong> von Flowermate k\u00f6nnen Sie Ihre Kr\u00e4uter auch direkt in den Beh\u00e4lter mahlen und bis zu zwei Kapseln auf einmal nachf\u00fcllen, was Flowermate-Vaporizer perfekt f\u00fcr den Gebrauch au\u00dferhalb des Hauses macht.<\/p>\n<h2><span style=\"text-decoration: underline\">Flowermate-Kr\u00e4uterbeh\u00e4lter:<\/span><\/h2>\n<ul style=\"list-style-type: disc\">\n<li>Mikro-perforierter Stahlbeh\u00e4lter;<\/li>\n<li>Kappe mit Gewinde;<\/li>\n<li>Perfekt f\u00fcr die Verwendung mit dem LOAD X Flowermate;<\/li>\n<li>Kompatibel mit: AURA, HYBRID, HYBRID X, v5, v3 und v7 Serien;<\/li>\n<li>1 St\u00fcck;<\/li>\n<\/ul>\n","protected":false},"excerpt":{"rendered":"<p>Mit dem FLOWERMATE-Pflanzenbeh\u00e4lter kannst Du Deine Lieblingskr\u00e4uter konsumieren, ohne die Verdampfungskammer Deines Flowermates zu verschmutzen!Dank des praktischen LOAD X von<\/p>\n","protected":false},"featured_media":125888,"comment_status":"open","ping_status":"closed","template":"","meta":[],"product_brand":[],"product_cat":[7907],"product_tag":[],"class_list":{"0":"post-125894","1":"product","2":"type-product","3":"status-publish","4":"has-post-thumbnail","6":"product_cat-verdampfer","8":"first","9":"instock","10":"sale","11":"taxable","12":"shipping-taxable","13":"purchasable","14":"product-type-simple"},"aioseo_notices":[],"_links":{"self":[{"href":"https:\/\/www.budream.com\/de\/wp-json\/wp\/v2\/product\/125894","targetHints":{"allow":["GET"]}}],"collection":[{"href":"https:\/\/www.budream.com\/de\/wp-json\/wp\/v2\/product"}],"about":[{"href":"https:\/\/www.budream.com\/de\/wp-json\/wp\/v2\/types\/product"}],"replies":[{"embeddable":true,"href":"https:\/\/www.budream.com\/de\/wp-json\/wp\/v2\/comments?post=125894"}],"version-history":[{"count":0,"href":"https:\/\/www.budream.com\/de\/wp-json\/wp\/v2\/product\/125894\/revisions"}],"wp:featuredmedia":[{"embeddable":true,"href":"https:\/\/www.budream.com\/de\/wp-json\/wp\/v2\/media\/125888"}],"wp:attachment":[{"href":"https:\/\/www.budream.com\/de\/wp-json\/wp\/v2\/media?parent=125894"}],"wp:term":[{"taxonomy":"product_brand","embeddable":true,"href":"https:\/\/www.budream.com\/de\/wp-json\/wp\/v2\/product_brand?post=125894"},{"taxonomy":"product_cat","embeddable":true,"href":"https:\/\/www.budream.com\/de\/wp-json\/wp\/v2\/product_cat?post=125894"},{"taxonomy":"product_tag","embeddable":true,"href":"https:\/\/www.budream.com\/de\/wp-json\/wp\/v2\/product_tag?post=125894"}],"curies":[{"name":"wp","href":"https:\/\/api.w.org\/{rel}","templated":true}]}}