{"id":125924,"date":"2025-07-30T19:13:49","date_gmt":"2025-07-30T17:13:49","guid":{"rendered":"https:\/\/www.budream.com\/shop\/flowermate-aura-verdampfer\/"},"modified":"2026-04-20T14:15:45","modified_gmt":"2026-04-20T12:15:45","slug":"flowermate-aura-verdampfer","status":"publish","type":"product","link":"https:\/\/www.budream.com\/de\/shop\/flowermate-aura-verdampfer\/","title":{"rendered":"FLOWERMATE &#8211; AURA VERDAMPFER"},"content":{"rendered":"<p>Der <strong>Flowermate Aura<\/strong> vereint Funktionalit\u00e4t und Komfort in einem Verdampfer: Er kann sowohl trockene Pflanzen als auch Konzentrate verdampfen und ist mit einer sehr tiefen Keramik-Heizkammer ausgestattet, die einen starken W\u00e4rmefluss erzeugen kann. Es ist unm\u00f6glich, mit diesem Verdampfer Verbrennungstemperaturen zu erreichen.<\/p>\n<p><strong>Neue Version 2024 mit USB-C Ladeeingang f\u00fcr schnelleres Aufladen! <\/strong><\/p>\n<p>Der Aura ist einer der effizientesten tragbaren Verdampfer von Flowermate.<\/p>\n<h2><strong><span style=\"text-decoration: underline\">Flowermate Aura Verdampfer Merkmale<\/span>:<\/strong><\/h2>\n<ul style=\"list-style-type: disc\">\n<li><strong>Schnelles Aufw\u00e4rmen:<\/strong> Einmal eingeschaltet, erreicht der Aura die eingestellte Temperatur in weniger als einer Minute. Das beleuchtete Display und die Tasten erm\u00f6glichen es dem Benutzer, die Temperatur pr\u00e4zise und einfach einzustellen.<\/li>\n<li><strong>Elegantes Design:<\/strong> Der Aura ist als diskretes und tragbares Ger\u00e4t konzipiert. Dank seiner schlanken und kompakten Stiftform mit einer L\u00e4nge von 15 cm l\u00e4sst sich der Vaporizer auf Reisen leicht in einer Tasche transportieren.<\/li>\n<li><strong>Lange Akkulaufzeit:<\/strong> Dank des Samsung\/LG-Akkus kann der Aura zwei Stunden lang ununterbrochen verwendet werden.<\/li>\n<li><strong>Doppelte Funktionalit\u00e4t:<\/strong> Der Flowermate Aura kann sowohl trockene als auch konzentrierte Wachse und Fl\u00fcssigkeiten verdampfen. Dank seiner Edelstahlscheiben und Kapseln f\u00fcr Konzentrate und Liquids (mit einem Docht aus Bio-Baumwolle) kann die Heizkammer schnell an das angepasst werden, was Sie verdampfen m\u00f6chten, auch unterwegs!<\/li>\n<\/ul>\n<p><strong><br \/><span style=\"text-decoration: underline\">IN DER BOX ENTHALTEN:<\/span><\/strong><\/p>\n<ul style=\"list-style-type: disc\">\n<li>Aura Verdampfer<\/li>\n<li>Aura Mundst\u00fcck<\/li>\n<li>Fach f\u00fcr Liquids\/Konzentrate (aus Bio-Baumwolle)<\/li>\n<li>Edelstahl-Kapsel<\/li>\n<li>5 Netze aus rostfreiem Stahl<\/li>\n<li>Lade- und Dabberwerkzeug<\/li>\n<li>Reinigungsb\u00fcrste<\/li>\n<li>USB-Kabel<\/li>\n<li>Garantie-Informationskarte<\/li>\n<li>Gebrauchsanweisung<\/li>\n<\/ul>\n","protected":false},"excerpt":{"rendered":"<p>Der Flowermate Aura vereint Funktionalit\u00e4t und Komfort in einem Verdampfer: Er kann sowohl trockene Pflanzen als auch Konzentrate verdampfen und<\/p>\n","protected":false},"featured_media":125898,"comment_status":"open","ping_status":"closed","template":"","meta":[],"product_brand":[],"product_cat":[7907],"product_tag":[],"class_list":{"0":"post-125924","1":"product","2":"type-product","3":"status-publish","4":"has-post-thumbnail","6":"product_cat-verdampfer","8":"first","9":"instock","10":"sale","11":"taxable","12":"shipping-taxable","13":"purchasable","14":"product-type-simple"},"aioseo_notices":[],"_links":{"self":[{"href":"https:\/\/www.budream.com\/de\/wp-json\/wp\/v2\/product\/125924","targetHints":{"allow":["GET"]}}],"collection":[{"href":"https:\/\/www.budream.com\/de\/wp-json\/wp\/v2\/product"}],"about":[{"href":"https:\/\/www.budream.com\/de\/wp-json\/wp\/v2\/types\/product"}],"replies":[{"embeddable":true,"href":"https:\/\/www.budream.com\/de\/wp-json\/wp\/v2\/comments?post=125924"}],"version-history":[{"count":0,"href":"https:\/\/www.budream.com\/de\/wp-json\/wp\/v2\/product\/125924\/revisions"}],"wp:featuredmedia":[{"embeddable":true,"href":"https:\/\/www.budream.com\/de\/wp-json\/wp\/v2\/media\/125898"}],"wp:attachment":[{"href":"https:\/\/www.budream.com\/de\/wp-json\/wp\/v2\/media?parent=125924"}],"wp:term":[{"taxonomy":"product_brand","embeddable":true,"href":"https:\/\/www.budream.com\/de\/wp-json\/wp\/v2\/product_brand?post=125924"},{"taxonomy":"product_cat","embeddable":true,"href":"https:\/\/www.budream.com\/de\/wp-json\/wp\/v2\/product_cat?post=125924"},{"taxonomy":"product_tag","embeddable":true,"href":"https:\/\/www.budream.com\/de\/wp-json\/wp\/v2\/product_tag?post=125924"}],"curies":[{"name":"wp","href":"https:\/\/api.w.org\/{rel}","templated":true}]}}