{"id":125934,"date":"2025-07-30T19:14:19","date_gmt":"2025-07-30T17:14:19","guid":{"rendered":"https:\/\/www.budream.com\/shop\/flowermate-mundstueck-netze-2-stueck\/"},"modified":"2026-04-20T14:16:05","modified_gmt":"2026-04-20T12:16:05","slug":"flowermate-mundstueck-netze-2-stueck","status":"publish","type":"product","link":"https:\/\/www.budream.com\/de\/shop\/flowermate-mundstueck-netze-2-stueck\/","title":{"rendered":"FLOWERMATE &#8211; MUNDST\u00dcCK NETZE | 2 ST\u00dcCK"},"content":{"rendered":"<p>Ersatznetz f\u00fcr Flowermate Mundst\u00fcck.<br \/>Perfekt f\u00fcr die Teilenummern: GLASSHYBRID und VA2759 (AURA Kunststoffmundst\u00fcck).<br \/>2 St\u00fcck.<\/p>\n","protected":false},"excerpt":{"rendered":"<p>Ersatznetz f\u00fcr Flowermate Mundst\u00fcck.Perfekt f\u00fcr die Teilenummern: GLASSHYBRID und VA2759 (AURA Kunststoffmundst\u00fcck).2 St\u00fcck.<\/p>\n","protected":false},"featured_media":125928,"comment_status":"open","ping_status":"closed","template":"","meta":[],"product_brand":[],"product_cat":[7907],"product_tag":[],"class_list":{"0":"post-125934","1":"product","2":"type-product","3":"status-publish","4":"has-post-thumbnail","6":"product_cat-verdampfer","8":"first","9":"instock","10":"sale","11":"taxable","12":"shipping-taxable","13":"purchasable","14":"product-type-simple"},"_links":{"self":[{"href":"https:\/\/www.budream.com\/de\/wp-json\/wp\/v2\/product\/125934","targetHints":{"allow":["GET"]}}],"collection":[{"href":"https:\/\/www.budream.com\/de\/wp-json\/wp\/v2\/product"}],"about":[{"href":"https:\/\/www.budream.com\/de\/wp-json\/wp\/v2\/types\/product"}],"replies":[{"embeddable":true,"href":"https:\/\/www.budream.com\/de\/wp-json\/wp\/v2\/comments?post=125934"}],"version-history":[{"count":0,"href":"https:\/\/www.budream.com\/de\/wp-json\/wp\/v2\/product\/125934\/revisions"}],"wp:featuredmedia":[{"embeddable":true,"href":"https:\/\/www.budream.com\/de\/wp-json\/wp\/v2\/media\/125928"}],"wp:attachment":[{"href":"https:\/\/www.budream.com\/de\/wp-json\/wp\/v2\/media?parent=125934"}],"wp:term":[{"taxonomy":"product_brand","embeddable":true,"href":"https:\/\/www.budream.com\/de\/wp-json\/wp\/v2\/product_brand?post=125934"},{"taxonomy":"product_cat","embeddable":true,"href":"https:\/\/www.budream.com\/de\/wp-json\/wp\/v2\/product_cat?post=125934"},{"taxonomy":"product_tag","embeddable":true,"href":"https:\/\/www.budream.com\/de\/wp-json\/wp\/v2\/product_tag?post=125934"}],"curies":[{"name":"wp","href":"https:\/\/api.w.org\/{rel}","templated":true}]}}