{"id":125964,"date":"2025-07-30T19:16:33","date_gmt":"2025-07-30T17:16:33","guid":{"rendered":"https:\/\/www.budream.com\/shop\/flowermate-reinigungsbuerste\/"},"modified":"2026-04-20T14:16:53","modified_gmt":"2026-04-20T12:16:53","slug":"flowermate-reinigungsbuerste","status":"publish","type":"product","link":"https:\/\/www.budream.com\/de\/shop\/flowermate-reinigungsbuerste\/","title":{"rendered":"FLOWERMATE &#8211; REINIGUNGSB\u00dcRSTE"},"content":{"rendered":"<p>Ersatz-Reinigungsb\u00fcrste f\u00fcr Flowermate.<br \/>1 St\u00fcck.<\/p>\n","protected":false},"excerpt":{"rendered":"<p>Ersatz-Reinigungsb\u00fcrste f\u00fcr Flowermate.1 St\u00fcck.<\/p>\n","protected":false},"featured_media":125958,"comment_status":"open","ping_status":"closed","template":"","meta":[],"product_brand":[],"product_cat":[7907],"product_tag":[],"class_list":{"0":"post-125964","1":"product","2":"type-product","3":"status-publish","4":"has-post-thumbnail","6":"product_cat-verdampfer","8":"first","9":"instock","10":"sale","11":"taxable","12":"shipping-taxable","13":"purchasable","14":"product-type-simple"},"_links":{"self":[{"href":"https:\/\/www.budream.com\/de\/wp-json\/wp\/v2\/product\/125964","targetHints":{"allow":["GET"]}}],"collection":[{"href":"https:\/\/www.budream.com\/de\/wp-json\/wp\/v2\/product"}],"about":[{"href":"https:\/\/www.budream.com\/de\/wp-json\/wp\/v2\/types\/product"}],"replies":[{"embeddable":true,"href":"https:\/\/www.budream.com\/de\/wp-json\/wp\/v2\/comments?post=125964"}],"version-history":[{"count":0,"href":"https:\/\/www.budream.com\/de\/wp-json\/wp\/v2\/product\/125964\/revisions"}],"wp:featuredmedia":[{"embeddable":true,"href":"https:\/\/www.budream.com\/de\/wp-json\/wp\/v2\/media\/125958"}],"wp:attachment":[{"href":"https:\/\/www.budream.com\/de\/wp-json\/wp\/v2\/media?parent=125964"}],"wp:term":[{"taxonomy":"product_brand","embeddable":true,"href":"https:\/\/www.budream.com\/de\/wp-json\/wp\/v2\/product_brand?post=125964"},{"taxonomy":"product_cat","embeddable":true,"href":"https:\/\/www.budream.com\/de\/wp-json\/wp\/v2\/product_cat?post=125964"},{"taxonomy":"product_tag","embeddable":true,"href":"https:\/\/www.budream.com\/de\/wp-json\/wp\/v2\/product_tag?post=125964"}],"curies":[{"name":"wp","href":"https:\/\/api.w.org\/{rel}","templated":true}]}}