{"id":125989,"date":"2025-07-30T19:17:35","date_gmt":"2025-07-30T17:17:35","guid":{"rendered":"https:\/\/www.budream.com\/shop\/sensi-seeds-bank-super-skunk-reg-10-samen\/"},"modified":"2026-03-21T12:23:14","modified_gmt":"2026-03-21T10:23:14","slug":"sensi-seeds-bank-super-skunk-reg-10-samen","status":"publish","type":"product","link":"https:\/\/www.budream.com\/de\/shop\/sensi-seeds-bank-super-skunk-reg-10-samen\/","title":{"rendered":"SENSI SEEDS BANK &#8211; SUPER SKUNK REG | 10 SAMEN"},"content":{"rendered":"<p><strong>SUPER SKUNK<\/strong> ist ein Indica-dominanter Hybrid, der k\u00f6rperliche Entspannung mit reichlich Ertr\u00e4gen verbindet von SENSI SEEDS BANK. Verf\u00fcgbar in Packungen mit 10 Samen regul\u00e4r. Im Anbau, bl\u00fcht schnell in 7-9 Wochen und bietet au\u00dfergew\u00f6hnlich reichlich Ertr\u00e4ge.<\/p>\n","protected":false},"excerpt":{"rendered":"<p>\ud83c\udf3f SUPER SKUNK von SENSI SEEDS BANK \u00b7 \ud83e\uddec Indica Dominant (60%+) \u00b7 \ud83c\udfc6 Ertrag XXL.<\/p>\n","protected":false},"featured_media":197182,"comment_status":"open","ping_status":"closed","template":"","meta":[],"product_brand":[],"product_cat":[7952],"product_tag":[8510,8526,10125,10126,10133],"class_list":{"0":"post-125989","1":"product","2":"type-product","3":"status-publish","4":"has-post-thumbnail","6":"product_cat-seedshop-de","7":"product_tag-indica","8":"product_tag-sensi-seeds-bank","9":"product_tag-ertrag-xxl","10":"product_tag-cannabis-samen","11":"product_tag-super-skunk-reg-10-samen","13":"first","14":"outofstock","15":"taxable","16":"shipping-taxable","17":"purchasable","18":"product-type-simple"},"_links":{"self":[{"href":"https:\/\/www.budream.com\/de\/wp-json\/wp\/v2\/product\/125989","targetHints":{"allow":["GET"]}}],"collection":[{"href":"https:\/\/www.budream.com\/de\/wp-json\/wp\/v2\/product"}],"about":[{"href":"https:\/\/www.budream.com\/de\/wp-json\/wp\/v2\/types\/product"}],"replies":[{"embeddable":true,"href":"https:\/\/www.budream.com\/de\/wp-json\/wp\/v2\/comments?post=125989"}],"version-history":[{"count":1,"href":"https:\/\/www.budream.com\/de\/wp-json\/wp\/v2\/product\/125989\/revisions"}],"predecessor-version":[{"id":258670,"href":"https:\/\/www.budream.com\/de\/wp-json\/wp\/v2\/product\/125989\/revisions\/258670"}],"wp:featuredmedia":[{"embeddable":true,"href":"https:\/\/www.budream.com\/de\/wp-json\/wp\/v2\/media\/197182"}],"wp:attachment":[{"href":"https:\/\/www.budream.com\/de\/wp-json\/wp\/v2\/media?parent=125989"}],"wp:term":[{"taxonomy":"product_brand","embeddable":true,"href":"https:\/\/www.budream.com\/de\/wp-json\/wp\/v2\/product_brand?post=125989"},{"taxonomy":"product_cat","embeddable":true,"href":"https:\/\/www.budream.com\/de\/wp-json\/wp\/v2\/product_cat?post=125989"},{"taxonomy":"product_tag","embeddable":true,"href":"https:\/\/www.budream.com\/de\/wp-json\/wp\/v2\/product_tag?post=125989"}],"curies":[{"name":"wp","href":"https:\/\/api.w.org\/{rel}","templated":true}]}}