{"id":126069,"date":"2025-07-30T19:24:05","date_gmt":"2025-07-30T17:24:05","guid":{"rendered":"https:\/\/www.budream.com\/shop\/storzbickel-mundstueckset-fuer-mighty-und-crafty-4-stueck\/"},"modified":"2025-12-23T14:53:36","modified_gmt":"2025-12-23T12:53:36","slug":"storzbickel-mundstueckset-fuer-mighty-und-crafty-4-stueck","status":"publish","type":"product","link":"https:\/\/www.budream.com\/de\/shop\/storzbickel-mundstueckset-fuer-mighty-und-crafty-4-stueck\/","title":{"rendered":"STORZ&amp;BICKEL &#8211; MUNDST\u00dcCKSET F\u00dcR MIGHTY+ UND CRAFTY+ | 4 ST\u00dcCK"},"content":{"rendered":"<p>Satz von 4 Mundst\u00fccken f\u00fcr die K\u00fchleinheit.<\/p>\n<p><strong>Geeignet f\u00fcr:<\/strong><\/p>\n<ul>\n<li>CRAFTY<\/li>\n<li>CRAFTY+<\/li>\n<li>MIGHTY<\/li>\n<li>MIGHTY+<\/li>\n<\/ul>\n","protected":false},"excerpt":{"rendered":"<p>Satz von 4 Mundst\u00fccken f\u00fcr die K\u00fchleinheit. Geeignet f\u00fcr: CRAFTY CRAFTY+ MIGHTY MIGHTY+<\/p>\n","protected":false},"featured_media":126058,"comment_status":"open","ping_status":"closed","template":"","meta":[],"product_brand":[],"product_cat":[7907],"product_tag":[],"class_list":{"0":"post-126069","1":"product","2":"type-product","3":"status-publish","4":"has-post-thumbnail","6":"product_cat-verdampfer","8":"first","9":"instock","10":"taxable","11":"shipping-taxable","12":"purchasable","13":"product-type-simple"},"aioseo_notices":[],"_links":{"self":[{"href":"https:\/\/www.budream.com\/de\/wp-json\/wp\/v2\/product\/126069","targetHints":{"allow":["GET"]}}],"collection":[{"href":"https:\/\/www.budream.com\/de\/wp-json\/wp\/v2\/product"}],"about":[{"href":"https:\/\/www.budream.com\/de\/wp-json\/wp\/v2\/types\/product"}],"replies":[{"embeddable":true,"href":"https:\/\/www.budream.com\/de\/wp-json\/wp\/v2\/comments?post=126069"}],"version-history":[{"count":0,"href":"https:\/\/www.budream.com\/de\/wp-json\/wp\/v2\/product\/126069\/revisions"}],"wp:featuredmedia":[{"embeddable":true,"href":"https:\/\/www.budream.com\/de\/wp-json\/wp\/v2\/media\/126058"}],"wp:attachment":[{"href":"https:\/\/www.budream.com\/de\/wp-json\/wp\/v2\/media?parent=126069"}],"wp:term":[{"taxonomy":"product_brand","embeddable":true,"href":"https:\/\/www.budream.com\/de\/wp-json\/wp\/v2\/product_brand?post=126069"},{"taxonomy":"product_cat","embeddable":true,"href":"https:\/\/www.budream.com\/de\/wp-json\/wp\/v2\/product_cat?post=126069"},{"taxonomy":"product_tag","embeddable":true,"href":"https:\/\/www.budream.com\/de\/wp-json\/wp\/v2\/product_tag?post=126069"}],"curies":[{"name":"wp","href":"https:\/\/api.w.org\/{rel}","templated":true}]}}