{"id":126099,"date":"2025-07-30T19:25:04","date_gmt":"2025-07-30T17:25:04","guid":{"rendered":"https:\/\/www.budream.com\/shop\/storzbickel-aira-filter-fuer-volcano-classic-2-stueck\/"},"modified":"2026-05-13T11:23:33","modified_gmt":"2026-05-13T09:23:33","slug":"storzbickel-aira-filter-fuer-volcano-classic-2-stueck","status":"publish","type":"product","link":"https:\/\/www.budream.com\/de\/shop\/storzbickel-aira-filter-fuer-volcano-classic-2-stueck\/","title":{"rendered":"STORZ&amp;BICKEL &#8211; AIRA FILTER F\u00dcR VOLCANO CLASSIC | 2 ST\u00dcCK"},"content":{"rendered":"<p>Enth\u00e4lt zwei Ersatz-Luftfilter f\u00fcr die Volcano Cassic und Digit Modelle.<br \/>Die Luftfilter sollten je nach Nutzung regelm\u00e4\u00dfig ausgetauscht werden.<br \/>Diese Filter passen nicht f\u00fcr Volcano Hybrid.<\/p>\n<p><strong>Geeignet f\u00fcr:<\/strong><\/p>\n<ul>\n<li>Volcano Digit;<\/li>\n<li>Volcano Klassisch;<\/li>\n<\/ul>\n","protected":false},"excerpt":{"rendered":"<p>Enth\u00e4lt zwei Ersatz-Luftfilter f\u00fcr die Volcano Cassic und Digit Modelle.Die Luftfilter sollten je nach Nutzung regelm\u00e4\u00dfig ausgetauscht werden.Diese Filter passen<\/p>\n","protected":false},"featured_media":126093,"comment_status":"open","ping_status":"closed","template":"","meta":[],"product_brand":[],"product_cat":[7907],"product_tag":[],"class_list":{"0":"post-126099","1":"product","2":"type-product","3":"status-publish","4":"has-post-thumbnail","6":"product_cat-verdampfer","8":"first","9":"instock","10":"sale","11":"taxable","12":"shipping-taxable","13":"purchasable","14":"product-type-simple"},"aioseo_notices":[],"_links":{"self":[{"href":"https:\/\/www.budream.com\/de\/wp-json\/wp\/v2\/product\/126099","targetHints":{"allow":["GET"]}}],"collection":[{"href":"https:\/\/www.budream.com\/de\/wp-json\/wp\/v2\/product"}],"about":[{"href":"https:\/\/www.budream.com\/de\/wp-json\/wp\/v2\/types\/product"}],"replies":[{"embeddable":true,"href":"https:\/\/www.budream.com\/de\/wp-json\/wp\/v2\/comments?post=126099"}],"version-history":[{"count":0,"href":"https:\/\/www.budream.com\/de\/wp-json\/wp\/v2\/product\/126099\/revisions"}],"wp:featuredmedia":[{"embeddable":true,"href":"https:\/\/www.budream.com\/de\/wp-json\/wp\/v2\/media\/126093"}],"wp:attachment":[{"href":"https:\/\/www.budream.com\/de\/wp-json\/wp\/v2\/media?parent=126099"}],"wp:term":[{"taxonomy":"product_brand","embeddable":true,"href":"https:\/\/www.budream.com\/de\/wp-json\/wp\/v2\/product_brand?post=126099"},{"taxonomy":"product_cat","embeddable":true,"href":"https:\/\/www.budream.com\/de\/wp-json\/wp\/v2\/product_cat?post=126099"},{"taxonomy":"product_tag","embeddable":true,"href":"https:\/\/www.budream.com\/de\/wp-json\/wp\/v2\/product_tag?post=126099"}],"curies":[{"name":"wp","href":"https:\/\/api.w.org\/{rel}","templated":true}]}}