{"id":126119,"date":"2025-07-30T19:26:01","date_gmt":"2025-07-30T17:26:01","guid":{"rendered":"https:\/\/www.budream.com\/shop\/green-house-seed-co-white-widow-autoflowering-fem-5-samen\/"},"modified":"2026-04-27T12:13:05","modified_gmt":"2026-04-27T10:13:05","slug":"green-house-seed-co-white-widow-autoflowering-fem-5-samen","status":"publish","type":"product","link":"https:\/\/www.budream.com\/de\/shop\/green-house-seed-co-white-widow-autoflowering-fem-5-samen\/","title":{"rendered":"GREEN HOUSE SEED CO. &#8211; WHITE WIDOW AUTOFLOWERING FEM | 5 SAMEN"},"content":{"rendered":"<p>Greenhouse Seeds brachte die erste White Widow in den 1990er Jahren auf den Markt und war damit weltweit erfolgreich. In der Folge beschloss Greenhouse Seeds, die Bed\u00fcrfnisse der Liebhaber von Autoflowering-Sorten zu befriedigen. Sie kreuzten die White Widow mit einer hochwertigen Ruderalis und erhielten die White Widow Auto. Die Eigenschaften der alten Schule, die der White Widow ihren legend\u00e4ren Status verliehen, gingen bei der Hybridisierung nicht verloren.<\/p>\n<h2><strong>Eigenschaften White Widow Autoflowering Fem:<\/p>\n<p><\/strong><\/h2>\n<ul style=\"list-style-type: disc\">\n<li><strong>Gattung:<\/strong> Autoflowering Feminisierter Hybrid<\/li>\n<li><strong>Genotyp:<\/strong> Indica 40%\/ Sativa 40%\/ Ruderalis 20%<\/li>\n<li><strong>Genetik<\/strong>: White Wiodw x Ruderalis<\/li>\n<li><strong>Tage:<\/strong> 49- 56<\/li>\n<\/ul>\n<p><span style=\"font-size: 11pt\"><em><strong>ACHTUNG:<\/strong> Hanfsamen fallen nicht unter den Rechtsbegriff Cannabis, was bedeutet, dass sie nicht als Bet\u00e4ubungsmittel gelten (L. 412 von 1974, Art. 1, Absatz 1, Buchstabe B; Einheits\u00fcbereinkommen \u00fcber Suchtstoffe von New York von 1961 und Tabelle II des Ministerialerlasses vom 27.7.1992). In Italien ist der Anbau von Hanf verboten (Artikel 28 und 73 des Pr\u00e4sidialdekrets 309\/90), es sei denn, es liegt eine Sondergenehmigung vor (Artikel 17 des Pr\u00e4sidialdekrets 309\/90). In Ermangelung einer solchen Genehmigung darf das Saatgut nur f\u00fcr andere Zwecke verwendet werden (zootechnische Zwecke, Sammeln usw.). Das Saatgut wird unter dem Vorbehalt verkauft, dass es nicht von Dritten im Widerspruch zu den gesetzlichen Bestimmungen verwendet wird.<\/em><\/span><\/p>\n","protected":false},"excerpt":{"rendered":"<p>\ud83c\udf3f WHITE WIDOW AUTOFLOWERING von GREEN HOUSE SEED CO. \u00b7 \ud83e\uddec Indica \/ Sativa \u00b7 \ud83d\udcaa THC hoch (Hoch (15\u201319\u202f%)) \u00b7 \ud83d\udce6 Ertrag XL.<\/p>\n","protected":false},"featured_media":244558,"comment_status":"open","ping_status":"closed","template":"","meta":[],"product_brand":[],"product_cat":[7952],"product_tag":[8510,8511,8533,9931,10126,10128,10139,10140],"class_list":{"0":"post-126119","1":"product","2":"type-product","3":"status-publish","4":"has-post-thumbnail","6":"product_cat-seedshop-de","7":"product_tag-indica","8":"product_tag-sativa","9":"product_tag-green-house-seed-co","10":"product_tag-hybrid","11":"product_tag-cannabis-samen","12":"product_tag-feminisierte-samen","13":"product_tag-white-widow-autoflowering-fem-5-samen","14":"product_tag-thc-hoch","16":"first","17":"instock","18":"sale","19":"taxable","20":"shipping-taxable","21":"purchasable","22":"product-type-simple"},"_links":{"self":[{"href":"https:\/\/www.budream.com\/de\/wp-json\/wp\/v2\/product\/126119","targetHints":{"allow":["GET"]}}],"collection":[{"href":"https:\/\/www.budream.com\/de\/wp-json\/wp\/v2\/product"}],"about":[{"href":"https:\/\/www.budream.com\/de\/wp-json\/wp\/v2\/types\/product"}],"replies":[{"embeddable":true,"href":"https:\/\/www.budream.com\/de\/wp-json\/wp\/v2\/comments?post=126119"}],"version-history":[{"count":2,"href":"https:\/\/www.budream.com\/de\/wp-json\/wp\/v2\/product\/126119\/revisions"}],"predecessor-version":[{"id":260577,"href":"https:\/\/www.budream.com\/de\/wp-json\/wp\/v2\/product\/126119\/revisions\/260577"}],"wp:featuredmedia":[{"embeddable":true,"href":"https:\/\/www.budream.com\/de\/wp-json\/wp\/v2\/media\/244558"}],"wp:attachment":[{"href":"https:\/\/www.budream.com\/de\/wp-json\/wp\/v2\/media?parent=126119"}],"wp:term":[{"taxonomy":"product_brand","embeddable":true,"href":"https:\/\/www.budream.com\/de\/wp-json\/wp\/v2\/product_brand?post=126119"},{"taxonomy":"product_cat","embeddable":true,"href":"https:\/\/www.budream.com\/de\/wp-json\/wp\/v2\/product_cat?post=126119"},{"taxonomy":"product_tag","embeddable":true,"href":"https:\/\/www.budream.com\/de\/wp-json\/wp\/v2\/product_tag?post=126119"}],"curies":[{"name":"wp","href":"https:\/\/api.w.org\/{rel}","templated":true}]}}