{"id":126144,"date":"2025-07-30T19:27:00","date_gmt":"2025-07-30T17:27:00","guid":{"rendered":"https:\/\/www.budream.com\/shop\/storzbickel-verdampfungskammer-fuer-plenty\/"},"modified":"2025-12-23T14:44:45","modified_gmt":"2025-12-23T12:44:45","slug":"storzbickel-verdampfungskammer-fuer-plenty","status":"publish","type":"product","link":"https:\/\/www.budream.com\/de\/shop\/storzbickel-verdampfungskammer-fuer-plenty\/","title":{"rendered":"STORZ&amp;BICKEL &#8211; VERDAMPFUNGSKAMMER F\u00dcR PLENTY"},"content":{"rendered":"<p>Ersatz-Dampfkammer f\u00fcr Plenty Vapouriser.<br \/>Der Beh\u00e4lter hat einen optimierten F\u00fcllkammerdurchmesser und zeichnet sich durch seinen Bajonettverschluss und seine Benutzerfreundlichkeit aus.<br \/><strong>Der Kapselverkleinerer ist nicht enthalten.<\/strong><\/p>\n","protected":false},"excerpt":{"rendered":"<p>Ersatz-Dampfkammer f\u00fcr Plenty Vapouriser.Der Beh\u00e4lter hat einen optimierten F\u00fcllkammerdurchmesser und zeichnet sich durch seinen Bajonettverschluss und seine Benutzerfreundlichkeit aus.Der Kapselverkleinerer<\/p>\n","protected":false},"featured_media":126128,"comment_status":"open","ping_status":"closed","template":"","meta":[],"product_brand":[],"product_cat":[7907],"product_tag":[],"class_list":{"0":"post-126144","1":"product","2":"type-product","3":"status-publish","4":"has-post-thumbnail","6":"product_cat-verdampfer","8":"first","9":"instock","10":"sale","11":"taxable","12":"shipping-taxable","13":"purchasable","14":"product-type-simple"},"_links":{"self":[{"href":"https:\/\/www.budream.com\/de\/wp-json\/wp\/v2\/product\/126144","targetHints":{"allow":["GET"]}}],"collection":[{"href":"https:\/\/www.budream.com\/de\/wp-json\/wp\/v2\/product"}],"about":[{"href":"https:\/\/www.budream.com\/de\/wp-json\/wp\/v2\/types\/product"}],"replies":[{"embeddable":true,"href":"https:\/\/www.budream.com\/de\/wp-json\/wp\/v2\/comments?post=126144"}],"version-history":[{"count":0,"href":"https:\/\/www.budream.com\/de\/wp-json\/wp\/v2\/product\/126144\/revisions"}],"wp:featuredmedia":[{"embeddable":true,"href":"https:\/\/www.budream.com\/de\/wp-json\/wp\/v2\/media\/126128"}],"wp:attachment":[{"href":"https:\/\/www.budream.com\/de\/wp-json\/wp\/v2\/media?parent=126144"}],"wp:term":[{"taxonomy":"product_brand","embeddable":true,"href":"https:\/\/www.budream.com\/de\/wp-json\/wp\/v2\/product_brand?post=126144"},{"taxonomy":"product_cat","embeddable":true,"href":"https:\/\/www.budream.com\/de\/wp-json\/wp\/v2\/product_cat?post=126144"},{"taxonomy":"product_tag","embeddable":true,"href":"https:\/\/www.budream.com\/de\/wp-json\/wp\/v2\/product_tag?post=126144"}],"curies":[{"name":"wp","href":"https:\/\/api.w.org\/{rel}","templated":true}]}}