{"id":126204,"date":"2025-07-30T19:29:26","date_gmt":"2025-07-30T17:29:26","guid":{"rendered":"https:\/\/www.budream.com\/shop\/secret-smoke-secretbox-trockenextraktor-fuer-pollen-mit-einstellbarer-geschwindigkeit\/"},"modified":"2026-03-24T18:46:11","modified_gmt":"2026-03-24T16:46:11","slug":"secret-smoke-secretbox-trockenextraktor-fuer-pollen-mit-einstellbarer-geschwindigkeit","status":"publish","type":"product","link":"https:\/\/www.budream.com\/de\/shop\/secret-smoke-secretbox-trockenextraktor-fuer-pollen-mit-einstellbarer-geschwindigkeit\/","title":{"rendered":"SECRET SMOKE &#8211; SECRETBOX TROCKENEXTRAKTOR F\u00dcR POLLEN MIT EINSTELLBARER GESCHWINDIGKEIT"},"content":{"rendered":"<p>Dieser mechanische Rotationsextraktor wird zum Extrahieren von Pollen und Trockensieben aus Bl\u00fctenst\u00e4nden oder Schnittabf\u00e4llen verwendet.<br \/>Das Material wird einfach in die Trommel gelegt, die Trommel in den Extraktor gestellt und angeschlossen; die Maschengr\u00f6\u00dfe, die Zeit und die Geschwindigkeit der Rotation bestimmen die Qualit\u00e4t des Endprodukts.<br \/>Es wird empfohlen, das Material vor dem Einsetzen in den Zylinder in den Gefrierschrank zu legen: Die K\u00e4lte beg\u00fcnstigt die Abl\u00f6sung der Trichome und verk\u00fcrzt die Extraktionszeit.<\/p>\n<p>Separat erh\u00e4ltliche Ersatzmaschen: 100 Mikrometer (SSBOXR) und 220 Mikrometer (SSBOXR2)<\/p>\n<h2><span style=\"text-decoration: underline\">Eigenschaften Secretbox Secret smoke dry extractor:<\/span><\/h2>\n<ul style=\"list-style-type: disc\">\n<li>Gr\u00f6\u00dfe des Extraktors: 40x30x28,5h cm;<\/li>\n<li>Fassungsverm\u00f6gen der Trommel: 150g;<\/li>\n<li>Gr\u00f6\u00dfe der Trommel:<\/li>\n<li>L\u00e4nge: 27cm;<\/li>\n<li>Durchmesser: 20cm ;<\/li>\n<li>Maschenweite: 220micron;<\/li>\n<li>Einstellbare Rotationsgeschwindigkeit;<\/li>\n<\/ul>\n","protected":false},"excerpt":{"rendered":"<p>Dieser mechanische Rotationsextraktor wird zum Extrahieren von Pollen und Trockensieben aus Bl\u00fctenst\u00e4nden oder Schnittabf\u00e4llen verwendet.Das Material wird einfach in die<\/p>\n","protected":false},"featured_media":126188,"comment_status":"open","ping_status":"closed","template":"","meta":[],"product_brand":[],"product_cat":[7947],"product_tag":[],"class_list":{"0":"post-126204","1":"product","2":"type-product","3":"status-publish","4":"has-post-thumbnail","6":"product_cat-headshop-de","8":"first","9":"instock","10":"taxable","11":"shipping-taxable","12":"purchasable","13":"product-type-simple"},"aioseo_notices":[],"_links":{"self":[{"href":"https:\/\/www.budream.com\/de\/wp-json\/wp\/v2\/product\/126204","targetHints":{"allow":["GET"]}}],"collection":[{"href":"https:\/\/www.budream.com\/de\/wp-json\/wp\/v2\/product"}],"about":[{"href":"https:\/\/www.budream.com\/de\/wp-json\/wp\/v2\/types\/product"}],"replies":[{"embeddable":true,"href":"https:\/\/www.budream.com\/de\/wp-json\/wp\/v2\/comments?post=126204"}],"version-history":[{"count":0,"href":"https:\/\/www.budream.com\/de\/wp-json\/wp\/v2\/product\/126204\/revisions"}],"wp:featuredmedia":[{"embeddable":true,"href":"https:\/\/www.budream.com\/de\/wp-json\/wp\/v2\/media\/126188"}],"wp:attachment":[{"href":"https:\/\/www.budream.com\/de\/wp-json\/wp\/v2\/media?parent=126204"}],"wp:term":[{"taxonomy":"product_brand","embeddable":true,"href":"https:\/\/www.budream.com\/de\/wp-json\/wp\/v2\/product_brand?post=126204"},{"taxonomy":"product_cat","embeddable":true,"href":"https:\/\/www.budream.com\/de\/wp-json\/wp\/v2\/product_cat?post=126204"},{"taxonomy":"product_tag","embeddable":true,"href":"https:\/\/www.budream.com\/de\/wp-json\/wp\/v2\/product_tag?post=126204"}],"curies":[{"name":"wp","href":"https:\/\/api.w.org\/{rel}","templated":true}]}}