{"id":126224,"date":"2025-07-30T19:30:24","date_gmt":"2025-07-30T17:30:24","guid":{"rendered":"https:\/\/www.budream.com\/shop\/bioki-natural-barrier-soap-100gr\/"},"modified":"2026-01-20T16:39:02","modified_gmt":"2026-01-20T14:39:02","slug":"bioki-natural-barrier-soap-100gr","status":"publish","type":"product","link":"https:\/\/www.budream.com\/de\/shop\/bioki-natural-barrier-soap-100gr\/","title":{"rendered":"BIOKI &#8211; NATURAL BARRIER SOAP | 100gr"},"content":{"rendered":"<div class=\"jw-strip jw-strip--default jw-strip--style-color jw-strip--primary jw-strip--color-default jw-strip--padding-start\">\n<div class=\"jw-strip__content-container\">\n<div class=\"jw-strip__content jw-responsive\">\n<div id=\"\" class=\"product-page js-product-container js-product-container--generated\" title=\"\" data-webshop-product=\"{\" data-is-detail-view=\"1\">\n<div class=\"product-page__container\">\n<div class=\"product-page__description\">\n<p>Kann im Obstbau (Pfirsich, Aprikose, Pflaume, Kirsche, Wein, Zitrone und Zitrusfr\u00fcchte im Allgemeinen), im Gartenbau (Salat, Spinat, Sellerie, Fenchel, Basilikum, Tomate, Paprika, Aubergine, Erdbeere usw.) und im Gartenbau (Hecken, Blumen und Zierpflanzen) verwendet werden.<br \/>und Zierpflanzen).<br \/><strong>ANWENDUNGSDOSEN<\/strong> (Menge pro 10 Liter Wasser):<br \/>Winterbehandlungen: 120-150 g;<br \/>Behandlungen im Fr\u00fchjahr und Sommer: 80-120 g;<br \/>Vorbeugende Phase: 1 Behandlung alle 15 Tage.<br \/>Kurative Phase: 1 Behandlung alle 3-4 Tage bis zum Verschwinden der Symptome.<\/p>\n<\/div>\n<\/div>\n<\/div>\n<\/div>\n<\/div>\n<\/div>\n<div class=\"product-page__content\">\n<div id=\"jw-element-372309746\" class=\"jw-tree-node jw-element jw-strip-root jw-tree-container\" data-jw-element-id=\"372309746\">\n<div id=\"jw-element-372309747\" class=\"jw-tree-node jw-element jw-strip jw-tree-container jw-strip--default jw-strip--style-color jw-strip--color-default jw-strip--padding-both jw-node-is-first-child jw-strip--primary jw-node-is-last-child\" data-jw-element-id=\"372309747\">\n<div class=\"jw-strip__content-container\">\n<div class=\"jw-strip__content jw-responsive\">\n<div id=\"jw-element-372309912\" class=\"jw-tree-node jw-element jw-image-text jw-node-is-first-child\" data-jw-element-id=\"372309912\">\n<div class=\"jw-element-imagetext-text\">\n<p>STARK <strong>UND REGENERIEREND:<\/strong> Schmierseife ist stark gegen unerw\u00fcnschte Pflanzenwirte wie Insekten im Allgemeinen, Pilze, Kryptogamen, Bakterien und Viren. UND sanft zu den Pflanzen, da sie die nat\u00fcrlichen Abwehrkr\u00e4fte gegen Stress durch Parasitenbefall, W\u00e4rme- und Wasserungleichgewichte verbessert.<\/p>\n<p><strong>ANWENDUNG<\/strong>: Schmierseife kann das ganze Jahr \u00fcber bei Pflanzen mit Raupen, Blattl\u00e4usen, Wolll\u00e4usen, Thripsen und Pilzbefall (Blattflecken) verwendet werden. Auch geeignet f\u00fcr Blattwaschungen bei Pflanzen, die durch Parasitenbefall begiftet sind (Zitrusfr\u00fcchte, Zitronen, Lorbeer, Olivenb\u00e4ume). Auch speziell zur Entfernung von Parasitenausscheidungen (Honigtau).<br \/>Geeignet f\u00fcr den biologischen und nat\u00fcrlichen Anbau.<\/p>\n<p>Die Honigtau-Waschseife von Molle hinterl\u00e4sst keine sch\u00e4dlichen R\u00fcckst\u00e4nde auf den Pflanzen, da sie vollst\u00e4ndig biologisch abbaubar ist und daher auch noch am Tag der Ernte verwendet werden kann.<\/p>\n<\/div>\n<\/div>\n<\/div>\n<\/div>\n<\/div>\n<\/div>\n<\/div>\n<p>VERPACKUNG 100 g-Glas.<\/p>\n","protected":false},"excerpt":{"rendered":"<p>Kann im Obstbau (Pfirsich, Aprikose, Pflaume, Kirsche, Wein, Zitrone und Zitrusfr\u00fcchte im Allgemeinen), im Gartenbau (Salat, Spinat, Sellerie, Fenchel, Basilikum,<\/p>\n","protected":false},"featured_media":126218,"comment_status":"open","ping_status":"closed","template":"","meta":[],"product_brand":[],"product_cat":[7929],"product_tag":[],"class_list":{"0":"post-126224","1":"product","2":"type-product","3":"status-publish","4":"has-post-thumbnail","6":"product_cat-pflanzenschutz-und-abwehr","8":"first","9":"instock","10":"taxable","11":"shipping-taxable","12":"purchasable","13":"product-type-simple"},"_links":{"self":[{"href":"https:\/\/www.budream.com\/de\/wp-json\/wp\/v2\/product\/126224","targetHints":{"allow":["GET"]}}],"collection":[{"href":"https:\/\/www.budream.com\/de\/wp-json\/wp\/v2\/product"}],"about":[{"href":"https:\/\/www.budream.com\/de\/wp-json\/wp\/v2\/types\/product"}],"replies":[{"embeddable":true,"href":"https:\/\/www.budream.com\/de\/wp-json\/wp\/v2\/comments?post=126224"}],"version-history":[{"count":0,"href":"https:\/\/www.budream.com\/de\/wp-json\/wp\/v2\/product\/126224\/revisions"}],"wp:featuredmedia":[{"embeddable":true,"href":"https:\/\/www.budream.com\/de\/wp-json\/wp\/v2\/media\/126218"}],"wp:attachment":[{"href":"https:\/\/www.budream.com\/de\/wp-json\/wp\/v2\/media?parent=126224"}],"wp:term":[{"taxonomy":"product_brand","embeddable":true,"href":"https:\/\/www.budream.com\/de\/wp-json\/wp\/v2\/product_brand?post=126224"},{"taxonomy":"product_cat","embeddable":true,"href":"https:\/\/www.budream.com\/de\/wp-json\/wp\/v2\/product_cat?post=126224"},{"taxonomy":"product_tag","embeddable":true,"href":"https:\/\/www.budream.com\/de\/wp-json\/wp\/v2\/product_tag?post=126224"}],"curies":[{"name":"wp","href":"https:\/\/api.w.org\/{rel}","templated":true}]}}