{"id":126269,"date":"2025-07-30T19:34:26","date_gmt":"2025-07-30T17:34:26","guid":{"rendered":"https:\/\/www.budream.com\/shop\/storzbickel-easy-valve-pad-set-2-stueck\/"},"modified":"2026-02-19T16:45:05","modified_gmt":"2026-02-19T14:45:05","slug":"storzbickel-easy-valve-pad-set-2-stueck","status":"publish","type":"product","link":"https:\/\/www.budream.com\/de\/shop\/storzbickel-easy-valve-pad-set-2-stueck\/","title":{"rendered":"STORZ&amp;BICKEL &#8211; EASY VALVE PAD SET | 2 ST\u00dcCK"},"content":{"rendered":"<p>Easy Valve Pad Sets werden verwendet, um kleine Mengen von <strong>Konzentraten<\/strong>, Beats und Extrakten in Volcano Vaporizern mit Easy Valve zu verdampfen.<\/p>\n<p>Das Filling Pad kann auch als<strong>L\u00fcckenf\u00fcller<\/strong> verwendet werden, um zu verhindern, dass kleine Mengen von Kr\u00e4utern in der F\u00fcllkammer herumgewirbelt werden.<\/p>\n<p>Dar\u00fcber hinaus kann das Filling Pad auch als Tr\u00e4ger f\u00fcr sehr fein gemahlene Kr\u00e4uter verwendet werden, damit kleine Partikel nicht durch die L\u00f6cher in der F\u00fcllkammer fallen.<\/p>\n<p>&Oslash; 28 x 4 mm<\/p>\n","protected":false},"excerpt":{"rendered":"<p>Easy Valve Pad Sets werden verwendet, um kleine Mengen von Konzentraten, Beats und Extrakten in Volcano Vaporizern mit Easy Valve<\/p>\n","protected":false},"featured_media":126258,"comment_status":"open","ping_status":"closed","template":"","meta":[],"product_brand":[],"product_cat":[1179],"product_tag":[],"class_list":{"0":"post-126269","1":"product","2":"type-product","3":"status-publish","4":"has-post-thumbnail","6":"product_cat-vaporizzatori","8":"first","9":"instock","10":"taxable","11":"shipping-taxable","12":"purchasable","13":"product-type-simple"},"aioseo_notices":[],"_links":{"self":[{"href":"https:\/\/www.budream.com\/de\/wp-json\/wp\/v2\/product\/126269","targetHints":{"allow":["GET"]}}],"collection":[{"href":"https:\/\/www.budream.com\/de\/wp-json\/wp\/v2\/product"}],"about":[{"href":"https:\/\/www.budream.com\/de\/wp-json\/wp\/v2\/types\/product"}],"replies":[{"embeddable":true,"href":"https:\/\/www.budream.com\/de\/wp-json\/wp\/v2\/comments?post=126269"}],"version-history":[{"count":0,"href":"https:\/\/www.budream.com\/de\/wp-json\/wp\/v2\/product\/126269\/revisions"}],"wp:featuredmedia":[{"embeddable":true,"href":"https:\/\/www.budream.com\/de\/wp-json\/wp\/v2\/media\/126258"}],"wp:attachment":[{"href":"https:\/\/www.budream.com\/de\/wp-json\/wp\/v2\/media?parent=126269"}],"wp:term":[{"taxonomy":"product_brand","embeddable":true,"href":"https:\/\/www.budream.com\/de\/wp-json\/wp\/v2\/product_brand?post=126269"},{"taxonomy":"product_cat","embeddable":true,"href":"https:\/\/www.budream.com\/de\/wp-json\/wp\/v2\/product_cat?post=126269"},{"taxonomy":"product_tag","embeddable":true,"href":"https:\/\/www.budream.com\/de\/wp-json\/wp\/v2\/product_tag?post=126269"}],"curies":[{"name":"wp","href":"https:\/\/api.w.org\/{rel}","templated":true}]}}