{"id":126394,"date":"2025-07-30T19:43:10","date_gmt":"2025-07-30T17:43:10","guid":{"rendered":"https:\/\/www.budream.com\/shop\/kenex-matrix-digitalwaage-mx100-max-100-gramm-schritt-001g\/"},"modified":"2026-03-23T16:25:11","modified_gmt":"2026-03-23T14:25:11","slug":"kenex-matrix-digitalwaage-mx100-max-100-gramm-schritt-001g","status":"publish","type":"product","link":"https:\/\/www.budream.com\/de\/shop\/kenex-matrix-digitalwaage-mx100-max-100-gramm-schritt-001g\/","title":{"rendered":"KENEX &#8211; MATRIX DIGITALWAAGE MX100 | MAX 100 GRAMM SCHRITT 0,01G"},"content":{"rendered":"<p>Eine sehr kleine Waage mit schlanken Linien und gl\u00e4nzender Oberfl\u00e4che, mit unglaublich genauen und zuverl\u00e4ssigen Messwerten und in jedermanns wirtschaftlicher Reichweite galt einst als unm\u00f6glich: Heute ist dies m\u00f6glich dank Matrix, der Waage mit abnehmbarem Deckel, der w\u00e4hrend des Gebrauchs bequem als Tablett verwendet werden kann!<\/p>\n<h2><span style=\"text-decoration: underline\">Merkmale der digitalen Waage Matrix von Kenex:<br \/><\/span><\/h2>\n<ul style=\"list-style-type: disc\">\n<li>Digitale Waage;<\/li>\n<li>Messbereich: max. 100g;<\/li>\n<li>Schrittgenauigkeit: 0,01g;<\/li>\n<li>Robustes, leichtes Au\u00dfengeh\u00e4use;<\/li>\n<li>Abnehmbarer Deckel, der auch als Tablett dient;<\/li>\n<li>Erh\u00e4ltlich in verschiedenen Farben: schwarz und silber;<\/li>\n<li>Automatische digitale Tarierung und Kalibrierung;<\/li>\n<li>\u00dcberlastungsschutz;<\/li>\n<li>4 W\u00e4gemodi: g\/oz\/ozt\/dwt;<\/li>\n<\/ul>\n","protected":false},"excerpt":{"rendered":"<p>Eine sehr kleine Waage mit schlanken Linien und gl\u00e4nzender Oberfl\u00e4che, mit unglaublich genauen und zuverl\u00e4ssigen Messwerten und in jedermanns wirtschaftlicher<\/p>\n","protected":false},"featured_media":126378,"comment_status":"open","ping_status":"closed","template":"","meta":[],"product_brand":[],"product_cat":[7947],"product_tag":[],"class_list":{"0":"post-126394","1":"product","2":"type-product","3":"status-publish","4":"has-post-thumbnail","6":"product_cat-headshop-de","8":"first","9":"instock","10":"taxable","11":"shipping-taxable","12":"purchasable","13":"product-type-simple"},"aioseo_notices":[],"_links":{"self":[{"href":"https:\/\/www.budream.com\/de\/wp-json\/wp\/v2\/product\/126394","targetHints":{"allow":["GET"]}}],"collection":[{"href":"https:\/\/www.budream.com\/de\/wp-json\/wp\/v2\/product"}],"about":[{"href":"https:\/\/www.budream.com\/de\/wp-json\/wp\/v2\/types\/product"}],"replies":[{"embeddable":true,"href":"https:\/\/www.budream.com\/de\/wp-json\/wp\/v2\/comments?post=126394"}],"version-history":[{"count":0,"href":"https:\/\/www.budream.com\/de\/wp-json\/wp\/v2\/product\/126394\/revisions"}],"wp:featuredmedia":[{"embeddable":true,"href":"https:\/\/www.budream.com\/de\/wp-json\/wp\/v2\/media\/126378"}],"wp:attachment":[{"href":"https:\/\/www.budream.com\/de\/wp-json\/wp\/v2\/media?parent=126394"}],"wp:term":[{"taxonomy":"product_brand","embeddable":true,"href":"https:\/\/www.budream.com\/de\/wp-json\/wp\/v2\/product_brand?post=126394"},{"taxonomy":"product_cat","embeddable":true,"href":"https:\/\/www.budream.com\/de\/wp-json\/wp\/v2\/product_cat?post=126394"},{"taxonomy":"product_tag","embeddable":true,"href":"https:\/\/www.budream.com\/de\/wp-json\/wp\/v2\/product_tag?post=126394"}],"curies":[{"name":"wp","href":"https:\/\/api.w.org\/{rel}","templated":true}]}}