{"id":126404,"date":"2025-07-30T19:43:55","date_gmt":"2025-07-30T17:43:55","guid":{"rendered":"https:\/\/www.budream.com\/shop\/kenex-digitale-zaehlwaage-ktt3000-max-3000-gramm-schritt-01g\/"},"modified":"2026-05-13T11:36:51","modified_gmt":"2026-05-13T09:36:51","slug":"kenex-digitale-zaehlwaage-ktt3000-max-3000-gramm-schritt-01g","status":"publish","type":"product","link":"https:\/\/www.budream.com\/de\/shop\/kenex-digitale-zaehlwaage-ktt3000-max-3000-gramm-schritt-01g\/","title":{"rendered":"KENEX &#8211; DIGITALE Z\u00c4HLWAAGE KTT3000 | MAX 3000 GRAMM SCHRITT 0,1G"},"content":{"rendered":"<p>Die Kenex KTT3000 Waage bietet ein sehr gro\u00dfes Fassungsverm\u00f6gen, wodurch sie ideal f\u00fcr die K\u00fcche ist. <br \/>Ein gro\u00dfes Fassungsverm\u00f6gen ohne eine Wiegeschale ist ziemlich nutzlos, daher ist eine gro\u00dfe 1,2-Liter-Schale im Lieferumfang dieser Waage enthalten. <br \/>Die Schale ist mit einem Ausguss versehen, so dass Fl\u00fcssigkeiten, die in Ihrem Rezept enthalten sind, leicht und mit minimalem Durcheinander ausgegossen werden k\u00f6nnen.<\/p>\n<h2><span style=\"text-decoration: underline\">Eigenschaften Kenex digitale Z\u00e4hlwaage KTT3000:<\/span><\/h2>\n<ul style=\"list-style-type: disc\">\n<li>Digitale Waage;<\/li>\n<li>Messbereich: max 3000g;<\/li>\n<li>Genauigkeitsstufe 0,1g;<\/li>\n<li>Inklusive 1,2 Liter Wiegeschale;<\/li>\n<li>Farbe: schwarz;<\/li>\n<li>\u00dcberlastungsschutz;<\/li>\n<li>2 W\u00e4gemodi: g\/oz;<\/li>\n<\/ul>\n","protected":false},"excerpt":{"rendered":"<p>Die Kenex KTT3000 Waage bietet ein sehr gro\u00dfes Fassungsverm\u00f6gen, wodurch sie ideal f\u00fcr die K\u00fcche ist. Ein gro\u00dfes Fassungsverm\u00f6gen ohne<\/p>\n","protected":false},"featured_media":126398,"comment_status":"open","ping_status":"closed","template":"","meta":[],"product_brand":[],"product_cat":[7947],"product_tag":[],"class_list":{"0":"post-126404","1":"product","2":"type-product","3":"status-publish","4":"has-post-thumbnail","6":"product_cat-headshop-de","8":"first","9":"instock","10":"taxable","11":"shipping-taxable","12":"purchasable","13":"product-type-simple"},"aioseo_notices":[],"_links":{"self":[{"href":"https:\/\/www.budream.com\/de\/wp-json\/wp\/v2\/product\/126404","targetHints":{"allow":["GET"]}}],"collection":[{"href":"https:\/\/www.budream.com\/de\/wp-json\/wp\/v2\/product"}],"about":[{"href":"https:\/\/www.budream.com\/de\/wp-json\/wp\/v2\/types\/product"}],"replies":[{"embeddable":true,"href":"https:\/\/www.budream.com\/de\/wp-json\/wp\/v2\/comments?post=126404"}],"version-history":[{"count":1,"href":"https:\/\/www.budream.com\/de\/wp-json\/wp\/v2\/product\/126404\/revisions"}],"predecessor-version":[{"id":269449,"href":"https:\/\/www.budream.com\/de\/wp-json\/wp\/v2\/product\/126404\/revisions\/269449"}],"wp:featuredmedia":[{"embeddable":true,"href":"https:\/\/www.budream.com\/de\/wp-json\/wp\/v2\/media\/126398"}],"wp:attachment":[{"href":"https:\/\/www.budream.com\/de\/wp-json\/wp\/v2\/media?parent=126404"}],"wp:term":[{"taxonomy":"product_brand","embeddable":true,"href":"https:\/\/www.budream.com\/de\/wp-json\/wp\/v2\/product_brand?post=126404"},{"taxonomy":"product_cat","embeddable":true,"href":"https:\/\/www.budream.com\/de\/wp-json\/wp\/v2\/product_cat?post=126404"},{"taxonomy":"product_tag","embeddable":true,"href":"https:\/\/www.budream.com\/de\/wp-json\/wp\/v2\/product_tag?post=126404"}],"curies":[{"name":"wp","href":"https:\/\/api.w.org\/{rel}","templated":true}]}}