{"id":126424,"date":"2025-07-30T19:44:52","date_gmt":"2025-07-30T17:44:52","guid":{"rendered":"https:\/\/www.budream.com\/shop\/flowermate-aura-plastik-mundstueck\/"},"modified":"2026-04-20T14:17:29","modified_gmt":"2026-04-20T12:17:29","slug":"flowermate-aura-plastik-mundstueck","status":"publish","type":"product","link":"https:\/\/www.budream.com\/de\/shop\/flowermate-aura-plastik-mundstueck\/","title":{"rendered":"FLOWERMATE &#8211; AURA PLASTIK MUNDST\u00dcCK"},"content":{"rendered":"<p>Ersatzmundst\u00fcck aus Kunststoff f\u00fcr Aura Flowermate. <br \/>Inklusive Netzhaut.<\/p>\n","protected":false},"excerpt":{"rendered":"<p>Ersatzmundst\u00fcck aus Kunststoff f\u00fcr Aura Flowermate. Inklusive Netzhaut.<\/p>\n","protected":false},"featured_media":126418,"comment_status":"open","ping_status":"closed","template":"","meta":[],"product_brand":[],"product_cat":[7907],"product_tag":[],"class_list":{"0":"post-126424","1":"product","2":"type-product","3":"status-publish","4":"has-post-thumbnail","6":"product_cat-verdampfer","8":"first","9":"instock","10":"sale","11":"taxable","12":"shipping-taxable","13":"purchasable","14":"product-type-simple"},"aioseo_notices":[],"_links":{"self":[{"href":"https:\/\/www.budream.com\/de\/wp-json\/wp\/v2\/product\/126424","targetHints":{"allow":["GET"]}}],"collection":[{"href":"https:\/\/www.budream.com\/de\/wp-json\/wp\/v2\/product"}],"about":[{"href":"https:\/\/www.budream.com\/de\/wp-json\/wp\/v2\/types\/product"}],"replies":[{"embeddable":true,"href":"https:\/\/www.budream.com\/de\/wp-json\/wp\/v2\/comments?post=126424"}],"version-history":[{"count":0,"href":"https:\/\/www.budream.com\/de\/wp-json\/wp\/v2\/product\/126424\/revisions"}],"wp:featuredmedia":[{"embeddable":true,"href":"https:\/\/www.budream.com\/de\/wp-json\/wp\/v2\/media\/126418"}],"wp:attachment":[{"href":"https:\/\/www.budream.com\/de\/wp-json\/wp\/v2\/media?parent=126424"}],"wp:term":[{"taxonomy":"product_brand","embeddable":true,"href":"https:\/\/www.budream.com\/de\/wp-json\/wp\/v2\/product_brand?post=126424"},{"taxonomy":"product_cat","embeddable":true,"href":"https:\/\/www.budream.com\/de\/wp-json\/wp\/v2\/product_cat?post=126424"},{"taxonomy":"product_tag","embeddable":true,"href":"https:\/\/www.budream.com\/de\/wp-json\/wp\/v2\/product_tag?post=126424"}],"curies":[{"name":"wp","href":"https:\/\/api.w.org\/{rel}","templated":true}]}}