{"id":126439,"date":"2025-07-30T19:46:04","date_gmt":"2025-07-30T17:46:04","guid":{"rendered":"https:\/\/www.budream.com\/shop\/davinci-iq-wandladegeraet\/"},"modified":"2025-12-23T21:12:51","modified_gmt":"2025-12-23T19:12:51","slug":"davinci-iq-wandladegeraet","status":"publish","type":"product","link":"https:\/\/www.budream.com\/de\/shop\/davinci-iq-wandladegeraet\/","title":{"rendered":"DAVINCI &#8211; IQ WANDLADEGER\u00c4T"},"content":{"rendered":"<p>Davinci Wandladeger\u00e4t f\u00fcr Davinci IQ. Ladeger\u00e4t mit italienischen Stecker 1,0A und USB-Stecker.<\/p>\n<h2><span style=\"text-decoration: underline\">DAVINCI &#8211; IQ Wand-Ladeger\u00e4t:<\/span><\/h2>\n<ul style=\"list-style-type: disc\">\n<li>Wandladeger\u00e4t f\u00fcr DAVINCI IQ;<\/li>\n<li>dreipoliger Stecker;<\/li>\n<li>10A;<\/li>\n<li>USB-Stecker;<\/li>\n<li>USB-Kabel nicht enthalten;<\/li>\n<li>5 V<\/li>\n<li>1.0 A<\/li>\n<\/ul>\n","protected":false},"excerpt":{"rendered":"<p>Davinci Wandladeger\u00e4t f\u00fcr Davinci IQ. Ladeger\u00e4t mit italienischen Stecker 1,0A und USB-Stecker. DAVINCI &#8211; IQ Wand-Ladeger\u00e4t: Wandladeger\u00e4t f\u00fcr DAVINCI IQ;<\/p>\n","protected":false},"featured_media":126433,"comment_status":"open","ping_status":"closed","template":"","meta":[],"product_brand":[],"product_cat":[7907],"product_tag":[],"class_list":{"0":"post-126439","1":"product","2":"type-product","3":"status-publish","4":"has-post-thumbnail","6":"product_cat-verdampfer","8":"first","9":"instock","10":"sale","11":"taxable","12":"shipping-taxable","13":"purchasable","14":"product-type-simple"},"aioseo_notices":[],"_links":{"self":[{"href":"https:\/\/www.budream.com\/de\/wp-json\/wp\/v2\/product\/126439","targetHints":{"allow":["GET"]}}],"collection":[{"href":"https:\/\/www.budream.com\/de\/wp-json\/wp\/v2\/product"}],"about":[{"href":"https:\/\/www.budream.com\/de\/wp-json\/wp\/v2\/types\/product"}],"replies":[{"embeddable":true,"href":"https:\/\/www.budream.com\/de\/wp-json\/wp\/v2\/comments?post=126439"}],"version-history":[{"count":0,"href":"https:\/\/www.budream.com\/de\/wp-json\/wp\/v2\/product\/126439\/revisions"}],"wp:featuredmedia":[{"embeddable":true,"href":"https:\/\/www.budream.com\/de\/wp-json\/wp\/v2\/media\/126433"}],"wp:attachment":[{"href":"https:\/\/www.budream.com\/de\/wp-json\/wp\/v2\/media?parent=126439"}],"wp:term":[{"taxonomy":"product_brand","embeddable":true,"href":"https:\/\/www.budream.com\/de\/wp-json\/wp\/v2\/product_brand?post=126439"},{"taxonomy":"product_cat","embeddable":true,"href":"https:\/\/www.budream.com\/de\/wp-json\/wp\/v2\/product_cat?post=126439"},{"taxonomy":"product_tag","embeddable":true,"href":"https:\/\/www.budream.com\/de\/wp-json\/wp\/v2\/product_tag?post=126439"}],"curies":[{"name":"wp","href":"https:\/\/api.w.org\/{rel}","templated":true}]}}