{"id":126449,"date":"2025-07-30T19:46:32","date_gmt":"2025-07-30T17:46:32","guid":{"rendered":"https:\/\/www.budream.com\/shop\/davinci-iq-auto-ladegeraet\/"},"modified":"2025-12-23T21:12:18","modified_gmt":"2025-12-23T19:12:18","slug":"davinci-iq-auto-ladegeraet","status":"publish","type":"product","link":"https:\/\/www.budream.com\/de\/shop\/davinci-iq-auto-ladegeraet\/","title":{"rendered":"DAVINCI &#8211; IQ AUTO-LADEGER\u00c4T"},"content":{"rendered":"<p>Ladeger\u00e4t f\u00fcr den Zigarettenanz\u00fcnder im Auto f\u00fcr DAVINCI IQ und DAVINCI IQ2 mit doppeltem USB-Anschluss, erm\u00f6glicht das Laden mit 1A oder 2,4A.<\/p>\n<h2><span style=\"text-decoration: underline\">DAVINCI &#8211; IQ AUTO-LADEGER\u00c4T:<\/span><\/h2>\n<ul style=\"list-style-type: disc\">\n<li>Autoladeger\u00e4t f\u00fcr Zigarettenanz\u00fcnder;<\/li>\n<li>geeignet f\u00fcr Davinci IQ, Davinci IQ2;<\/li>\n<li>Dualer USB-Anschluss (1A \/ 2,4A);<\/li>\n<li>USB-Kabel nicht enthalten;<\/li>\n<\/ul>\n","protected":false},"excerpt":{"rendered":"<p>Ladeger\u00e4t f\u00fcr den Zigarettenanz\u00fcnder im Auto f\u00fcr DAVINCI IQ und DAVINCI IQ2 mit doppeltem USB-Anschluss, erm\u00f6glicht das Laden mit 1A<\/p>\n","protected":false},"featured_media":126443,"comment_status":"open","ping_status":"closed","template":"","meta":[],"product_brand":[],"product_cat":[7907],"product_tag":[],"class_list":{"0":"post-126449","1":"product","2":"type-product","3":"status-publish","4":"has-post-thumbnail","6":"product_cat-verdampfer","8":"first","9":"instock","10":"sale","11":"taxable","12":"shipping-taxable","13":"purchasable","14":"product-type-simple"},"aioseo_notices":[],"_links":{"self":[{"href":"https:\/\/www.budream.com\/de\/wp-json\/wp\/v2\/product\/126449","targetHints":{"allow":["GET"]}}],"collection":[{"href":"https:\/\/www.budream.com\/de\/wp-json\/wp\/v2\/product"}],"about":[{"href":"https:\/\/www.budream.com\/de\/wp-json\/wp\/v2\/types\/product"}],"replies":[{"embeddable":true,"href":"https:\/\/www.budream.com\/de\/wp-json\/wp\/v2\/comments?post=126449"}],"version-history":[{"count":0,"href":"https:\/\/www.budream.com\/de\/wp-json\/wp\/v2\/product\/126449\/revisions"}],"wp:featuredmedia":[{"embeddable":true,"href":"https:\/\/www.budream.com\/de\/wp-json\/wp\/v2\/media\/126443"}],"wp:attachment":[{"href":"https:\/\/www.budream.com\/de\/wp-json\/wp\/v2\/media?parent=126449"}],"wp:term":[{"taxonomy":"product_brand","embeddable":true,"href":"https:\/\/www.budream.com\/de\/wp-json\/wp\/v2\/product_brand?post=126449"},{"taxonomy":"product_cat","embeddable":true,"href":"https:\/\/www.budream.com\/de\/wp-json\/wp\/v2\/product_cat?post=126449"},{"taxonomy":"product_tag","embeddable":true,"href":"https:\/\/www.budream.com\/de\/wp-json\/wp\/v2\/product_tag?post=126449"}],"curies":[{"name":"wp","href":"https:\/\/api.w.org\/{rel}","templated":true}]}}