{"id":126499,"date":"2025-07-30T19:48:32","date_gmt":"2025-07-30T17:48:32","guid":{"rendered":"https:\/\/www.budream.com\/shop\/maechtiger-und-handwerklicher-adapter-18mm\/"},"modified":"2025-12-23T12:37:19","modified_gmt":"2025-12-23T10:37:19","slug":"maechtiger-und-handwerklicher-adapter-18mm","status":"publish","type":"product","link":"https:\/\/www.budream.com\/de\/shop\/maechtiger-und-handwerklicher-adapter-18mm\/","title":{"rendered":"M\u00c4CHTIGER+ UND HANDWERKLICHER+ ADAPTER | 18mm"},"content":{"rendered":"<p>Ein Adapter aus Borosilikatglas f\u00fcr den Mighty+ oder Crafty+ Verdampfer erm\u00f6glicht den Anschluss des Verdampfers an jede BONG und Wasserpfeife mit einem 18mm Anschluss.<\/p>\n<h2><span style=\"text-decoration: underline\">18mm-Adapter f\u00fcr MIGHTY+ und CRAFTY+<\/span>:<\/h2>\n<ul style=\"list-style-type: disc\">\n<li>Funktioniert mit mighty, mighty+, crafty und crafty+;<\/li>\n<li>18mm m\u00e4nnlicher Anschluss;<\/li>\n<li>passt auf jede 18mm Bong;<\/li>\n<li>Glasadapter mit Kunststoffunterlage;<\/li>\n<\/ul>\n","protected":false},"excerpt":{"rendered":"<p>Ein Adapter aus Borosilikatglas f\u00fcr den Mighty+ oder Crafty+ Verdampfer erm\u00f6glicht den Anschluss des Verdampfers an jede BONG und Wasserpfeife<\/p>\n","protected":false},"featured_media":126488,"comment_status":"open","ping_status":"closed","template":"","meta":[],"product_brand":[],"product_cat":[7907],"product_tag":[],"class_list":{"0":"post-126499","1":"product","2":"type-product","3":"status-publish","4":"has-post-thumbnail","6":"product_cat-verdampfer","8":"first","9":"instock","10":"sale","11":"taxable","12":"shipping-taxable","13":"purchasable","14":"product-type-simple"},"aioseo_notices":[],"_links":{"self":[{"href":"https:\/\/www.budream.com\/de\/wp-json\/wp\/v2\/product\/126499","targetHints":{"allow":["GET"]}}],"collection":[{"href":"https:\/\/www.budream.com\/de\/wp-json\/wp\/v2\/product"}],"about":[{"href":"https:\/\/www.budream.com\/de\/wp-json\/wp\/v2\/types\/product"}],"replies":[{"embeddable":true,"href":"https:\/\/www.budream.com\/de\/wp-json\/wp\/v2\/comments?post=126499"}],"version-history":[{"count":0,"href":"https:\/\/www.budream.com\/de\/wp-json\/wp\/v2\/product\/126499\/revisions"}],"wp:featuredmedia":[{"embeddable":true,"href":"https:\/\/www.budream.com\/de\/wp-json\/wp\/v2\/media\/126488"}],"wp:attachment":[{"href":"https:\/\/www.budream.com\/de\/wp-json\/wp\/v2\/media?parent=126499"}],"wp:term":[{"taxonomy":"product_brand","embeddable":true,"href":"https:\/\/www.budream.com\/de\/wp-json\/wp\/v2\/product_brand?post=126499"},{"taxonomy":"product_cat","embeddable":true,"href":"https:\/\/www.budream.com\/de\/wp-json\/wp\/v2\/product_cat?post=126499"},{"taxonomy":"product_tag","embeddable":true,"href":"https:\/\/www.budream.com\/de\/wp-json\/wp\/v2\/product_tag?post=126499"}],"curies":[{"name":"wp","href":"https:\/\/api.w.org\/{rel}","templated":true}]}}