{"id":126509,"date":"2025-07-30T19:49:01","date_gmt":"2025-07-30T17:49:01","guid":{"rendered":"https:\/\/www.budream.com\/shop\/storzbickel-netzsatz-fuer-einfache-ventilreduzierer\/"},"modified":"2025-12-23T15:01:12","modified_gmt":"2025-12-23T13:01:12","slug":"storzbickel-netzsatz-fuer-einfache-ventilreduzierer","status":"publish","type":"product","link":"https:\/\/www.budream.com\/de\/shop\/storzbickel-netzsatz-fuer-einfache-ventilreduzierer\/","title":{"rendered":"STORZ&amp;BICKEL &#8211; NETZSATZ F\u00dcR EINFACHE VENTILREDUZIERER"},"content":{"rendered":"<p>Satz von Ersatznetzen f\u00fcr Easy Valve Reduzierst\u00fcck:<\/p>\n<ul style=\"list-style-type: disc\">\n<li>6 Netze normaler Gr\u00f6\u00dfe (&Oslash; 15 mm);<\/li>\n<li>Kompatibel mit Easy Valve Reduzierst\u00fcck;<\/li>\n<\/ul>\n","protected":false},"excerpt":{"rendered":"<p>Satz von Ersatznetzen f\u00fcr Easy Valve Reduzierst\u00fcck: 6 Netze normaler Gr\u00f6\u00dfe (&Oslash; 15 mm); Kompatibel mit Easy Valve Reduzierst\u00fcck;<\/p>\n","protected":false},"featured_media":126503,"comment_status":"open","ping_status":"closed","template":"","meta":[],"product_brand":[],"product_cat":[7907],"product_tag":[],"class_list":{"0":"post-126509","1":"product","2":"type-product","3":"status-publish","4":"has-post-thumbnail","6":"product_cat-verdampfer","8":"first","9":"instock","10":"sale","11":"taxable","12":"shipping-taxable","13":"purchasable","14":"product-type-simple"},"aioseo_notices":[],"_links":{"self":[{"href":"https:\/\/www.budream.com\/de\/wp-json\/wp\/v2\/product\/126509","targetHints":{"allow":["GET"]}}],"collection":[{"href":"https:\/\/www.budream.com\/de\/wp-json\/wp\/v2\/product"}],"about":[{"href":"https:\/\/www.budream.com\/de\/wp-json\/wp\/v2\/types\/product"}],"replies":[{"embeddable":true,"href":"https:\/\/www.budream.com\/de\/wp-json\/wp\/v2\/comments?post=126509"}],"version-history":[{"count":0,"href":"https:\/\/www.budream.com\/de\/wp-json\/wp\/v2\/product\/126509\/revisions"}],"wp:featuredmedia":[{"embeddable":true,"href":"https:\/\/www.budream.com\/de\/wp-json\/wp\/v2\/media\/126503"}],"wp:attachment":[{"href":"https:\/\/www.budream.com\/de\/wp-json\/wp\/v2\/media?parent=126509"}],"wp:term":[{"taxonomy":"product_brand","embeddable":true,"href":"https:\/\/www.budream.com\/de\/wp-json\/wp\/v2\/product_brand?post=126509"},{"taxonomy":"product_cat","embeddable":true,"href":"https:\/\/www.budream.com\/de\/wp-json\/wp\/v2\/product_cat?post=126509"},{"taxonomy":"product_tag","embeddable":true,"href":"https:\/\/www.budream.com\/de\/wp-json\/wp\/v2\/product_tag?post=126509"}],"curies":[{"name":"wp","href":"https:\/\/api.w.org\/{rel}","templated":true}]}}