{"id":126539,"date":"2025-07-30T19:50:41","date_gmt":"2025-07-30T17:50:41","guid":{"rendered":"https:\/\/www.budream.com\/shop\/tabletts-fuer-konzentrate-zubehoer-magischen-flug-verdampfer\/"},"modified":"2025-12-23T12:55:46","modified_gmt":"2025-12-23T10:55:46","slug":"tabletts-fuer-konzentrate-zubehoer-magischen-flug-verdampfer","status":"publish","type":"product","link":"https:\/\/www.budream.com\/de\/shop\/tabletts-fuer-konzentrate-zubehoer-magischen-flug-verdampfer\/","title":{"rendered":"TABLETTS F\u00dcR KONZENTRATE ZUBEH\u00d6R MAGISCHEN FLUG VERDAMPFER"},"content":{"rendered":"<p>Sie erm\u00f6glichen auch die MAGIC FLIGHT mit Wachs, bho, Kolophonium, etc. verwendet werden.<br \/>Es sind 2 Tabletts in der Verpackung.<\/p>\n","protected":false},"excerpt":{"rendered":"<p>Sie erm\u00f6glichen auch die MAGIC FLIGHT mit Wachs, bho, Kolophonium, etc. verwendet werden.Es sind 2 Tabletts in der Verpackung.<\/p>\n","protected":false},"featured_media":126528,"comment_status":"open","ping_status":"closed","template":"","meta":[],"product_brand":[],"product_cat":[7907],"product_tag":[],"class_list":{"0":"post-126539","1":"product","2":"type-product","3":"status-publish","4":"has-post-thumbnail","6":"product_cat-verdampfer","8":"first","9":"instock","10":"sale","11":"taxable","12":"shipping-taxable","13":"purchasable","14":"product-type-simple"},"_links":{"self":[{"href":"https:\/\/www.budream.com\/de\/wp-json\/wp\/v2\/product\/126539","targetHints":{"allow":["GET"]}}],"collection":[{"href":"https:\/\/www.budream.com\/de\/wp-json\/wp\/v2\/product"}],"about":[{"href":"https:\/\/www.budream.com\/de\/wp-json\/wp\/v2\/types\/product"}],"replies":[{"embeddable":true,"href":"https:\/\/www.budream.com\/de\/wp-json\/wp\/v2\/comments?post=126539"}],"version-history":[{"count":0,"href":"https:\/\/www.budream.com\/de\/wp-json\/wp\/v2\/product\/126539\/revisions"}],"wp:featuredmedia":[{"embeddable":true,"href":"https:\/\/www.budream.com\/de\/wp-json\/wp\/v2\/media\/126528"}],"wp:attachment":[{"href":"https:\/\/www.budream.com\/de\/wp-json\/wp\/v2\/media?parent=126539"}],"wp:term":[{"taxonomy":"product_brand","embeddable":true,"href":"https:\/\/www.budream.com\/de\/wp-json\/wp\/v2\/product_brand?post=126539"},{"taxonomy":"product_cat","embeddable":true,"href":"https:\/\/www.budream.com\/de\/wp-json\/wp\/v2\/product_cat?post=126539"},{"taxonomy":"product_tag","embeddable":true,"href":"https:\/\/www.budream.com\/de\/wp-json\/wp\/v2\/product_tag?post=126539"}],"curies":[{"name":"wp","href":"https:\/\/api.w.org\/{rel}","templated":true}]}}