{"id":126574,"date":"2025-07-30T19:53:23","date_gmt":"2025-07-30T17:53:23","guid":{"rendered":"https:\/\/www.budream.com\/shop\/enecta-99-cbd-kristalle-1g\/"},"modified":"2026-02-18T13:15:55","modified_gmt":"2026-02-18T11:15:55","slug":"enecta-99-cbd-kristalle-1g","status":"publish","type":"product","link":"https:\/\/www.budream.com\/de\/shop\/enecta-99-cbd-kristalle-1g\/","title":{"rendered":"ENECTA &#8211; 99% CBD KRISTALLE | 1G"},"content":{"rendered":"<p>Jede Packung enth\u00e4lt 99% CBD-Kristalle und 1% nat\u00fcrliche Hanf-Terpene.<br \/>f\u00fcr den technischen Gebrauch.<br \/>Nicht einnehmen oder rauchen, au\u00dferhalb der Reichweite von Kindern aufbewahren.<\/p>\n","protected":false},"excerpt":{"rendered":"<p>Jede Packung enth\u00e4lt 99% CBD-Kristalle und 1% nat\u00fcrliche Hanf-Terpene.f\u00fcr den technischen Gebrauch.Nicht einnehmen oder rauchen, au\u00dferhalb der Reichweite von Kindern<\/p>\n","protected":false},"featured_media":250640,"comment_status":"open","ping_status":"closed","template":"","meta":[],"product_brand":[],"product_cat":[7947],"product_tag":[],"class_list":{"0":"post-126574","1":"product","2":"type-product","3":"status-publish","4":"has-post-thumbnail","6":"product_cat-headshop-de","8":"first","9":"instock","10":"taxable","11":"shipping-taxable","12":"purchasable","13":"product-type-simple"},"_links":{"self":[{"href":"https:\/\/www.budream.com\/de\/wp-json\/wp\/v2\/product\/126574","targetHints":{"allow":["GET"]}}],"collection":[{"href":"https:\/\/www.budream.com\/de\/wp-json\/wp\/v2\/product"}],"about":[{"href":"https:\/\/www.budream.com\/de\/wp-json\/wp\/v2\/types\/product"}],"replies":[{"embeddable":true,"href":"https:\/\/www.budream.com\/de\/wp-json\/wp\/v2\/comments?post=126574"}],"version-history":[{"count":0,"href":"https:\/\/www.budream.com\/de\/wp-json\/wp\/v2\/product\/126574\/revisions"}],"wp:featuredmedia":[{"embeddable":true,"href":"https:\/\/www.budream.com\/de\/wp-json\/wp\/v2\/media\/250640"}],"wp:attachment":[{"href":"https:\/\/www.budream.com\/de\/wp-json\/wp\/v2\/media?parent=126574"}],"wp:term":[{"taxonomy":"product_brand","embeddable":true,"href":"https:\/\/www.budream.com\/de\/wp-json\/wp\/v2\/product_brand?post=126574"},{"taxonomy":"product_cat","embeddable":true,"href":"https:\/\/www.budream.com\/de\/wp-json\/wp\/v2\/product_cat?post=126574"},{"taxonomy":"product_tag","embeddable":true,"href":"https:\/\/www.budream.com\/de\/wp-json\/wp\/v2\/product_tag?post=126574"}],"curies":[{"name":"wp","href":"https:\/\/api.w.org\/{rel}","templated":true}]}}