{"id":126629,"date":"2025-07-30T19:58:17","date_gmt":"2025-07-30T17:58:17","guid":{"rendered":"https:\/\/www.budream.com\/shop\/davinci-10mm-auf-14mm-glasadapter-fuer-miqro-und-iq2-serie\/"},"modified":"2026-01-09T14:01:55","modified_gmt":"2026-01-09T12:01:55","slug":"davinci-10mm-auf-14mm-glasadapter-fuer-miqro-und-iq2-serie","status":"publish","type":"product","link":"https:\/\/www.budream.com\/de\/shop\/davinci-10mm-auf-14mm-glasadapter-fuer-miqro-und-iq2-serie\/","title":{"rendered":"DAVINCI &#8211; 10MM AUF 14MM GLASADAPTER F\u00dcR MIQRO UND IQ2 SERIE"},"content":{"rendered":"<p>Der Davinci Glasbong- und Wasserpfeifenadapter erm\u00f6glicht es Ihnen, das Davinci 10MM Mundst\u00fcck an jede Bong mit einem 14MM Anschluss anzuschlie\u00dfen. Geeignet f\u00fcr das 10MM Mundst\u00fcck von Miqro, Miqro-c und IQ2.<\/p>\n<p><\/p>\n<h2><span style=\"text-decoration: underline\">DAVINCI &#8211; 10MM auf 14MM Glasadapter:<\/span><\/h2>\n<ul style=\"list-style-type: disc\">\n<li>Passend f\u00fcr Miqro, Miqro-c und IQ2;<\/li>\n<li>10MM weiblich auf 14MM m\u00e4nnlich;<\/li>\n<li>100% Glas<\/li>\n<\/ul>\n","protected":false},"excerpt":{"rendered":"<p>Der Davinci Glasbong- und Wasserpfeifenadapter erm\u00f6glicht es Ihnen, das Davinci 10MM Mundst\u00fcck an jede Bong mit einem 14MM Anschluss anzuschlie\u00dfen.<\/p>\n","protected":false},"featured_media":126623,"comment_status":"open","ping_status":"closed","template":"","meta":[],"product_brand":[],"product_cat":[7907],"product_tag":[],"class_list":{"0":"post-126629","1":"product","2":"type-product","3":"status-publish","4":"has-post-thumbnail","6":"product_cat-verdampfer","8":"first","9":"instock","10":"sale","11":"taxable","12":"shipping-taxable","13":"purchasable","14":"product-type-simple"},"_links":{"self":[{"href":"https:\/\/www.budream.com\/de\/wp-json\/wp\/v2\/product\/126629","targetHints":{"allow":["GET"]}}],"collection":[{"href":"https:\/\/www.budream.com\/de\/wp-json\/wp\/v2\/product"}],"about":[{"href":"https:\/\/www.budream.com\/de\/wp-json\/wp\/v2\/types\/product"}],"replies":[{"embeddable":true,"href":"https:\/\/www.budream.com\/de\/wp-json\/wp\/v2\/comments?post=126629"}],"version-history":[{"count":0,"href":"https:\/\/www.budream.com\/de\/wp-json\/wp\/v2\/product\/126629\/revisions"}],"wp:featuredmedia":[{"embeddable":true,"href":"https:\/\/www.budream.com\/de\/wp-json\/wp\/v2\/media\/126623"}],"wp:attachment":[{"href":"https:\/\/www.budream.com\/de\/wp-json\/wp\/v2\/media?parent=126629"}],"wp:term":[{"taxonomy":"product_brand","embeddable":true,"href":"https:\/\/www.budream.com\/de\/wp-json\/wp\/v2\/product_brand?post=126629"},{"taxonomy":"product_cat","embeddable":true,"href":"https:\/\/www.budream.com\/de\/wp-json\/wp\/v2\/product_cat?post=126629"},{"taxonomy":"product_tag","embeddable":true,"href":"https:\/\/www.budream.com\/de\/wp-json\/wp\/v2\/product_tag?post=126629"}],"curies":[{"name":"wp","href":"https:\/\/api.w.org\/{rel}","templated":true}]}}