{"id":126679,"date":"2025-07-30T20:00:43","date_gmt":"2025-07-30T18:00:43","guid":{"rendered":"https:\/\/www.budream.com\/shop\/dutch-passion-white-widow-reg-10-samen\/"},"modified":"2026-03-27T10:01:46","modified_gmt":"2026-03-27T08:01:46","slug":"dutch-passion-white-widow-reg-10-samen","status":"publish","type":"product","link":"https:\/\/www.budream.com\/de\/shop\/dutch-passion-white-widow-reg-10-samen\/","title":{"rendered":"DUTCH PASSION &#8211; WHITE WIDOW REG | 10 SAMEN"},"content":{"rendered":"<div style=\"text-align: justify\">Unsere originale White Widow wurde durch die Kreuzung von brasilianischen und indischen Sorten kreiert. Wenn Sie nach der originalen White Widow aus den 80er und 90er Jahren suchen, sind Sie bei uns genau richtig. Wir glauben, dass unsere Version die authentischste auf dem Markt ist. Unsere Kunden lieben die originale White Widow von Dutch Passion.<\/div>\n<p><\/p>\n<h2><strong>Eigenschaften White Widow Reg Dutch Passion:<\/strong><\/h2>\n<ul style=\"list-style-type: disc\">\n<li><strong>Gattung:<\/strong> Regular XL<\/li>\n<li><strong>Genotyp:<\/strong> Indica-dominanter Hybrid<\/li>\n<li><strong>Genetik: <\/strong>Klassische F1 White Widow<\/li>\n<li><strong>Tage:<\/strong> 56<\/li>\n<\/ul>\n<p><\/p>\n<div style=\"text-align: justify\"><span style=\"font-size: 11pt\"><em><strong>ACHTUNG:<\/strong> Hanfsamen fallen nicht unter den Begriff Cannabis, was bedeutet, dass sie nicht als Bet\u00e4ubungsmittel gelten (Gesetz 412 von 1974, Art. 1, Absatz 1, Buchstabe B; Einheits\u00fcbereinkommen \u00fcber Bet\u00e4ubungsmittel von New York von 1961 und Tabelle II des Ministerialerlasses vom 27.7.1992). In Italien ist der Anbau von Hanf verboten (Artikel 28 und 73 des Pr\u00e4sidialdekrets 309\/90), es sei denn, es liegt eine Sondergenehmigung vor (Artikel 17 des Pr\u00e4sidialdekrets 309\/90). In Ermangelung einer solchen Genehmigung darf das Saatgut nur f\u00fcr andere Zwecke verwendet werden (zootechnische Zwecke, Sammeln usw.). Das Saatgut wird unter dem Vorbehalt verkauft, dass es nicht von Dritten im Widerspruch zu den gesetzlichen Bestimmungen verwendet wird.<\/em><\/span><\/div>\n<p><\/p>\n<div><\/div>\n","protected":false},"excerpt":{"rendered":"<p>\ud83c\udf3f WHITE WIDOW von DUTCH PASSION \u00b7 \ud83e\uddec Indica Dominant (60%+) \u00b7 \ud83d\udcaa THC hoch (Hoch (15\u201319\u202f%)) \u00b7 \ud83d\udce6 Ertrag XL.<\/p>\n","protected":false},"featured_media":126673,"comment_status":"open","ping_status":"closed","template":"","meta":[],"product_brand":[],"product_cat":[7951],"product_tag":[10126,10127,10140,10145,8508,8510],"class_list":{"0":"post-126679","1":"product","2":"type-product","3":"status-publish","4":"has-post-thumbnail","6":"product_cat-magasin-de-graines","7":"product_tag-cannabis-samen","8":"product_tag-scharf","9":"product_tag-thc-hoch","10":"product_tag-white-widow-reg-10-samen","11":"product_tag-dutch-passion","12":"product_tag-indica","14":"first","15":"instock","16":"taxable","17":"shipping-taxable","18":"purchasable","19":"product-type-simple"},"_links":{"self":[{"href":"https:\/\/www.budream.com\/de\/wp-json\/wp\/v2\/product\/126679","targetHints":{"allow":["GET"]}}],"collection":[{"href":"https:\/\/www.budream.com\/de\/wp-json\/wp\/v2\/product"}],"about":[{"href":"https:\/\/www.budream.com\/de\/wp-json\/wp\/v2\/types\/product"}],"replies":[{"embeddable":true,"href":"https:\/\/www.budream.com\/de\/wp-json\/wp\/v2\/comments?post=126679"}],"version-history":[{"count":2,"href":"https:\/\/www.budream.com\/de\/wp-json\/wp\/v2\/product\/126679\/revisions"}],"predecessor-version":[{"id":261175,"href":"https:\/\/www.budream.com\/de\/wp-json\/wp\/v2\/product\/126679\/revisions\/261175"}],"wp:featuredmedia":[{"embeddable":true,"href":"https:\/\/www.budream.com\/de\/wp-json\/wp\/v2\/media\/126673"}],"wp:attachment":[{"href":"https:\/\/www.budream.com\/de\/wp-json\/wp\/v2\/media?parent=126679"}],"wp:term":[{"taxonomy":"product_brand","embeddable":true,"href":"https:\/\/www.budream.com\/de\/wp-json\/wp\/v2\/product_brand?post=126679"},{"taxonomy":"product_cat","embeddable":true,"href":"https:\/\/www.budream.com\/de\/wp-json\/wp\/v2\/product_cat?post=126679"},{"taxonomy":"product_tag","embeddable":true,"href":"https:\/\/www.budream.com\/de\/wp-json\/wp\/v2\/product_tag?post=126679"}],"curies":[{"name":"wp","href":"https:\/\/api.w.org\/{rel}","templated":true}]}}