{"id":126764,"date":"2025-07-30T20:05:36","date_gmt":"2025-07-30T18:05:36","guid":{"rendered":"https:\/\/www.budream.com\/shop\/boveda-62-oxo-pop-container-06l-40pz-da-8gr\/"},"modified":"2026-01-07T17:21:58","modified_gmt":"2026-01-07T15:21:58","slug":"boveda-62-oxo-pop-container-06l-40pz-da-8gr","status":"publish","type":"product","link":"https:\/\/www.budream.com\/de\/shop\/boveda-62-oxo-pop-container-06l-40pz-da-8gr\/","title":{"rendered":"BOVEDA 62% &#8211; OXO POP CONTAINER | 0,6L &#8211; 40pcs VON 8gr"},"content":{"rendered":"<p><strong>BOVEDA OXO POP CONTAINER 0.5L<\/strong> Display mit 40 8g Packungen BOVEDA 62%.<br \/>Der Druckknopf-Mechanismus sorgt mit nur einer Ber\u00fchrung f\u00fcr einen luftdichten Verschluss.<br \/>So k\u00f6nnen die Boveda-Produkte vor dem Verkauf unter optimalen Bedingungen gelagert werden.<\/p>\n<p><strong>BOVEDA 62% sorgt f\u00fcr eine stabile relative Luftfeuchtigkeit<\/strong> (RH) in den gelagerten Produkten. Diese Technologie, die die Lagerung von Zigarren, Lebensmitteln, Musik und elektronischen Produkten revolutioniert hat, ist nun auch f\u00fcr die Lagerung von Phytotherapeutika und Heilkr\u00e4utern verf\u00fcgbar. <\/p>\n<p>Die patentierten Boveda-Packungen im Inneren des Beh\u00e4lters halten die relative Luftfeuchtigkeit stabil und f\u00fcgen bei Bedarf Feuchtigkeit hinzu oder nehmen sie auf, um den Inhalt konstant bei 62% (+\/- 1%) zu halten.<\/p>\n<p>Mit Boveda k\u00f6nnen die Essenzen sehr lange gelagert werden, ohne dass sich ihre Eigenschaften ver\u00e4ndern und ohne dass sich Schimmel bildet.<\/p>\n<p>Der richtige Feuchtigkeitsgehalt maximiert Farbe, Geschmack, Aroma und Wirksamkeit und stabilisiert das Gewicht Ihrer Phytotherapeutika und Heilkr\u00e4uter.<\/p>\n<h2><strong>Was ist in Boveda 62% enthalten?<\/strong><\/h2>\n<div>Im Inneren jedes Boveda befindet sich eine wasserdampfdurchl\u00e4ssige &#8218;Umkehrosmose&#8216;-Membran. In dieser Membran befindet sich eine speziell zubereitete ges\u00e4ttigte L\u00f6sung aus reinem Wasser und nat\u00fcrlichem Salz. Bei Bedarf gibt Boveda gereinigten Wasserdampf durch die Membran ab oder absorbiert ihn, um eine vorher festgelegte Luftfeuchtigkeit aufrechtzuerhalten.<\/p>\n<\/div>\n<h2><strong>Hauptmerkmale Boveda 62%:<\/strong><\/h2>\n<div>\n<ul style=\"list-style-type: disc\">\n<li>H\u00e4lt die<strong>relative Luftfeuchtigkeit konstant bei 62%<\/strong> (+\/- 1%) durch Absorption und Abgabe von Wasserwert;<\/li>\n<li><strong>Verhindert die Bildung von gef\u00e4hrlichem Schimmel<\/strong>;<\/li>\n<li><strong>H\u00e4lt ca. 2\/4 Monate<\/strong> ab dem Zeitpunkt, an dem es in den Beh\u00e4lter gelegt wird;<\/li>\n<li>Erfordert keine Wartung oder Nachf\u00fcllung; muss ersetzt werden, wenn er steif wird.<\/li>\n<\/ul>\n<p><strong>Menge<\/strong><br \/>Der Beutel mit <strong>8 Gramm<\/strong> garantiert den<strong> Feuchtigkeitsgehalt f\u00fcr<\/strong> <strong>bis zu 30 Gramm<\/strong><strong> des Produkts<\/strong> <strong>.<\/p>\n<p>Enth\u00e4lt<\/strong><br \/>Oxo Pop Container Boveda 62% &#8211; 40 St\u00fcck \u00e0 8 Gramm<\/p>\n<p><strong>Hinweis<\/strong>: Mischen Sie nicht verschiedene Boveda RH-Stufen im gleichen Beh\u00e4lter und verwenden Sie Boveda nicht im gleichen Beh\u00e4lter mit anderen Befeuchtungsprodukten, da sie sich gegenseitig bek\u00e4mpfen und die Effizienz der Boveda-Beutel verringern.<\/div>\n","protected":false},"excerpt":{"rendered":"<p>BOVEDA OXO POP CONTAINER 0.5L Display mit 40 8g Packungen BOVEDA 62%.Der Druckknopf-Mechanismus sorgt mit nur einer Ber\u00fchrung f\u00fcr einen<\/p>\n","protected":false},"featured_media":124928,"comment_status":"open","ping_status":"closed","template":"","meta":[],"product_brand":[],"product_cat":[7947],"product_tag":[],"class_list":{"0":"post-126764","1":"product","2":"type-product","3":"status-publish","4":"has-post-thumbnail","6":"product_cat-headshop-de","8":"first","9":"instock","10":"taxable","11":"shipping-taxable","12":"purchasable","13":"product-type-simple"},"_links":{"self":[{"href":"https:\/\/www.budream.com\/de\/wp-json\/wp\/v2\/product\/126764","targetHints":{"allow":["GET"]}}],"collection":[{"href":"https:\/\/www.budream.com\/de\/wp-json\/wp\/v2\/product"}],"about":[{"href":"https:\/\/www.budream.com\/de\/wp-json\/wp\/v2\/types\/product"}],"replies":[{"embeddable":true,"href":"https:\/\/www.budream.com\/de\/wp-json\/wp\/v2\/comments?post=126764"}],"version-history":[{"count":0,"href":"https:\/\/www.budream.com\/de\/wp-json\/wp\/v2\/product\/126764\/revisions"}],"wp:featuredmedia":[{"embeddable":true,"href":"https:\/\/www.budream.com\/de\/wp-json\/wp\/v2\/media\/124928"}],"wp:attachment":[{"href":"https:\/\/www.budream.com\/de\/wp-json\/wp\/v2\/media?parent=126764"}],"wp:term":[{"taxonomy":"product_brand","embeddable":true,"href":"https:\/\/www.budream.com\/de\/wp-json\/wp\/v2\/product_brand?post=126764"},{"taxonomy":"product_cat","embeddable":true,"href":"https:\/\/www.budream.com\/de\/wp-json\/wp\/v2\/product_cat?post=126764"},{"taxonomy":"product_tag","embeddable":true,"href":"https:\/\/www.budream.com\/de\/wp-json\/wp\/v2\/product_tag?post=126764"}],"curies":[{"name":"wp","href":"https:\/\/api.w.org\/{rel}","templated":true}]}}