{"id":126784,"date":"2025-07-30T20:06:31","date_gmt":"2025-07-30T18:06:31","guid":{"rendered":"https:\/\/www.budream.com\/shop\/royal-queen-seeds-muehlmaschine-mit-transparentem-deckel-48mm\/"},"modified":"2026-02-09T17:21:37","modified_gmt":"2026-02-09T15:21:37","slug":"royal-queen-seeds-muehlmaschine-mit-transparentem-deckel-48mm","status":"publish","type":"product","link":"https:\/\/www.budream.com\/de\/shop\/royal-queen-seeds-muehlmaschine-mit-transparentem-deckel-48mm\/","title":{"rendered":"ROYAL QUEEN SEEDS &#8211; M\u00dcHLMASCHINE MIT TRANSPARENTEM DECKEL | 48mm"},"content":{"rendered":"<p>Der Royal Queen Seeds Window Grinder ist ein robuster 2-teiliger Grinder aus Metall mit einem transparenten Deckel. Mit seinen rautenf\u00f6rmigen Z\u00e4hnen zerkleinert er m\u00fchelos alle Arten von Weed! Dieser Grinder hat eine stilvolle silberne Farbe und unseren Slogan &#8222;Keep on Growing&#8220; auf der Oberseite aufgedruckt.<br \/><a href=\"http:\/\/www.dutch-passion.nl\/it\/\" target=\"_blank\" rel=\"noopener noreferrer nofollow\"><br \/><\/a><\/p>\n<div><\/div>\n","protected":false},"excerpt":{"rendered":"<p>Der Royal Queen Seeds Window Grinder ist ein robuster 2-teiliger Grinder aus Metall mit einem transparenten Deckel. Mit seinen rautenf\u00f6rmigen<\/p>\n","protected":false},"featured_media":126773,"comment_status":"open","ping_status":"closed","template":"","meta":[],"product_brand":[],"product_cat":[7947],"product_tag":[],"class_list":{"0":"post-126784","1":"product","2":"type-product","3":"status-publish","4":"has-post-thumbnail","6":"product_cat-headshop-de","8":"first","9":"instock","10":"taxable","11":"shipping-taxable","12":"purchasable","13":"product-type-simple"},"_links":{"self":[{"href":"https:\/\/www.budream.com\/de\/wp-json\/wp\/v2\/product\/126784","targetHints":{"allow":["GET"]}}],"collection":[{"href":"https:\/\/www.budream.com\/de\/wp-json\/wp\/v2\/product"}],"about":[{"href":"https:\/\/www.budream.com\/de\/wp-json\/wp\/v2\/types\/product"}],"replies":[{"embeddable":true,"href":"https:\/\/www.budream.com\/de\/wp-json\/wp\/v2\/comments?post=126784"}],"version-history":[{"count":0,"href":"https:\/\/www.budream.com\/de\/wp-json\/wp\/v2\/product\/126784\/revisions"}],"wp:featuredmedia":[{"embeddable":true,"href":"https:\/\/www.budream.com\/de\/wp-json\/wp\/v2\/media\/126773"}],"wp:attachment":[{"href":"https:\/\/www.budream.com\/de\/wp-json\/wp\/v2\/media?parent=126784"}],"wp:term":[{"taxonomy":"product_brand","embeddable":true,"href":"https:\/\/www.budream.com\/de\/wp-json\/wp\/v2\/product_brand?post=126784"},{"taxonomy":"product_cat","embeddable":true,"href":"https:\/\/www.budream.com\/de\/wp-json\/wp\/v2\/product_cat?post=126784"},{"taxonomy":"product_tag","embeddable":true,"href":"https:\/\/www.budream.com\/de\/wp-json\/wp\/v2\/product_tag?post=126784"}],"curies":[{"name":"wp","href":"https:\/\/api.w.org\/{rel}","templated":true}]}}