{"id":126814,"date":"2025-07-30T20:07:31","date_gmt":"2025-07-30T18:07:31","guid":{"rendered":"https:\/\/www.budream.com\/shop\/royal-queen-seeds-zisierte-metallmuehle-55mm\/"},"modified":"2026-03-16T18:22:14","modified_gmt":"2026-03-16T16:22:14","slug":"royal-queen-seeds-zisierte-metallmuehle-55mm","status":"publish","type":"product","link":"https:\/\/www.budream.com\/de\/shop\/royal-queen-seeds-zisierte-metallmuehle-55mm\/","title":{"rendered":"ROYAL QUEEN SEEDS &#8211; ZISIERTE METALLM\u00dcHLE | 55mm"},"content":{"rendered":"<p>Der Royal Queen Seeds Engraved Metal Grinder ist ein hochwertiger Metallgrinder, der hervorragend funktioniert. Dieser 4-teilige Grinder mahlt alles, was Sie hineinlegen, und verwandelt es in ein feines Pulver. Der Filter und der Kief-Beh\u00e4lter erm\u00f6glichen es, Abfall zu vermeiden. Der Grinder hat ein gl\u00e4nzendes silbernes Design mit dem Royal Queen Seeds Logo auf dem Deckel.<\/p>\n<h2><strong>Eigenschaften Royal Queen Seeds Gravierter Aluminium Grinder:<\/strong><\/h2>\n<ul style=\"list-style-type: disc\">\n<li><strong>Durchmesser: <\/strong>5,5 cm<\/li>\n<li><strong>H\u00f6he: <\/strong>4 cm<\/li>\n<li><strong>Material:<\/strong> Aluminium<\/li>\n<\/ul>\n<p><a href=\"http:\/\/www.dutch-passion.nl\/it\/\" target=\"_blank\" rel=\"noopener noreferrer nofollow\"><br \/><\/a><\/p>\n<div><\/div>\n","protected":false},"excerpt":{"rendered":"<p>Der Royal Queen Seeds Engraved Metal Grinder ist ein hochwertiger Metallgrinder, der hervorragend funktioniert. Dieser 4-teilige Grinder mahlt alles, was<\/p>\n","protected":false},"featured_media":126803,"comment_status":"open","ping_status":"closed","template":"","meta":[],"product_brand":[],"product_cat":[1173],"product_tag":[],"class_list":{"0":"post-126814","1":"product","2":"type-product","3":"status-publish","4":"has-post-thumbnail","6":"product_cat-headshop","8":"first","9":"instock","10":"taxable","11":"shipping-taxable","12":"purchasable","13":"product-type-simple"},"_links":{"self":[{"href":"https:\/\/www.budream.com\/de\/wp-json\/wp\/v2\/product\/126814","targetHints":{"allow":["GET"]}}],"collection":[{"href":"https:\/\/www.budream.com\/de\/wp-json\/wp\/v2\/product"}],"about":[{"href":"https:\/\/www.budream.com\/de\/wp-json\/wp\/v2\/types\/product"}],"replies":[{"embeddable":true,"href":"https:\/\/www.budream.com\/de\/wp-json\/wp\/v2\/comments?post=126814"}],"version-history":[{"count":0,"href":"https:\/\/www.budream.com\/de\/wp-json\/wp\/v2\/product\/126814\/revisions"}],"wp:featuredmedia":[{"embeddable":true,"href":"https:\/\/www.budream.com\/de\/wp-json\/wp\/v2\/media\/126803"}],"wp:attachment":[{"href":"https:\/\/www.budream.com\/de\/wp-json\/wp\/v2\/media?parent=126814"}],"wp:term":[{"taxonomy":"product_brand","embeddable":true,"href":"https:\/\/www.budream.com\/de\/wp-json\/wp\/v2\/product_brand?post=126814"},{"taxonomy":"product_cat","embeddable":true,"href":"https:\/\/www.budream.com\/de\/wp-json\/wp\/v2\/product_cat?post=126814"},{"taxonomy":"product_tag","embeddable":true,"href":"https:\/\/www.budream.com\/de\/wp-json\/wp\/v2\/product_tag?post=126814"}],"curies":[{"name":"wp","href":"https:\/\/api.w.org\/{rel}","templated":true}]}}