{"id":126834,"date":"2025-07-30T20:09:04","date_gmt":"2025-07-30T18:09:04","guid":{"rendered":"https:\/\/www.budream.com\/shop\/storzbickel-massiv-ventilgehaeuse\/"},"modified":"2026-01-28T15:20:52","modified_gmt":"2026-01-28T13:20:52","slug":"storzbickel-massiv-ventilgehaeuse","status":"publish","type":"product","link":"https:\/\/www.budream.com\/de\/shop\/storzbickel-massiv-ventilgehaeuse\/","title":{"rendered":"STORZ&amp;BICKEL &#8211; MASSIV-VENTILGEH\u00c4USE"},"content":{"rendered":"<p>Solid Valve Geh\u00e4use Ersatz Kunststoffgeh\u00e4use f\u00fcr Solid Valve.<\/p>\n<p><strong>Bitte beachten Sie, dass dies nur das Kunststoffgeh\u00e4use ist. <\/strong><br \/><strong>Das Geh\u00e4use enth\u00e4lt nicht die internen Komponenten aus Edelstahl.<\/strong><br \/><strong> <\/strong><\/p>\n","protected":false},"excerpt":{"rendered":"<p>Solid Valve Geh\u00e4use Ersatz Kunststoffgeh\u00e4use f\u00fcr Solid Valve. Bitte beachten Sie, dass dies nur das Kunststoffgeh\u00e4use ist. Das Geh\u00e4use enth\u00e4lt<\/p>\n","protected":false},"featured_media":126823,"comment_status":"open","ping_status":"closed","template":"","meta":[],"product_brand":[],"product_cat":[7907],"product_tag":[],"class_list":{"0":"post-126834","1":"product","2":"type-product","3":"status-publish","4":"has-post-thumbnail","6":"product_cat-verdampfer","8":"first","9":"instock","10":"sale","11":"taxable","12":"shipping-taxable","13":"purchasable","14":"product-type-simple"},"_links":{"self":[{"href":"https:\/\/www.budream.com\/de\/wp-json\/wp\/v2\/product\/126834","targetHints":{"allow":["GET"]}}],"collection":[{"href":"https:\/\/www.budream.com\/de\/wp-json\/wp\/v2\/product"}],"about":[{"href":"https:\/\/www.budream.com\/de\/wp-json\/wp\/v2\/types\/product"}],"replies":[{"embeddable":true,"href":"https:\/\/www.budream.com\/de\/wp-json\/wp\/v2\/comments?post=126834"}],"version-history":[{"count":0,"href":"https:\/\/www.budream.com\/de\/wp-json\/wp\/v2\/product\/126834\/revisions"}],"wp:featuredmedia":[{"embeddable":true,"href":"https:\/\/www.budream.com\/de\/wp-json\/wp\/v2\/media\/126823"}],"wp:attachment":[{"href":"https:\/\/www.budream.com\/de\/wp-json\/wp\/v2\/media?parent=126834"}],"wp:term":[{"taxonomy":"product_brand","embeddable":true,"href":"https:\/\/www.budream.com\/de\/wp-json\/wp\/v2\/product_brand?post=126834"},{"taxonomy":"product_cat","embeddable":true,"href":"https:\/\/www.budream.com\/de\/wp-json\/wp\/v2\/product_cat?post=126834"},{"taxonomy":"product_tag","embeddable":true,"href":"https:\/\/www.budream.com\/de\/wp-json\/wp\/v2\/product_tag?post=126834"}],"curies":[{"name":"wp","href":"https:\/\/api.w.org\/{rel}","templated":true}]}}