{"id":126929,"date":"2025-07-30T20:14:38","date_gmt":"2025-07-30T18:14:38","guid":{"rendered":"https:\/\/www.budream.com\/shop\/grenzenlos-cf-710-extrakt-stift\/"},"modified":"2025-12-23T12:49:39","modified_gmt":"2025-12-23T10:49:39","slug":"grenzenlos-cf-710-extrakt-stift","status":"publish","type":"product","link":"https:\/\/www.budream.com\/de\/shop\/grenzenlos-cf-710-extrakt-stift\/","title":{"rendered":"GRENZENLOS &#8211; CF-710 EXTRAKT STIFT"},"content":{"rendered":"<p><strong>BOUNDLESS CF-710<\/strong> f\u00fcgt eine Sprosse auf der Leiter der vaping Extrakte und Konzentrate wie BHO, WAX und \u00d6le.<br \/>Der <strong>CF-710 <\/strong> ist ein Design- und ger\u00e4uschloser Stift, der es Ihnen erm\u00f6glicht, \u00d6le und Konzentrate mit einer v\u00f6llig anderen Erfahrung und frei von Flammen und Elektrizit\u00e4t zu genie\u00dfen. Er ist aus 100% Edelstahl gefertigt und bietet eine Auswahl an Keramik- oder Quarzspulen.<\/p>\n<h2><span style=\"text-decoration: underline\">WIE FUNKTIONIERT DER BOUNDLESS CF-710?<\/span><\/h2>\n<p>Wie herk\u00f6mmliche BHO-Stifte wird der Boundless CF 710 durch Gedr\u00fcckthalten der Einschalttaste aktiviert; die Spule beginnt sich zu erhitzen und <strong>erreicht in wenigen Sekunden ihre Temperatur<\/strong>:<br \/>Tauchen Sie einfach die Heizspitze (Coil) in ein Glas mit Extrakt und dr\u00fccken Sie den Knopf, w\u00e4hrend Sie ziehen!<br \/>Da die Heizspirale vom Mundst\u00fcck entfernt ist, hat der Dampf mehr Zeit, sich im Inneren des Stifts zu bewegen und abzuk\u00fchlen, bevor er den Gaumen erreicht; diese besondere Verdampfungsmethode ist <strong>ideal f\u00fcr Extraktliebhaber<\/strong> oder diejenigen, die nicht gerne husten!<br \/>Der <strong>BOUNDLESS CF-710 <\/strong> wird von einem einzigen internen 16500 LG 10A-Akku mit einer Kapazit\u00e4t von 900 mAh angetrieben, der eine hervorragende Leistung bietet: bis zu einer Stunde Nutzungsdauer!<\/p>\n<h2><span style=\"text-decoration: underline\">Technische Daten BOUNDLESS CF-710:<\/span><\/h2>\n<ul style=\"list-style-type: disc\">\n<li>Nektar-Sammler Vaping-Technik<\/li>\n<li>900 mAh-Akku<\/li>\n<li>austauschbare Keramik- und Quarzspulen<\/li>\n<li>sofort einsatzbereit, keine Aufw\u00e4rmzeit<\/li>\n<li>aus rostfreiem Stahl gefertigt<\/li>\n<li>keine Flamme oder Elektrizit\u00e4t erforderlich<\/li>\n<\/ul>\n","protected":false},"excerpt":{"rendered":"<p>BOUNDLESS CF-710 f\u00fcgt eine Sprosse auf der Leiter der vaping Extrakte und Konzentrate wie BHO, WAX und \u00d6le.Der CF-710 ist<\/p>\n","protected":false},"featured_media":126913,"comment_status":"open","ping_status":"closed","template":"","meta":[],"product_brand":[],"product_cat":[7907],"product_tag":[],"class_list":{"0":"post-126929","1":"product","2":"type-product","3":"status-publish","4":"has-post-thumbnail","6":"product_cat-verdampfer","8":"first","9":"instock","10":"taxable","11":"shipping-taxable","12":"purchasable","13":"product-type-simple"},"aioseo_notices":[],"_links":{"self":[{"href":"https:\/\/www.budream.com\/de\/wp-json\/wp\/v2\/product\/126929","targetHints":{"allow":["GET"]}}],"collection":[{"href":"https:\/\/www.budream.com\/de\/wp-json\/wp\/v2\/product"}],"about":[{"href":"https:\/\/www.budream.com\/de\/wp-json\/wp\/v2\/types\/product"}],"replies":[{"embeddable":true,"href":"https:\/\/www.budream.com\/de\/wp-json\/wp\/v2\/comments?post=126929"}],"version-history":[{"count":0,"href":"https:\/\/www.budream.com\/de\/wp-json\/wp\/v2\/product\/126929\/revisions"}],"wp:featuredmedia":[{"embeddable":true,"href":"https:\/\/www.budream.com\/de\/wp-json\/wp\/v2\/media\/126913"}],"wp:attachment":[{"href":"https:\/\/www.budream.com\/de\/wp-json\/wp\/v2\/media?parent=126929"}],"wp:term":[{"taxonomy":"product_brand","embeddable":true,"href":"https:\/\/www.budream.com\/de\/wp-json\/wp\/v2\/product_brand?post=126929"},{"taxonomy":"product_cat","embeddable":true,"href":"https:\/\/www.budream.com\/de\/wp-json\/wp\/v2\/product_cat?post=126929"},{"taxonomy":"product_tag","embeddable":true,"href":"https:\/\/www.budream.com\/de\/wp-json\/wp\/v2\/product_tag?post=126929"}],"curies":[{"name":"wp","href":"https:\/\/api.w.org\/{rel}","templated":true}]}}