{"id":126969,"date":"2025-07-30T20:17:11","date_gmt":"2025-07-30T18:17:11","guid":{"rendered":"https:\/\/www.budream.com\/shop\/secret-smoke-netz-fuer-secretbox-trockenextraktor-100-micron-gruen\/"},"modified":"2026-01-13T13:17:17","modified_gmt":"2026-01-13T11:17:17","slug":"secret-smoke-netz-fuer-secretbox-trockenextraktor-100-micron-gruen","status":"publish","type":"product","link":"https:\/\/www.budream.com\/de\/shop\/secret-smoke-netz-fuer-secretbox-trockenextraktor-100-micron-gruen\/","title":{"rendered":"SECRET SMOKE &#8211; NETZ F\u00dcR SECRETBOX TROCKENEXTRAKTOR | 100 MICRON GR\u00dcN"},"content":{"rendered":"<p>Ersatznetz f\u00fcr Secretbox Trockenextraktor von Pollen und Harzen (cod:SSBOX2)<br \/>Netzgr\u00f6\u00dfe 100 Mikrometer.<\/p>\n","protected":false},"excerpt":{"rendered":"<p>Ersatznetz f\u00fcr Secretbox Trockenextraktor von Pollen und Harzen (cod:SSBOX2)Netzgr\u00f6\u00dfe 100 Mikrometer.<\/p>\n","protected":false},"featured_media":126958,"comment_status":"open","ping_status":"closed","template":"","meta":[],"product_brand":[],"product_cat":[7947],"product_tag":[],"class_list":{"0":"post-126969","1":"product","2":"type-product","3":"status-publish","4":"has-post-thumbnail","6":"product_cat-headshop-de","8":"first","9":"instock","10":"taxable","11":"shipping-taxable","12":"purchasable","13":"product-type-simple"},"_links":{"self":[{"href":"https:\/\/www.budream.com\/de\/wp-json\/wp\/v2\/product\/126969","targetHints":{"allow":["GET"]}}],"collection":[{"href":"https:\/\/www.budream.com\/de\/wp-json\/wp\/v2\/product"}],"about":[{"href":"https:\/\/www.budream.com\/de\/wp-json\/wp\/v2\/types\/product"}],"replies":[{"embeddable":true,"href":"https:\/\/www.budream.com\/de\/wp-json\/wp\/v2\/comments?post=126969"}],"version-history":[{"count":0,"href":"https:\/\/www.budream.com\/de\/wp-json\/wp\/v2\/product\/126969\/revisions"}],"wp:featuredmedia":[{"embeddable":true,"href":"https:\/\/www.budream.com\/de\/wp-json\/wp\/v2\/media\/126958"}],"wp:attachment":[{"href":"https:\/\/www.budream.com\/de\/wp-json\/wp\/v2\/media?parent=126969"}],"wp:term":[{"taxonomy":"product_brand","embeddable":true,"href":"https:\/\/www.budream.com\/de\/wp-json\/wp\/v2\/product_brand?post=126969"},{"taxonomy":"product_cat","embeddable":true,"href":"https:\/\/www.budream.com\/de\/wp-json\/wp\/v2\/product_cat?post=126969"},{"taxonomy":"product_tag","embeddable":true,"href":"https:\/\/www.budream.com\/de\/wp-json\/wp\/v2\/product_tag?post=126969"}],"curies":[{"name":"wp","href":"https:\/\/api.w.org\/{rel}","templated":true}]}}