{"id":126979,"date":"2025-07-30T20:17:48","date_gmt":"2025-07-30T18:17:48","guid":{"rendered":"https:\/\/www.budream.com\/shop\/brennnesselextrakt-1l-naturen-gegen-haeufige-schaedlinge\/"},"modified":"2026-01-26T13:10:58","modified_gmt":"2026-01-26T11:10:58","slug":"brennnesselextrakt-1l-naturen-gegen-haeufige-schaedlinge","status":"publish","type":"product","link":"https:\/\/www.budream.com\/de\/shop\/brennnesselextrakt-1l-naturen-gegen-haeufige-schaedlinge\/","title":{"rendered":"BRENNNESSELEXTRAKT 1L NATUREN GEGEN H\u00c4UFIGE SCH\u00c4DLINGE"},"content":{"rendered":"<p>Ein traditionelles Pr\u00e4parat auf Nesselbasis, das durch die nat\u00fcrliche Fermentation der Bl\u00e4tter der Pflanze in Wasser gewonnen wird.<br \/>Das Produkt kapselt die n\u00fctzlichen Eigenschaften der Zells\u00e4fte der Brennnessel ein, so dass sie von den Pflanzen leicht aufgenommen werden k\u00f6nnen, die bei der \u00dcberwindung von Phasen erh\u00f6hten Energieverbrauchs aufgrund von biotischem und abiotischem Stress unterst\u00fctzt werden m\u00fcssen.<br \/>biotische und abiotische Belastungen.<br \/>Als Erg\u00e4nzung zu organisch-mineralischen D\u00fcngemitteln bek\u00e4mpft es au\u00dferdem Sch\u00e4dlinge wie<br \/>Blattl\u00e4use, Brennnesseln, Motten, Karpfen, Milben, Alternaria (Schwarzfleckenkrankheit), Moniliosis und stimuliert das Pflanzenwachstum.<br \/>Geeignet f\u00fcr alle Kulturpflanzen: Gem\u00fcse und Zierpflanzen. Wird verd\u00fcnnt und durch Bew\u00e4sserung um die Pflanzen herum oder durch Bespr\u00fchen des Blattwerks verwendet.<\/p>\n<ul>\n<li>Grundstoff gem\u00e4\u00df der EG-Verordnung 1107\/2009<\/li>\n<li>Ausfallzeit: 7 Tage<\/li>\n<\/ul>\n<p>BEK\u00c4MPFT SCH\u00c4DLINGE HILFT DEN PFLANZEN BEI DER STRESSBEW\u00c4LTIGUNG IM \u00d6KOLOGISCHEN LANDBAU ERLAUBT<\/p>\n","protected":false},"excerpt":{"rendered":"<p>Ein traditionelles Pr\u00e4parat auf Nesselbasis, das durch die nat\u00fcrliche Fermentation der Bl\u00e4tter der Pflanze in Wasser gewonnen wird.Das Produkt kapselt<\/p>\n","protected":false},"featured_media":126973,"comment_status":"open","ping_status":"closed","template":"","meta":[],"product_brand":[],"product_cat":[7929],"product_tag":[],"class_list":{"0":"post-126979","1":"product","2":"type-product","3":"status-publish","4":"has-post-thumbnail","6":"product_cat-pflanzenschutz-und-abwehr","8":"first","9":"instock","10":"taxable","11":"shipping-taxable","12":"purchasable","13":"product-type-simple"},"aioseo_notices":[],"_links":{"self":[{"href":"https:\/\/www.budream.com\/de\/wp-json\/wp\/v2\/product\/126979","targetHints":{"allow":["GET"]}}],"collection":[{"href":"https:\/\/www.budream.com\/de\/wp-json\/wp\/v2\/product"}],"about":[{"href":"https:\/\/www.budream.com\/de\/wp-json\/wp\/v2\/types\/product"}],"replies":[{"embeddable":true,"href":"https:\/\/www.budream.com\/de\/wp-json\/wp\/v2\/comments?post=126979"}],"wp:featuredmedia":[{"embeddable":true,"href":"https:\/\/www.budream.com\/de\/wp-json\/wp\/v2\/media\/126973"}],"wp:attachment":[{"href":"https:\/\/www.budream.com\/de\/wp-json\/wp\/v2\/media?parent=126979"}],"wp:term":[{"taxonomy":"product_brand","embeddable":true,"href":"https:\/\/www.budream.com\/de\/wp-json\/wp\/v2\/product_brand?post=126979"},{"taxonomy":"product_cat","embeddable":true,"href":"https:\/\/www.budream.com\/de\/wp-json\/wp\/v2\/product_cat?post=126979"},{"taxonomy":"product_tag","embeddable":true,"href":"https:\/\/www.budream.com\/de\/wp-json\/wp\/v2\/product_tag?post=126979"}],"curies":[{"name":"wp","href":"https:\/\/api.w.org\/{rel}","templated":true}]}}