{"id":126989,"date":"2025-07-30T20:18:25","date_gmt":"2025-07-30T18:18:25","guid":{"rendered":"https:\/\/www.budream.com\/shop\/homoeoplant-homoeopathische-mittel-zu-stimulieren-metabiolismus-fuer-den-gartenbau-750ml\/"},"modified":"2025-11-20T17:49:45","modified_gmt":"2025-11-20T15:49:45","slug":"homoeoplant-homoeopathische-mittel-zu-stimulieren-metabiolismus-fuer-den-gartenbau-750ml","status":"publish","type":"product","link":"https:\/\/www.budream.com\/de\/shop\/homoeoplant-homoeopathische-mittel-zu-stimulieren-metabiolismus-fuer-den-gartenbau-750ml\/","title":{"rendered":"HOM\u00d6OPLANT HOM\u00d6OPATHISCHE MITTEL ZU STIMULIEREN METABIOLISMUS F\u00dcR DEN GARTENBAU 750ML"},"content":{"rendered":"<p>Hom\u00f6opathische Pr\u00e4parate zur St\u00e4rkung der Abwehrkr\u00e4fte von Pflanzen gegen Insekten und Krankheiten und f\u00fcr das Wachstum von Gartenpflanzen. <\/p>\n<p>Diese Pr\u00e4parate sind keine Phytopharmaka oder D\u00fcngemittel in klassischer Form, sondern stellen eine funktionelle Methode zum Ausgleich der nat\u00fcrlichen Prozesse der Pflanzen und eine au\u00dfergew\u00f6hnliche Innovation f\u00fcr die nachhaltige Landwirtschaft dar. Sie sind sicher f\u00fcr Mensch und Tier und belasten die Umwelt nicht.<\/p>\n<p>Die Flortis-Hom\u00f6oplant-Linie wurde nach mehrj\u00e4hrigen Studien in Zusammenarbeit mit einer f\u00fchrenden europ\u00e4ischen Universit\u00e4t entwickelt. Das hom\u00f6opathische Pr\u00e4parat aus Pflanzen- und Mineralextrakten wurde speziell entwickelt, um die Pflanzen auf nat\u00fcrliche Weise zu st\u00e4rken und ihre Widerstandsf\u00e4higkeit gegen verschiedene Stressfaktoren wie Temperaturschwankungen, unzureichende Wachstumsbedingungen und N\u00e4hrstoffmangel zu erh\u00f6hen.<\/p>\n<p>Steigert das Wachstum, die Bl\u00fcte und die Fruchtentwicklung unter Stressbedingungen. <\/p>\n<p>Die Flasche gut sch\u00fctteln, 3 volle Kappen in 1 l Wasser verd\u00fcnnen und die Pflanzen mit einer Gie\u00dfkanne bespr\u00fchen. <br \/>Es wird empfohlen, eine erste Behandlung bei der Aussaat oder beim Umpflanzen vorzunehmen und diese w\u00e4hrend der Wachstumsperiode f\u00fcr maximal 3 Behandlungen pro Kultur zu wiederholen.<\/p>\n<p>Das Produkt hat eine lange Wirkungsdauer, auch bei starken Regenf\u00e4llen. <br \/>Die gleichzeitige Anwendung von Agrochemikalien kann die Wirksamkeit des Produkts beeintr\u00e4chtigen.<\/p>\n<h3><\/h3>\n","protected":false},"excerpt":{"rendered":"<p>Hom\u00f6opathische Pr\u00e4parate zur St\u00e4rkung der Abwehrkr\u00e4fte von Pflanzen gegen Insekten und Krankheiten und f\u00fcr das Wachstum von Gartenpflanzen. Diese Pr\u00e4parate<\/p>\n","protected":false},"featured_media":126983,"comment_status":"open","ping_status":"closed","template":"","meta":[],"product_brand":[],"product_cat":[7929],"product_tag":[],"class_list":{"0":"post-126989","1":"product","2":"type-product","3":"status-publish","4":"has-post-thumbnail","6":"product_cat-pflanzenschutz-und-abwehr","8":"first","9":"instock","10":"taxable","11":"shipping-taxable","12":"purchasable","13":"product-type-simple"},"_links":{"self":[{"href":"https:\/\/www.budream.com\/de\/wp-json\/wp\/v2\/product\/126989","targetHints":{"allow":["GET"]}}],"collection":[{"href":"https:\/\/www.budream.com\/de\/wp-json\/wp\/v2\/product"}],"about":[{"href":"https:\/\/www.budream.com\/de\/wp-json\/wp\/v2\/types\/product"}],"replies":[{"embeddable":true,"href":"https:\/\/www.budream.com\/de\/wp-json\/wp\/v2\/comments?post=126989"}],"version-history":[{"count":0,"href":"https:\/\/www.budream.com\/de\/wp-json\/wp\/v2\/product\/126989\/revisions"}],"wp:featuredmedia":[{"embeddable":true,"href":"https:\/\/www.budream.com\/de\/wp-json\/wp\/v2\/media\/126983"}],"wp:attachment":[{"href":"https:\/\/www.budream.com\/de\/wp-json\/wp\/v2\/media?parent=126989"}],"wp:term":[{"taxonomy":"product_brand","embeddable":true,"href":"https:\/\/www.budream.com\/de\/wp-json\/wp\/v2\/product_brand?post=126989"},{"taxonomy":"product_cat","embeddable":true,"href":"https:\/\/www.budream.com\/de\/wp-json\/wp\/v2\/product_cat?post=126989"},{"taxonomy":"product_tag","embeddable":true,"href":"https:\/\/www.budream.com\/de\/wp-json\/wp\/v2\/product_tag?post=126989"}],"curies":[{"name":"wp","href":"https:\/\/api.w.org\/{rel}","templated":true}]}}