{"id":126994,"date":"2025-07-30T20:18:54","date_gmt":"2025-07-30T18:18:54","guid":{"rendered":"https:\/\/www.budream.com\/shop\/homoeoplant-homoeopathische-cochenille-mittel-fuer-pflanzen-750ml\/"},"modified":"2026-02-24T12:29:03","modified_gmt":"2026-02-24T10:29:03","slug":"homoeoplant-homoeopathische-cochenille-mittel-fuer-pflanzen-750ml","status":"publish","type":"product","link":"https:\/\/www.budream.com\/de\/shop\/homoeoplant-homoeopathische-cochenille-mittel-fuer-pflanzen-750ml\/","title":{"rendered":"HOM\u00d6OPLANT HOM\u00d6OPATHISCHE COCHENILLE MITTEL F\u00dcR PFLANZEN 750ML"},"content":{"rendered":"<p>Hom\u00f6opathisches Pr\u00e4parat aus Pflanzen- und Mineralextrakten, das speziell entwickelt wurde, um Pflanzen auf nat\u00fcrliche Weise zu st\u00e4rken, indem es ihre Widerstandsf\u00e4higkeit gegen Insekten mit hartem Exoskelett erh\u00f6ht, wie z. B.:<\/p>\n<p>&#8211; Schildl\u00e4use<br \/>&#8211; K\u00e4fer<br \/>&#8211; Kartoffelk\u00e4fer<\/p>\n<p>Die Flasche gut sch\u00fctteln, 3 volle Kappen in 1 l Wasser verd\u00fcnnen und die Pflanzen mit einer Gie\u00dfkanne bespr\u00fchen. <\/p>\n<p>Es wird empfohlen, eine erste Behandlung bei der Aussaat oder beim Umpflanzen vorzunehmen und diese w\u00e4hrend der Vegetationsperiode zu wiederholen (maximal 3 Behandlungen pro Kultur). <\/p>\n<p><strong>Kurative Wirkung:<\/strong> bei Insektenbefall die Flasche sch\u00fctteln, 6 Kappen in 1 l Wasser verd\u00fcnnen und die Behandlung alle 7 Tage wiederholen. <\/p>\n<p>Das Produkt hat eine lange Wirkungsdauer, auch bei starkem Regen. <br \/>Die gleichzeitige Verwendung von Agrochemikalien kann die Wirksamkeit des Produkts beeintr\u00e4chtigen.<\/p>\n","protected":false},"excerpt":{"rendered":"<p>Hom\u00f6opathisches Pr\u00e4parat aus Pflanzen- und Mineralextrakten, das speziell entwickelt wurde, um Pflanzen auf nat\u00fcrliche Weise zu st\u00e4rken, indem es ihre<\/p>\n","protected":false},"featured_media":253777,"comment_status":"open","ping_status":"closed","template":"","meta":[],"product_brand":[],"product_cat":[7929],"product_tag":[],"class_list":{"0":"post-126994","1":"product","2":"type-product","3":"status-publish","4":"has-post-thumbnail","6":"product_cat-pflanzenschutz-und-abwehr","8":"first","9":"instock","10":"taxable","11":"shipping-taxable","12":"purchasable","13":"product-type-simple"},"_links":{"self":[{"href":"https:\/\/www.budream.com\/de\/wp-json\/wp\/v2\/product\/126994","targetHints":{"allow":["GET"]}}],"collection":[{"href":"https:\/\/www.budream.com\/de\/wp-json\/wp\/v2\/product"}],"about":[{"href":"https:\/\/www.budream.com\/de\/wp-json\/wp\/v2\/types\/product"}],"replies":[{"embeddable":true,"href":"https:\/\/www.budream.com\/de\/wp-json\/wp\/v2\/comments?post=126994"}],"version-history":[{"count":0,"href":"https:\/\/www.budream.com\/de\/wp-json\/wp\/v2\/product\/126994\/revisions"}],"wp:featuredmedia":[{"embeddable":true,"href":"https:\/\/www.budream.com\/de\/wp-json\/wp\/v2\/media\/253777"}],"wp:attachment":[{"href":"https:\/\/www.budream.com\/de\/wp-json\/wp\/v2\/media?parent=126994"}],"wp:term":[{"taxonomy":"product_brand","embeddable":true,"href":"https:\/\/www.budream.com\/de\/wp-json\/wp\/v2\/product_brand?post=126994"},{"taxonomy":"product_cat","embeddable":true,"href":"https:\/\/www.budream.com\/de\/wp-json\/wp\/v2\/product_cat?post=126994"},{"taxonomy":"product_tag","embeddable":true,"href":"https:\/\/www.budream.com\/de\/wp-json\/wp\/v2\/product_tag?post=126994"}],"curies":[{"name":"wp","href":"https:\/\/api.w.org\/{rel}","templated":true}]}}