{"id":127069,"date":"2025-07-30T20:23:35","date_gmt":"2025-07-30T18:23:35","guid":{"rendered":"https:\/\/www.budream.com\/shop\/enecta-c1000-hempfoel-mit-cbd-10ml-1000mg\/"},"modified":"2026-03-23T16:22:23","modified_gmt":"2026-03-23T14:22:23","slug":"enecta-c1000-hempfoel-mit-cbd-10ml-1000mg","status":"publish","type":"product","link":"https:\/\/www.budream.com\/de\/shop\/enecta-c1000-hempfoel-mit-cbd-10ml-1000mg\/","title":{"rendered":"ENECTA &#8211; C1000 HEMPF\u00d6L MIT CBD | 10ml 1000mg"},"content":{"rendered":"<p>Das<strong>CBD-\u00d6l von Enecta<\/strong> wird in spezialisierten und zertifizierten Laboratorien unter strengen und strikten Vorschriften im Rahmen der GMP-Zertifizierung (Good Manufacturing Practices) hergestellt und auf <strong>Reinheit und Sicherheit<\/strong> gepr\u00fcft und ist v\u00f6llig frei von synthetischen Inhaltsstoffen.<\/p>\n<p><strong><i>Enecta Produkte:<\/i><\/strong><\/p>\n<ul style=\"list-style-type: disc\">\n<li>sind keine Arzneimittel;<\/li>\n<li>werden aus Hanfsorten gewonnen, die im Gemeinsamen Europ\u00e4ischen Register aufgef\u00fchrt sind, und erf\u00fcllen die \u00fcbrigen Anforderungen der Verordnung 242\/2016<\/li>\n<li>sind f\u00fcr die nicht-orale kosmetische Anwendung bestimmt<\/li>\n<li><i>wurden ordnungsgem\u00e4\u00df im CPNP (Europ\u00e4isches Portal f\u00fcr kosmetische Mittel) angemeldet (<a href=\"https:\/\/drive.google.com\/file\/d\/1OX66qEIUBMYUa8Y3_N8Bz8kUnHZgEK3V\/view?usp=sharing\">Registrierungsnummer 2469715<\/a>).<\/i><\/li>\n<\/ul>\n<p><\/p>\n<h2><span style=\"text-decoration: underline\">Enecta C1000 Hanf\u00f6l mit CBD:<\/span><\/h2>\n<p>Kaltgepresstes Hanfsamen\u00f6l, Cannabidiol, Terpene, Vitamin E, andere nat\u00fcrlich im Extrakt enthaltene Hanfmolek\u00fcle.<\/p>\n<p>Jede Flasche enth\u00e4lt 10 ml Bio-Cannabis-Extrakt mit <strong>10% CBD<\/strong> (1000 mg).<\/p>\n<p>Gewonnen durch Kaltpressung von Hanf-Sativa-Samen.<\/p>\n<p>C1000 enth\u00e4lt Inhaltsstoffe von h\u00f6chster Qualit\u00e4t und Reinheit, deren Eigenschaften synergetisch zusammenwirken, um die beruhigende Wirkung zu erzielen.<br \/>An einem k\u00fchlen und trockenen Ort aufbewahren.<br \/>VERWENDUNG IM AUSSENBEREICH.<\/p>\n<p><strong>Enth\u00e4lt 1000mg CBD<\/strong>.<\/p>\n","protected":false},"excerpt":{"rendered":"<p>DasCBD-\u00d6l von Enecta wird in spezialisierten und zertifizierten Laboratorien unter strengen und strikten Vorschriften im Rahmen der GMP-Zertifizierung (Good Manufacturing<\/p>\n","protected":false},"featured_media":127063,"comment_status":"open","ping_status":"closed","template":"","meta":[],"product_brand":[],"product_cat":[7912],"product_tag":[],"class_list":{"0":"post-127069","1":"product","2":"type-product","3":"status-publish","4":"has-post-thumbnail","6":"product_cat-kosmetik","8":"first","9":"instock","10":"taxable","11":"shipping-taxable","12":"purchasable","13":"product-type-simple"},"_links":{"self":[{"href":"https:\/\/www.budream.com\/de\/wp-json\/wp\/v2\/product\/127069","targetHints":{"allow":["GET"]}}],"collection":[{"href":"https:\/\/www.budream.com\/de\/wp-json\/wp\/v2\/product"}],"about":[{"href":"https:\/\/www.budream.com\/de\/wp-json\/wp\/v2\/types\/product"}],"replies":[{"embeddable":true,"href":"https:\/\/www.budream.com\/de\/wp-json\/wp\/v2\/comments?post=127069"}],"version-history":[{"count":0,"href":"https:\/\/www.budream.com\/de\/wp-json\/wp\/v2\/product\/127069\/revisions"}],"wp:featuredmedia":[{"embeddable":true,"href":"https:\/\/www.budream.com\/de\/wp-json\/wp\/v2\/media\/127063"}],"wp:attachment":[{"href":"https:\/\/www.budream.com\/de\/wp-json\/wp\/v2\/media?parent=127069"}],"wp:term":[{"taxonomy":"product_brand","embeddable":true,"href":"https:\/\/www.budream.com\/de\/wp-json\/wp\/v2\/product_brand?post=127069"},{"taxonomy":"product_cat","embeddable":true,"href":"https:\/\/www.budream.com\/de\/wp-json\/wp\/v2\/product_cat?post=127069"},{"taxonomy":"product_tag","embeddable":true,"href":"https:\/\/www.budream.com\/de\/wp-json\/wp\/v2\/product_tag?post=127069"}],"curies":[{"name":"wp","href":"https:\/\/api.w.org\/{rel}","templated":true}]}}