{"id":127084,"date":"2025-07-30T20:24:42","date_gmt":"2025-07-30T18:24:42","guid":{"rendered":"https:\/\/www.budream.com\/shop\/adapter-von-bong-auf-silikonpfeife-fuer-tabletop-verdampfer\/"},"modified":"2025-12-23T12:36:50","modified_gmt":"2025-12-23T10:36:50","slug":"adapter-von-bong-auf-silikonpfeife-fuer-tabletop-verdampfer","status":"publish","type":"product","link":"https:\/\/www.budream.com\/de\/shop\/adapter-von-bong-auf-silikonpfeife-fuer-tabletop-verdampfer\/","title":{"rendered":"ADAPTER VON BONG AUF SILIKONPFEIFE F\u00dcR TABLETOP-VERDAMPFER"},"content":{"rendered":"<p>Adapter f\u00fcr Desktop-Verdampfer mit Silikonschlauch. <br \/>3-in-1 Stecker f\u00fcr Bongs mit 10mm 14mm 18mm Buchsenstecker.<\/p>\n<h2><span style=\"text-decoration: underline\"><span style=\"font-size: 14pt\">Adapter von Bong zu Silikonrohr f\u00fcr Vaporizer:<\/span><br \/><\/span><\/h2>\n<ul style=\"list-style-type: disc\">\n<li>SCHLAUCHDURCHMESSER: 8MM.<\/li>\n<li>Perfekt f\u00fcr alle VAPORITE, EXTREME-Q, V-TOWER und viele andere Tabletop-Verdampfer.<\/li>\n<li>3-in-1 m\u00e4nnliche Kupplung 10mm, 14mm und 18mm<\/li>\n<\/ul>\n","protected":false},"excerpt":{"rendered":"<p>Adapter f\u00fcr Desktop-Verdampfer mit Silikonschlauch. 3-in-1 Stecker f\u00fcr Bongs mit 10mm 14mm 18mm Buchsenstecker. Adapter von Bong zu Silikonrohr f\u00fcr<\/p>\n","protected":false},"featured_media":127078,"comment_status":"open","ping_status":"closed","template":"","meta":[],"product_brand":[],"product_cat":[7907],"product_tag":[],"class_list":{"0":"post-127084","1":"product","2":"type-product","3":"status-publish","4":"has-post-thumbnail","6":"product_cat-verdampfer","8":"first","9":"instock","10":"taxable","11":"shipping-taxable","12":"purchasable","13":"product-type-simple"},"aioseo_notices":[],"_links":{"self":[{"href":"https:\/\/www.budream.com\/de\/wp-json\/wp\/v2\/product\/127084","targetHints":{"allow":["GET"]}}],"collection":[{"href":"https:\/\/www.budream.com\/de\/wp-json\/wp\/v2\/product"}],"about":[{"href":"https:\/\/www.budream.com\/de\/wp-json\/wp\/v2\/types\/product"}],"replies":[{"embeddable":true,"href":"https:\/\/www.budream.com\/de\/wp-json\/wp\/v2\/comments?post=127084"}],"version-history":[{"count":0,"href":"https:\/\/www.budream.com\/de\/wp-json\/wp\/v2\/product\/127084\/revisions"}],"wp:featuredmedia":[{"embeddable":true,"href":"https:\/\/www.budream.com\/de\/wp-json\/wp\/v2\/media\/127078"}],"wp:attachment":[{"href":"https:\/\/www.budream.com\/de\/wp-json\/wp\/v2\/media?parent=127084"}],"wp:term":[{"taxonomy":"product_brand","embeddable":true,"href":"https:\/\/www.budream.com\/de\/wp-json\/wp\/v2\/product_brand?post=127084"},{"taxonomy":"product_cat","embeddable":true,"href":"https:\/\/www.budream.com\/de\/wp-json\/wp\/v2\/product_cat?post=127084"},{"taxonomy":"product_tag","embeddable":true,"href":"https:\/\/www.budream.com\/de\/wp-json\/wp\/v2\/product_tag?post=127084"}],"curies":[{"name":"wp","href":"https:\/\/api.w.org\/{rel}","templated":true}]}}