{"id":127224,"date":"2025-07-30T20:31:03","date_gmt":"2025-07-30T18:31:03","guid":{"rendered":"https:\/\/www.budream.com\/shop\/arizer-kraeuterfach-arizer-xq2-v-tower-exteme-q\/"},"modified":"2026-03-10T13:52:21","modified_gmt":"2026-03-10T11:52:21","slug":"arizer-kraeuterfach-arizer-xq2-v-tower-exteme-q","status":"publish","type":"product","link":"https:\/\/www.budream.com\/de\/shop\/arizer-kraeuterfach-arizer-xq2-v-tower-exteme-q\/","title":{"rendered":"ARIZER &#8211; KR\u00c4UTERFACH | ARIZER XQ2 &#8211; V-TOWER &#8211; EXTEME-Q"},"content":{"rendered":"<p>Kr\u00e4uterschale &#8218;Cyclone Bowl&#8216; f\u00fcr ARIZER XQ2, V-TOWER und EXTEME-Q<\/p>\n<p>Kr\u00e4uterschale f\u00fcr die ARIZER Modelle XQ2\/V-TOWER\/EXTEME-Q.<\/p>\n","protected":false},"excerpt":{"rendered":"<p>Kr\u00e4uterschale &#8218;Cyclone Bowl&#8216; f\u00fcr ARIZER XQ2, V-TOWER und EXTEME-Q Kr\u00e4uterschale f\u00fcr die ARIZER Modelle XQ2\/V-TOWER\/EXTEME-Q.<\/p>\n","protected":false},"featured_media":127213,"comment_status":"open","ping_status":"closed","template":"","meta":[],"product_brand":[],"product_cat":[7907],"product_tag":[],"class_list":{"0":"post-127224","1":"product","2":"type-product","3":"status-publish","4":"has-post-thumbnail","6":"product_cat-verdampfer","8":"first","9":"instock","10":"sale","11":"taxable","12":"shipping-taxable","13":"purchasable","14":"product-type-simple"},"aioseo_notices":[],"_links":{"self":[{"href":"https:\/\/www.budream.com\/de\/wp-json\/wp\/v2\/product\/127224","targetHints":{"allow":["GET"]}}],"collection":[{"href":"https:\/\/www.budream.com\/de\/wp-json\/wp\/v2\/product"}],"about":[{"href":"https:\/\/www.budream.com\/de\/wp-json\/wp\/v2\/types\/product"}],"replies":[{"embeddable":true,"href":"https:\/\/www.budream.com\/de\/wp-json\/wp\/v2\/comments?post=127224"}],"version-history":[{"count":0,"href":"https:\/\/www.budream.com\/de\/wp-json\/wp\/v2\/product\/127224\/revisions"}],"wp:featuredmedia":[{"embeddable":true,"href":"https:\/\/www.budream.com\/de\/wp-json\/wp\/v2\/media\/127213"}],"wp:attachment":[{"href":"https:\/\/www.budream.com\/de\/wp-json\/wp\/v2\/media?parent=127224"}],"wp:term":[{"taxonomy":"product_brand","embeddable":true,"href":"https:\/\/www.budream.com\/de\/wp-json\/wp\/v2\/product_brand?post=127224"},{"taxonomy":"product_cat","embeddable":true,"href":"https:\/\/www.budream.com\/de\/wp-json\/wp\/v2\/product_cat?post=127224"},{"taxonomy":"product_tag","embeddable":true,"href":"https:\/\/www.budream.com\/de\/wp-json\/wp\/v2\/product_tag?post=127224"}],"curies":[{"name":"wp","href":"https:\/\/api.w.org\/{rel}","templated":true}]}}