{"id":127234,"date":"2025-07-30T20:31:31","date_gmt":"2025-07-30T18:31:31","guid":{"rendered":"https:\/\/www.budream.com\/shop\/brennnessel-mazerat-1l-presto-bio\/"},"modified":"2025-10-14T17:15:03","modified_gmt":"2025-10-14T15:15:03","slug":"brennnessel-mazerat-1l-presto-bio","status":"publish","type":"product","link":"https:\/\/www.budream.com\/de\/shop\/brennnessel-mazerat-1l-presto-bio\/","title":{"rendered":"BRENNNESSEL MAZERAT 1L PRESTO BIO"},"content":{"rendered":"<p>Kann auf Gem\u00fcse, kleinen Fr\u00fcchten, Blumen, Rasen, Reben verwendet werden.<br \/>Fermentiertes Gem\u00fcseprodukt auf Nesselbasis.<br \/>Stabilisierte traditionelle Rezeptur.<\/p>\n<p>F\u00f6rdert die Wurzelbildung nach dem Umpflanzen.<br \/>Ideal f\u00fcr die Photosynthese.<\/p>\n<p>Dieses stabilisierte PRESTOBIO&reg;-Naturpr\u00e4parat<sup>, das<\/sup> im \u00f6kologischen Landbau verwendet werden kann, wird als Erg\u00e4nzung zu Ihren regul\u00e4ren organisch-mineralischen D\u00fcngemitteln eingesetzt. Dieses fermentierte Pflanzenprodukt wird nach traditionellen Fermentations- und Filtrationsverfahren auf der Basis von Brennnessel und Wasser gewonnen.<\/p>\n<p><strong>Anweisungen zur Verwendung<\/strong><br \/>Gem\u00fcse und kleine Fr\u00fcchte: Paprika, Tomaten, Auberginen, Zucchini, Bohnen, Erbsen, Kartoffeln, Kohl, Brokkoli, Zwiebeln, Schalotten, Knoblauch, Lauch, Radieschen, Rote Beete, Erdbeeren, Himbeeren, usw.<br \/>Blumen: Rosen, Geranien, Petunien&#8230;<br \/>Rasen &#8211; Reben.<\/p>\n<div class=\"fck\">\n<p><strong>Vor Gebrauch sch\u00fctteln.<\/strong><\/p>\n<p><strong>Blattspritzen (Spr\u00fchen)<\/strong>: auf Setzlinge zweimal w\u00f6chentlich, dann alle 2 Wochen auf Gem\u00fcse oder Blumen.<br \/><strong>Bew\u00e4sserung<\/strong>: am Fu\u00df der jungen Pflanzen, 2 Mal im Abstand von 7 Tagen.<\/p>\n<p><strong>Dosierung :<\/strong> <br \/>Spr\u00fchen (Bespr\u00fchen) : 100 ml pro 5 Liter Wasser<br \/>Befeuchten : 250 ml pro 5 Liter Wasser<\/p>\n<p>Nettogewicht : 1000 g<br \/>Nettovolumen: 1 Liter<\/p>\n<p><strong>Verbraucherinformation : <\/strong>Verwenden Sie das Produkt nicht pur und unverd\u00fcnnt.<br \/>Halten Sie sich an die vorgeschriebenen Dosierungen.<br \/>Mindestabstand zwischen 2 Behandlungen : 7 Tage<br \/>Jede mit dem Produkt behandelte Pflanze kann 2 Tage nach der Behandlung geerntet werden.<br \/>Spr\u00fchen (spr\u00fchen) Sie auf das Blattwerk und achten Sie darauf, dass die Tr\u00f6pfchen sehr fein sind, und zwar am Abend, weit weg von der Hitzespitze.<\/p>\n<\/div>\n<div class=\"rea\"><\/div>\n","protected":false},"excerpt":{"rendered":"<p>Kann auf Gem\u00fcse, kleinen Fr\u00fcchten, Blumen, Rasen, Reben verwendet werden.Fermentiertes Gem\u00fcseprodukt auf Nesselbasis.Stabilisierte traditionelle Rezeptur. F\u00f6rdert die Wurzelbildung nach dem<\/p>\n","protected":false},"featured_media":127228,"comment_status":"open","ping_status":"closed","template":"","meta":[],"product_brand":[],"product_cat":[7929],"product_tag":[],"class_list":{"0":"post-127234","1":"product","2":"type-product","3":"status-publish","4":"has-post-thumbnail","6":"product_cat-pflanzenschutz-und-abwehr","8":"first","9":"outofstock","10":"taxable","11":"shipping-taxable","12":"purchasable","13":"product-type-simple"},"aioseo_notices":[],"_links":{"self":[{"href":"https:\/\/www.budream.com\/de\/wp-json\/wp\/v2\/product\/127234","targetHints":{"allow":["GET"]}}],"collection":[{"href":"https:\/\/www.budream.com\/de\/wp-json\/wp\/v2\/product"}],"about":[{"href":"https:\/\/www.budream.com\/de\/wp-json\/wp\/v2\/types\/product"}],"replies":[{"embeddable":true,"href":"https:\/\/www.budream.com\/de\/wp-json\/wp\/v2\/comments?post=127234"}],"version-history":[{"count":0,"href":"https:\/\/www.budream.com\/de\/wp-json\/wp\/v2\/product\/127234\/revisions"}],"wp:featuredmedia":[{"embeddable":true,"href":"https:\/\/www.budream.com\/de\/wp-json\/wp\/v2\/media\/127228"}],"wp:attachment":[{"href":"https:\/\/www.budream.com\/de\/wp-json\/wp\/v2\/media?parent=127234"}],"wp:term":[{"taxonomy":"product_brand","embeddable":true,"href":"https:\/\/www.budream.com\/de\/wp-json\/wp\/v2\/product_brand?post=127234"},{"taxonomy":"product_cat","embeddable":true,"href":"https:\/\/www.budream.com\/de\/wp-json\/wp\/v2\/product_cat?post=127234"},{"taxonomy":"product_tag","embeddable":true,"href":"https:\/\/www.budream.com\/de\/wp-json\/wp\/v2\/product_tag?post=127234"}],"curies":[{"name":"wp","href":"https:\/\/api.w.org\/{rel}","templated":true}]}}