{"id":127244,"date":"2025-07-30T20:32:00","date_gmt":"2025-07-30T18:32:00","guid":{"rendered":"https:\/\/www.budream.com\/shop\/behandlung-von-pilzkrankheiten-fuer-kleine-fruechte-und-gemuese-750ml-mit-zerstaeuber\/"},"modified":"2026-03-25T13:03:11","modified_gmt":"2026-03-25T11:03:11","slug":"behandlung-von-pilzkrankheiten-fuer-kleine-fruechte-und-gemuese-750ml-mit-zerstaeuber","status":"publish","type":"product","link":"https:\/\/www.budream.com\/de\/shop\/behandlung-von-pilzkrankheiten-fuer-kleine-fruechte-und-gemuese-750ml-mit-zerstaeuber\/","title":{"rendered":"BEHANDLUNG VON PILZKRANKHEITEN F\u00dcR KLEINE FR\u00dcCHTE UND GEM\u00dcSE 750ML MIT ZERST\u00c4UBER"},"content":{"rendered":"<p><strong>Vorbeugende und heilende Wirkung gegen Mehltau und Falschen Mehltau<br \/><\/strong><\/p>\n<p>Grundstoffe sind Wirkstoffe, die in der Umwelt nat\u00fcrlich vorkommen. Sie k\u00f6nnen aus Lebensmitteln, Pflanzen, Tieren oder Mineralien stammen.<\/p>\n<div class=\"fck\">\n<p><strong>NATRIUMBIKARBONAT UND LECITHIN<\/strong><br \/>Natron ist f\u00fcr seine zahlreichen Vorz\u00fcge bekannt. Es kann im Haushalt zur Reinigung von Pflanzenbl\u00e4ttern verwendet werden (es entfernt wirksam Staub, Fett und durch Verschmutzung verursachte Ablagerungen).<br \/>Wenn es bei den ersten Symptomen angewendet wird, verhindert es die Entwicklung von Pilzkrankheiten, die Pflanzen befallen k\u00f6nnen, und verl\u00e4ngert die Lebensdauer von Obst und Gem\u00fcse nach der Ernte.<br \/>Lecithin ist ein Lipid, das in Eigelb und einigen Pflanzen wie Soja oder Sonnenblumen vorkommt. Es hat auch antimykotische Eigenschaften.<br \/>Die Kombination von Bikarbonat und Lecithin sch\u00fctzt Gartenpflanzen, Kleinfr\u00fcchte (Himbeeren, Johannisbeeren usw.) und Obstb\u00e4ume vor Krankheiten (Echter Mehltau, Falscher Mehltau), die die Bl\u00e4tter befallen und Obst und Gem\u00fcse verderben.<\/p>\n<p><strong>ANWENDUNGSBEREITSCHAFT<\/strong><\/p>\n<p><strong>Empfehlungen f\u00fcr die Anwendung<\/strong><br \/>Bei Windstille und gem\u00e4\u00dfigten Temperaturen ausbringen. Nicht in den 5 Tagen vor der Ernte anwenden. Maximal 8 Mal pro Jahr anwenden, mit einem Mindestabstand von 10 Tagen zwischen den Anwendungen. Obst und Gem\u00fcse vor dem Verzehr gut waschen.<\/p>\n<p>Nettovolumen: 750 ml<\/p>\n<p><strong>Zusammensetzung:<\/strong> Natriumbicarbonat (CAS-Nr. 144-55-8): 10 g\/l<br \/>Lecithin (CAS-Nr. 8002-43-5): 1,5 g\/l<\/p>\n<p>Grundstoff zugelassen gem\u00e4\u00df Verordnung (EG) Nr. 1107\/2009 und Durchf\u00fchrungsverordnungen (EU) Nr. 1116\/2015 und Nr. 2069\/2015. Die Verwendung von Natriumbicarbonat ist unter den im Pr\u00fcfbericht SANTE\/10667\/2015 genannten besonderen Bedingungen zugelassen. Die Verwendung von Lecithinen ist unter den besonderen Bedingungen des Pr\u00fcfungsberichts SANCO\/12798\/2014 zugelassen.<\/p>\n<\/div>\n<div class=\"rea\"><\/div>\n","protected":false},"excerpt":{"rendered":"<p>Vorbeugende und heilende Wirkung gegen Mehltau und Falschen Mehltau Grundstoffe sind Wirkstoffe, die in der Umwelt nat\u00fcrlich vorkommen. Sie k\u00f6nnen<\/p>\n","protected":false},"featured_media":127238,"comment_status":"open","ping_status":"closed","template":"","meta":[],"product_brand":[],"product_cat":[7929],"product_tag":[],"class_list":{"0":"post-127244","1":"product","2":"type-product","3":"status-publish","4":"has-post-thumbnail","6":"product_cat-pflanzenschutz-und-abwehr","8":"first","9":"instock","10":"taxable","11":"shipping-taxable","12":"purchasable","13":"product-type-simple"},"aioseo_notices":[],"_links":{"self":[{"href":"https:\/\/www.budream.com\/de\/wp-json\/wp\/v2\/product\/127244","targetHints":{"allow":["GET"]}}],"collection":[{"href":"https:\/\/www.budream.com\/de\/wp-json\/wp\/v2\/product"}],"about":[{"href":"https:\/\/www.budream.com\/de\/wp-json\/wp\/v2\/types\/product"}],"replies":[{"embeddable":true,"href":"https:\/\/www.budream.com\/de\/wp-json\/wp\/v2\/comments?post=127244"}],"version-history":[{"count":0,"href":"https:\/\/www.budream.com\/de\/wp-json\/wp\/v2\/product\/127244\/revisions"}],"wp:featuredmedia":[{"embeddable":true,"href":"https:\/\/www.budream.com\/de\/wp-json\/wp\/v2\/media\/127238"}],"wp:attachment":[{"href":"https:\/\/www.budream.com\/de\/wp-json\/wp\/v2\/media?parent=127244"}],"wp:term":[{"taxonomy":"product_brand","embeddable":true,"href":"https:\/\/www.budream.com\/de\/wp-json\/wp\/v2\/product_brand?post=127244"},{"taxonomy":"product_cat","embeddable":true,"href":"https:\/\/www.budream.com\/de\/wp-json\/wp\/v2\/product_cat?post=127244"},{"taxonomy":"product_tag","embeddable":true,"href":"https:\/\/www.budream.com\/de\/wp-json\/wp\/v2\/product_tag?post=127244"}],"curies":[{"name":"wp","href":"https:\/\/api.w.org\/{rel}","templated":true}]}}