{"id":127309,"date":"2025-07-30T20:37:55","date_gmt":"2025-07-30T18:37:55","guid":{"rendered":"https:\/\/www.budream.com\/shop\/gebrauchsfertiges-breitspektrum-insektizid-pyrethrum-garten-ppo-500ml\/"},"modified":"2026-03-19T13:54:09","modified_gmt":"2026-03-19T11:54:09","slug":"gebrauchsfertiges-breitspektrum-insektizid-pyrethrum-garten-ppo-500ml","status":"publish","type":"product","link":"https:\/\/www.budream.com\/de\/shop\/gebrauchsfertiges-breitspektrum-insektizid-pyrethrum-garten-ppo-500ml\/","title":{"rendered":"GEBRAUCHSFERTIGES BREITSPEKTRUM-INSEKTIZID PYRETHRUM GARTEN PPO 500ML"},"content":{"rendered":"<p>Gebrauchsfertiges Insektizid gegen Blattl\u00e4use, Thripse, K\u00e4fer, Aleuroden<br \/>Pflanzenschutzmittel f\u00fcr Zierpflanzen Reg. Nr. 10816\/PPO<\/p>\n<p>Kontaktinsektizid auf Basis von nat\u00fcrlichem Pyrethrum, das bl\u00fchende Pflanzen (Rosen, Azaleen, Begonien, Geranien, Hortensien, Oleander), Zimmerpflanzen (Ficus, Dracaena, Philodendron, Farn) und Zierpflanzen im Allgemeinen vor der sch\u00e4digenden Wirkung von Insekten wie Blattl\u00e4usen, Aleurodiden (Wei\u00dfe Fliegen), S\u00e4gefliegen, Thripsen, Thripsen, Tingiden, roten Spinnen, K\u00e4fern und entlaubenden Lepidoptera- und Infanterielarven sch\u00fctzt.<\/p>\n<p>ZUSAMMENSETZUNG (pro 100 g) Pyrethrine rein 0,075 g (= 0,75 g\/l), Piperonylbutoxid 0,564 g; Beistoffe q.b. zu g 100.<br \/>FORMULATION Gebrauchsfertige Fl\u00fcssigkeit.<br \/>VERPACKUNG 500 ml Flasche mit Ausl\u00f6ser.<\/p>\n<div id=\"isChromeWebToolbarDiv\"><\/div>\n","protected":false},"excerpt":{"rendered":"<p>Gebrauchsfertiges Insektizid gegen Blattl\u00e4use, Thripse, K\u00e4fer, AleurodenPflanzenschutzmittel f\u00fcr Zierpflanzen Reg. Nr. 10816\/PPO Kontaktinsektizid auf Basis von nat\u00fcrlichem Pyrethrum, das bl\u00fchende<\/p>\n","protected":false},"featured_media":127303,"comment_status":"open","ping_status":"closed","template":"","meta":[],"product_brand":[],"product_cat":[7929],"product_tag":[],"class_list":{"0":"post-127309","1":"product","2":"type-product","3":"status-publish","4":"has-post-thumbnail","6":"product_cat-pflanzenschutz-und-abwehr","8":"first","9":"instock","10":"taxable","11":"shipping-taxable","12":"purchasable","13":"product-type-simple"},"aioseo_notices":[],"_links":{"self":[{"href":"https:\/\/www.budream.com\/de\/wp-json\/wp\/v2\/product\/127309","targetHints":{"allow":["GET"]}}],"collection":[{"href":"https:\/\/www.budream.com\/de\/wp-json\/wp\/v2\/product"}],"about":[{"href":"https:\/\/www.budream.com\/de\/wp-json\/wp\/v2\/types\/product"}],"replies":[{"embeddable":true,"href":"https:\/\/www.budream.com\/de\/wp-json\/wp\/v2\/comments?post=127309"}],"version-history":[{"count":0,"href":"https:\/\/www.budream.com\/de\/wp-json\/wp\/v2\/product\/127309\/revisions"}],"wp:featuredmedia":[{"embeddable":true,"href":"https:\/\/www.budream.com\/de\/wp-json\/wp\/v2\/media\/127303"}],"wp:attachment":[{"href":"https:\/\/www.budream.com\/de\/wp-json\/wp\/v2\/media?parent=127309"}],"wp:term":[{"taxonomy":"product_brand","embeddable":true,"href":"https:\/\/www.budream.com\/de\/wp-json\/wp\/v2\/product_brand?post=127309"},{"taxonomy":"product_cat","embeddable":true,"href":"https:\/\/www.budream.com\/de\/wp-json\/wp\/v2\/product_cat?post=127309"},{"taxonomy":"product_tag","embeddable":true,"href":"https:\/\/www.budream.com\/de\/wp-json\/wp\/v2\/product_tag?post=127309"}],"curies":[{"name":"wp","href":"https:\/\/api.w.org\/{rel}","templated":true}]}}