{"id":127319,"date":"2025-07-30T20:39:08","date_gmt":"2025-07-30T18:39:08","guid":{"rendered":"https:\/\/www.budream.com\/shop\/arizer-wand-ladegeraet-fuer-arizer-air-eu-steckdose\/"},"modified":"2026-01-19T11:33:14","modified_gmt":"2026-01-19T09:33:14","slug":"arizer-wand-ladegeraet-fuer-arizer-air-eu-steckdose","status":"publish","type":"product","link":"https:\/\/www.budream.com\/de\/shop\/arizer-wand-ladegeraet-fuer-arizer-air-eu-steckdose\/","title":{"rendered":"ARIZER &#8211; WAND LADEGER\u00c4T F\u00dcR ARIZER AIR | EU STECKDOSE"},"content":{"rendered":"<p>Wandladeger\u00e4t f\u00fcr ARIZER AIR.<\/p>\n<p>EU-STECKER.<\/p>\n","protected":false},"excerpt":{"rendered":"<p>Wandladeger\u00e4t f\u00fcr ARIZER AIR. EU-STECKER.<\/p>\n","protected":false},"featured_media":127313,"comment_status":"open","ping_status":"closed","template":"","meta":[],"product_brand":[],"product_cat":[7907],"product_tag":[],"class_list":{"0":"post-127319","1":"product","2":"type-product","3":"status-publish","4":"has-post-thumbnail","6":"product_cat-verdampfer","8":"first","9":"instock","10":"sale","11":"taxable","12":"shipping-taxable","13":"purchasable","14":"product-type-simple"},"aioseo_notices":[],"_links":{"self":[{"href":"https:\/\/www.budream.com\/de\/wp-json\/wp\/v2\/product\/127319","targetHints":{"allow":["GET"]}}],"collection":[{"href":"https:\/\/www.budream.com\/de\/wp-json\/wp\/v2\/product"}],"about":[{"href":"https:\/\/www.budream.com\/de\/wp-json\/wp\/v2\/types\/product"}],"replies":[{"embeddable":true,"href":"https:\/\/www.budream.com\/de\/wp-json\/wp\/v2\/comments?post=127319"}],"version-history":[{"count":0,"href":"https:\/\/www.budream.com\/de\/wp-json\/wp\/v2\/product\/127319\/revisions"}],"wp:featuredmedia":[{"embeddable":true,"href":"https:\/\/www.budream.com\/de\/wp-json\/wp\/v2\/media\/127313"}],"wp:attachment":[{"href":"https:\/\/www.budream.com\/de\/wp-json\/wp\/v2\/media?parent=127319"}],"wp:term":[{"taxonomy":"product_brand","embeddable":true,"href":"https:\/\/www.budream.com\/de\/wp-json\/wp\/v2\/product_brand?post=127319"},{"taxonomy":"product_cat","embeddable":true,"href":"https:\/\/www.budream.com\/de\/wp-json\/wp\/v2\/product_cat?post=127319"},{"taxonomy":"product_tag","embeddable":true,"href":"https:\/\/www.budream.com\/de\/wp-json\/wp\/v2\/product_tag?post=127319"}],"curies":[{"name":"wp","href":"https:\/\/api.w.org\/{rel}","templated":true}]}}