{"id":127349,"date":"2025-07-30T20:41:05","date_gmt":"2025-07-30T18:41:05","guid":{"rendered":"https:\/\/www.budream.com\/shop\/grenzenlos-tera-v3-tragbarer-verdampfer\/"},"modified":"2025-12-23T12:53:06","modified_gmt":"2025-12-23T10:53:06","slug":"grenzenlos-tera-v3-tragbarer-verdampfer","status":"publish","type":"product","link":"https:\/\/www.budream.com\/de\/shop\/grenzenlos-tera-v3-tragbarer-verdampfer\/","title":{"rendered":"GRENZENLOS &#8211; TERA V3 TRAGBARER VERDAMPFER"},"content":{"rendered":"<p class=\"p1\">Boundless <strong>Tera ist <\/strong> der neue Konvektionsverdampfer von BOUNDLESS, mit <strong>zwei<\/strong> austauschbaren <strong>18650 Lithium-Batterien<\/strong>, vollst\u00e4ndiger Temperaturkontrolle, leicht zu reinigenden magnetischen Elementen und einem revolution\u00e4ren Konvektionssystem!<br \/>Mit einem kompakten Design und einer robusten Konstruktion <strong>ist der Boundless Tera <\/strong> perfekt f\u00fcr diejenigen, die den Vaporizer den ganzen Tag benutzen und nicht auf die Qualit\u00e4t der Konvektionsverdampfungstechnologie verzichten wollen.<\/p>\n<h2 class=\"p1\"><strong><span style=\"text-decoration: underline\">Hauptmerkmale Boundless Tera V3<\/span>:<\/strong><\/h2>\n<ul style=\"list-style-type: disc\">\n<li>Ein 100% tragbarer Konvektionsverdampfer, der kompakt, ergonomisch und leistungsstark ist.<\/li>\n<li class=\"p1\">Die zwei 2500 mAh 18650 Lithium-Batterien garantieren hohe Leistung und Haltbarkeit von der ersten bis zur letzten Sitzung;<\/li>\n<li class=\"p1\">Die Verdampfungskammer aus rostfreiem Stahl ist sehr ger\u00e4umig, ganz im Stil von BOUNDLESS, und erm\u00f6glicht eine perfekte Verdampfung durch Konvektion und Strahlungsw\u00e4rme\u00fcbertragung, vom ersten bis zum letzten Zug.<\/li>\n<li class=\"p1\">Das Ersatzmundst\u00fcck aus Glas, der Adapter f\u00fcr Bongs und Wasserfilter und das Edelstahlpad f\u00fcr Extrakte und Konzentrate machen ihn perfekt f\u00fcr jede Gelegenheit!<\/li>\n<\/ul>\n<p><\/p>\n<h2 class=\"p1\"><strong><span style=\"text-decoration: underline\">Technische Daten Boundless Tera V3<\/span>:<\/strong><\/h2>\n<ul style=\"list-style-type: disc\">\n<li>Dampfen: Getrocknete Kr\u00e4uter und Konzentrate<\/li>\n<li>Temperaturstufen: 60&deg; &#8211; 230&deg; C<\/li>\n<li>Aufheizgeschwindigkeit: 30 Sekunden<\/li>\n<li>Heizsystem: Konvektion<\/li>\n<li>Material der Verbrennungskammer: Edelstahl<\/li>\n<li>Batteriekapazit\u00e4t: zwischen 1 und 2 Stunden<\/li>\n<li>Aufladezeit: 2-3 Stunden<\/li>\n<li>Kompatible Ladeger\u00e4te: USB und Ladeger\u00e4t<\/li>\n<li>Abmessungen: 5,7 x 10,7 cm<\/li>\n<li>Gewicht: 279 g<\/li>\n<\/ul>\n<p><span style=\"text-decoration: underline\"><strong><span style=\"font-size: 12pt\">IN DER BOX ENTHALTEN<\/span>:<\/strong><\/span><\/p>\n<ul style=\"list-style-type: disc\">\n<li>Verdampfer Boundless Tera V3<\/li>\n<li>Gebrauchsanweisung<\/li>\n<li>USB-Kabel<\/li>\n<li>2 18650er Batterien<\/li>\n<li>Kunststoff-Mundst\u00fcck<\/li>\n<li>Glas-Mundst\u00fcck<\/li>\n<li>Extraktionskissen<\/li>\n<li>Dabber<\/li>\n<li>Reinigungsb\u00fcrste<\/li>\n<li>Ersatznetze<\/li>\n<\/ul>\n","protected":false},"excerpt":{"rendered":"<p>Boundless Tera ist der neue Konvektionsverdampfer von BOUNDLESS, mit zwei austauschbaren 18650 Lithium-Batterien, vollst\u00e4ndiger Temperaturkontrolle, leicht zu reinigenden magnetischen Elementen<\/p>\n","protected":false},"featured_media":127333,"comment_status":"open","ping_status":"closed","template":"","meta":[],"product_brand":[],"product_cat":[1179],"product_tag":[],"class_list":{"0":"post-127349","1":"product","2":"type-product","3":"status-publish","4":"has-post-thumbnail","6":"product_cat-vaporizzatori","8":"first","9":"outofstock","10":"taxable","11":"shipping-taxable","12":"purchasable","13":"product-type-simple"},"aioseo_notices":[],"_links":{"self":[{"href":"https:\/\/www.budream.com\/de\/wp-json\/wp\/v2\/product\/127349","targetHints":{"allow":["GET"]}}],"collection":[{"href":"https:\/\/www.budream.com\/de\/wp-json\/wp\/v2\/product"}],"about":[{"href":"https:\/\/www.budream.com\/de\/wp-json\/wp\/v2\/types\/product"}],"replies":[{"embeddable":true,"href":"https:\/\/www.budream.com\/de\/wp-json\/wp\/v2\/comments?post=127349"}],"version-history":[{"count":0,"href":"https:\/\/www.budream.com\/de\/wp-json\/wp\/v2\/product\/127349\/revisions"}],"wp:featuredmedia":[{"embeddable":true,"href":"https:\/\/www.budream.com\/de\/wp-json\/wp\/v2\/media\/127333"}],"wp:attachment":[{"href":"https:\/\/www.budream.com\/de\/wp-json\/wp\/v2\/media?parent=127349"}],"wp:term":[{"taxonomy":"product_brand","embeddable":true,"href":"https:\/\/www.budream.com\/de\/wp-json\/wp\/v2\/product_brand?post=127349"},{"taxonomy":"product_cat","embeddable":true,"href":"https:\/\/www.budream.com\/de\/wp-json\/wp\/v2\/product_cat?post=127349"},{"taxonomy":"product_tag","embeddable":true,"href":"https:\/\/www.budream.com\/de\/wp-json\/wp\/v2\/product_tag?post=127349"}],"curies":[{"name":"wp","href":"https:\/\/api.w.org\/{rel}","templated":true}]}}