{"id":127394,"date":"2025-07-30T20:44:57","date_gmt":"2025-07-30T18:44:57","guid":{"rendered":"https:\/\/www.budream.com\/shop\/davinci-miqro-serie-flaches-mundstueck\/"},"modified":"2025-12-23T21:23:01","modified_gmt":"2025-12-23T19:23:01","slug":"davinci-miqro-serie-flaches-mundstueck","status":"publish","type":"product","link":"https:\/\/www.budream.com\/de\/shop\/davinci-miqro-serie-flaches-mundstueck\/","title":{"rendered":"DAVINCI &#8211; MIQRO SERIE FLACHES MUNDST\u00dcCK"},"content":{"rendered":"<p>Dieses Mundst\u00fcck aus 100% Zirkoniumdioxid-Keramik erm\u00f6glicht es Ihnen, bei jeder Sitzung den reinsten Geschmack zu genie\u00dfen.<br \/>Das flache Mundst\u00fcck bleibt sauber und macht den Vaporizer bequemer zu transportieren.<\/p>\n<h2><span style=\"text-decoration: underline\">DAVINCI &#8211; miqro Serie flaches Mundst\u00fcck:<\/span><\/h2>\n<ul style=\"list-style-type: disc\">\n<li>Flaches Mundst\u00fcck f\u00fcr MIQRO und MIQRO-C<\/li>\n<li>100% Zirkoniumdioxid<\/li>\n<li>Silikonstopfen NICHT enthalten<\/li>\n<\/ul>\n","protected":false},"excerpt":{"rendered":"<p>Dieses Mundst\u00fcck aus 100% Zirkoniumdioxid-Keramik erm\u00f6glicht es Ihnen, bei jeder Sitzung den reinsten Geschmack zu genie\u00dfen.Das flache Mundst\u00fcck bleibt sauber<\/p>\n","protected":false},"featured_media":127388,"comment_status":"open","ping_status":"closed","template":"","meta":[],"product_brand":[],"product_cat":[7907],"product_tag":[],"class_list":{"0":"post-127394","1":"product","2":"type-product","3":"status-publish","4":"has-post-thumbnail","6":"product_cat-verdampfer","8":"first","9":"instock","10":"sale","11":"taxable","12":"shipping-taxable","13":"purchasable","14":"product-type-simple"},"aioseo_notices":[],"_links":{"self":[{"href":"https:\/\/www.budream.com\/de\/wp-json\/wp\/v2\/product\/127394","targetHints":{"allow":["GET"]}}],"collection":[{"href":"https:\/\/www.budream.com\/de\/wp-json\/wp\/v2\/product"}],"about":[{"href":"https:\/\/www.budream.com\/de\/wp-json\/wp\/v2\/types\/product"}],"replies":[{"embeddable":true,"href":"https:\/\/www.budream.com\/de\/wp-json\/wp\/v2\/comments?post=127394"}],"version-history":[{"count":0,"href":"https:\/\/www.budream.com\/de\/wp-json\/wp\/v2\/product\/127394\/revisions"}],"wp:featuredmedia":[{"embeddable":true,"href":"https:\/\/www.budream.com\/de\/wp-json\/wp\/v2\/media\/127388"}],"wp:attachment":[{"href":"https:\/\/www.budream.com\/de\/wp-json\/wp\/v2\/media?parent=127394"}],"wp:term":[{"taxonomy":"product_brand","embeddable":true,"href":"https:\/\/www.budream.com\/de\/wp-json\/wp\/v2\/product_brand?post=127394"},{"taxonomy":"product_cat","embeddable":true,"href":"https:\/\/www.budream.com\/de\/wp-json\/wp\/v2\/product_cat?post=127394"},{"taxonomy":"product_tag","embeddable":true,"href":"https:\/\/www.budream.com\/de\/wp-json\/wp\/v2\/product_tag?post=127394"}],"curies":[{"name":"wp","href":"https:\/\/api.w.org\/{rel}","templated":true}]}}