{"id":127404,"date":"2025-07-30T20:45:27","date_gmt":"2025-07-30T18:45:27","guid":{"rendered":"https:\/\/www.budream.com\/shop\/davinci-miqro-serie-zubehoer-kit\/"},"modified":"2025-12-23T21:26:04","modified_gmt":"2025-12-23T19:26:04","slug":"davinci-miqro-serie-zubehoer-kit","status":"publish","type":"product","link":"https:\/\/www.budream.com\/de\/shop\/davinci-miqro-serie-zubehoer-kit\/","title":{"rendered":"DAVINCI &#8211; MIQRO SERIE ZUBEH\u00d6R KIT"},"content":{"rendered":"<p>Alles, was Sie f\u00fcr die ordnungsgem\u00e4\u00dfe Reinigung und Pflege Ihres MIQRO und MIQRO-C ben\u00f6tigen! Verschlei\u00df-Set f\u00fcr Ihren Lieblingsverdampfer.<\/p>\n<p><\/p>\n<h2><span style=\"text-decoration: underline\">Davinci &#8211; Miqro Accessory Kit enth\u00e4lt:<\/span><\/h2>\n<ul style=\"list-style-type: disc\">\n<li>4 in Isopropylalkohol getr\u00e4nkte T\u00fccher;<\/li>\n<li>4 Pfeifenreiniger;<\/li>\n<li>1 Dabberhalter mit Ring;<\/li>\n<li>1 Ersatzset f\u00fcr Pearl;<\/li>\n<\/ul>\n","protected":false},"excerpt":{"rendered":"<p>Alles, was Sie f\u00fcr die ordnungsgem\u00e4\u00dfe Reinigung und Pflege Ihres MIQRO und MIQRO-C ben\u00f6tigen! Verschlei\u00df-Set f\u00fcr Ihren Lieblingsverdampfer. Davinci &#8211;<\/p>\n","protected":false},"featured_media":127398,"comment_status":"open","ping_status":"closed","template":"","meta":[],"product_brand":[],"product_cat":[7907],"product_tag":[],"class_list":{"0":"post-127404","1":"product","2":"type-product","3":"status-publish","4":"has-post-thumbnail","6":"product_cat-verdampfer","8":"first","9":"instock","10":"sale","11":"taxable","12":"shipping-taxable","13":"purchasable","14":"product-type-simple"},"aioseo_notices":[],"_links":{"self":[{"href":"https:\/\/www.budream.com\/de\/wp-json\/wp\/v2\/product\/127404","targetHints":{"allow":["GET"]}}],"collection":[{"href":"https:\/\/www.budream.com\/de\/wp-json\/wp\/v2\/product"}],"about":[{"href":"https:\/\/www.budream.com\/de\/wp-json\/wp\/v2\/types\/product"}],"replies":[{"embeddable":true,"href":"https:\/\/www.budream.com\/de\/wp-json\/wp\/v2\/comments?post=127404"}],"version-history":[{"count":0,"href":"https:\/\/www.budream.com\/de\/wp-json\/wp\/v2\/product\/127404\/revisions"}],"wp:featuredmedia":[{"embeddable":true,"href":"https:\/\/www.budream.com\/de\/wp-json\/wp\/v2\/media\/127398"}],"wp:attachment":[{"href":"https:\/\/www.budream.com\/de\/wp-json\/wp\/v2\/media?parent=127404"}],"wp:term":[{"taxonomy":"product_brand","embeddable":true,"href":"https:\/\/www.budream.com\/de\/wp-json\/wp\/v2\/product_brand?post=127404"},{"taxonomy":"product_cat","embeddable":true,"href":"https:\/\/www.budream.com\/de\/wp-json\/wp\/v2\/product_cat?post=127404"},{"taxonomy":"product_tag","embeddable":true,"href":"https:\/\/www.budream.com\/de\/wp-json\/wp\/v2\/product_tag?post=127404"}],"curies":[{"name":"wp","href":"https:\/\/api.w.org\/{rel}","templated":true}]}}