{"id":127444,"date":"2025-07-30T20:47:35","date_gmt":"2025-07-30T18:47:35","guid":{"rendered":"https:\/\/www.budream.com\/shop\/enecta-c2400-hempfoel-mit-cbd-10ml-2400mg\/"},"modified":"2026-03-12T10:47:07","modified_gmt":"2026-03-12T08:47:07","slug":"enecta-c2400-hempfoel-mit-cbd-10ml-2400mg","status":"publish","type":"product","link":"https:\/\/www.budream.com\/de\/shop\/enecta-c2400-hempfoel-mit-cbd-10ml-2400mg\/","title":{"rendered":"ENECTA &#8211; C2400 HEMPF\u00d6L MIT CBD | 10ml 2400mg"},"content":{"rendered":"<p>Das<strong>CBD-\u00d6l von Enecta<\/strong> wird in spezialisierten und zertifizierten Laboratorien unter strengen und strikten Vorschriften im Rahmen der GMP-Zertifizierung (Good Manufacturing Practices) hergestellt und auf <strong>Reinheit und Sicherheit<\/strong> gepr\u00fcft und ist v\u00f6llig frei von synthetischen Inhaltsstoffen.<\/p>\n<p><strong><i>Enecta Produkte:<\/i><\/strong><\/p>\n<ul style=\"list-style-type: disc\">\n<li>sind keine Arzneimittel;<\/li>\n<li>werden aus Hanfsorten gewonnen, die im Gemeinsamen Europ\u00e4ischen Register aufgef\u00fchrt sind, und erf\u00fcllen die \u00fcbrigen Anforderungen der Verordnung 242\/2016<\/li>\n<li>sind f\u00fcr die nicht-orale kosmetische Anwendung bestimmt<\/li>\n<li><i>wurden ordnungsgem\u00e4\u00df im CPNP (Europ\u00e4isches Portal f\u00fcr kosmetische Mittel) angemeldet (<a href=\"https:\/\/drive.google.com\/file\/d\/1_kVn5dMNBxlPtXESytNgCTQCB5_W48uX\/view?usp=sharing\">Registrierungsnummer 2856608<\/a>).<\/i><\/li>\n<\/ul>\n<p><\/p>\n<h2><span style=\"text-decoration: underline\">ENECTA C2400 HANF\u00d6L MIT CBD<\/span>:<\/h2>\n<p>Kaltgepresstes Hanfsamen\u00f6l, Cannabidiol, Terpene, Vitamin E, andere nat\u00fcrlich im Extrakt enthaltene Hanfmolek\u00fcle.<\/p>\n<p>Jede Flasche enth\u00e4lt 10 ml Bio-Cannabis-Extrakt mit <strong>24% CBD<\/strong> (2400 mg).<\/p>\n<p>Gewonnen durch Kaltpressung von Hanf-Sativa-Samen.<br \/>C2400 enth\u00e4lt Inhaltsstoffe von h\u00f6chster Qualit\u00e4t und Reinheit, deren Eigenschaften synergetisch zusammenwirken, um die beruhigende Wirkung zu erzielen.<\/p>\n<p>An einem k\u00fchlen, trockenen Ort aufbewahren.<\/p>\n<p><strong>Enth\u00e4lt 2400 mg CBD<\/strong>.<\/p>\n","protected":false},"excerpt":{"rendered":"<p>DasCBD-\u00d6l von Enecta wird in spezialisierten und zertifizierten Laboratorien unter strengen und strikten Vorschriften im Rahmen der GMP-Zertifizierung (Good Manufacturing<\/p>\n","protected":false},"featured_media":127438,"comment_status":"open","ping_status":"closed","template":"","meta":[],"product_brand":[],"product_cat":[7911],"product_tag":[],"class_list":{"0":"post-127444","1":"product","2":"type-product","3":"status-publish","4":"has-post-thumbnail","6":"product_cat-cosmetics","8":"first","9":"instock","10":"taxable","11":"shipping-taxable","12":"purchasable","13":"product-type-simple"},"_links":{"self":[{"href":"https:\/\/www.budream.com\/de\/wp-json\/wp\/v2\/product\/127444","targetHints":{"allow":["GET"]}}],"collection":[{"href":"https:\/\/www.budream.com\/de\/wp-json\/wp\/v2\/product"}],"about":[{"href":"https:\/\/www.budream.com\/de\/wp-json\/wp\/v2\/types\/product"}],"replies":[{"embeddable":true,"href":"https:\/\/www.budream.com\/de\/wp-json\/wp\/v2\/comments?post=127444"}],"version-history":[{"count":0,"href":"https:\/\/www.budream.com\/de\/wp-json\/wp\/v2\/product\/127444\/revisions"}],"wp:featuredmedia":[{"embeddable":true,"href":"https:\/\/www.budream.com\/de\/wp-json\/wp\/v2\/media\/127438"}],"wp:attachment":[{"href":"https:\/\/www.budream.com\/de\/wp-json\/wp\/v2\/media?parent=127444"}],"wp:term":[{"taxonomy":"product_brand","embeddable":true,"href":"https:\/\/www.budream.com\/de\/wp-json\/wp\/v2\/product_brand?post=127444"},{"taxonomy":"product_cat","embeddable":true,"href":"https:\/\/www.budream.com\/de\/wp-json\/wp\/v2\/product_cat?post=127444"},{"taxonomy":"product_tag","embeddable":true,"href":"https:\/\/www.budream.com\/de\/wp-json\/wp\/v2\/product_tag?post=127444"}],"curies":[{"name":"wp","href":"https:\/\/api.w.org\/{rel}","templated":true}]}}